{"id":6719,"date":"2021-05-04T14:17:13","date_gmt":"2021-05-04T11:17:13","guid":{"rendered":"https:\/\/www.vempele.fi\/?post_type=product&#038;p=6719"},"modified":"2026-04-15T22:06:53","modified_gmt":"2026-04-15T19:06:53","slug":"tesla-model-3-tradlos-obd2-adapter-elm327-v1-5-bluetooth","status":"publish","type":"product","link":"https:\/\/www.vempele.fi\/da\/tuote\/tesla-model-3-langaton-obd2-adapteri-elm327-v1-5-bluetooth\/","title":{"rendered":"Tesla OBD2-adapter - ELM327 - V1.5 - Bluetooth"},"content":{"rendered":"<p>Passer til alle Tesla-modeller - Model 3 \/ Model S \/ Model X \/ Model Y<\/p>\n<p>Testet af forhandleren for at fungere <a href=\"https:\/\/www.scanmytesla.com\/\" target=\"_blank\" rel=\"noopener\">ScanMyTesla<\/a> Med Android-appen. <strong>Virker ikke p\u00e5 iOS-enheder. <\/strong>Meget p\u00e5lidelig, selv i l\u00e6ngere perioder (hvis du vil have den t\u00e6ndt hele tiden, mens du k\u00f8rer). Den er ikke helt s\u00e5 hurtig som OBDLink-donglerne, men prisen er betydeligt billigere.<\/p>\n<ul>\n<li>ELM327 v1.5<\/li>\n<li>OBD2-stik med 16 ben<\/li>\n<li>ELM327-kredsl\u00f8b<\/li>\n<li>Forbundet mellem de bageste stik inde i midterkonsollen<\/li>\n<li>Kompatibel med ISO9141 \/ KWP2000 OBD II-protokoller<\/li>\n<li>Underst\u00f8tter VPW \/ PWM \/ CAN-protokoller<\/li>\n<li>Indikation af driftstilstand med LED-lys<\/li>\n<li>Navn: OBD2 bluetooth-adapter til Tesla - diagnostisk scanner<\/li>\n<\/ul>","protected":false},"excerpt":{"rendered":"<p>Tesla Model 3 \/ Model S \/ Model X \/ Model Y - Tr\u00e5dl\u00f8s Bluetooth OBD 2-adapter med ELM327 v1.5-chip. Kraftfuldt diagnosev\u00e6rkt\u00f8j, der fungerer med alle OBD-protokoller, inklusive CAN-bus.<\/p>\n<p>L\u00e6s mere om det <a href=\"https:\/\/sites.google.com\/view\/scanmytesla\/home\" target=\"_blank\" rel=\"noopener\">Scanmytesla <\/a>fra appen.<\/p>\n<p><strong>Virker ikke p\u00e5 iOS-enheder, kun til Android<\/strong><\/p>","protected":false},"featured_media":6722,"comment_status":"open","ping_status":"closed","template":"","meta":[],"product_brand":[],"product_cat":[151,152,153,154,452,453,454,455,480,485,487,482,128],"product_tag":[158,156,157,121],"class_list":{"0":"post-6719","1":"product","2":"type-product","3":"status-publish","4":"has-post-thumbnail","6":"product_cat-model-3","7":"product_cat-model-s","8":"product_cat-model-x","9":"product_cat-model-y","10":"product_cat-m3-tarvikkeet","11":"product_cat-ms-tarvikkeet","12":"product_cat-mx-tarvikkeet","13":"product_cat-my-tarvikkeet","14":"product_cat-tarvikkeet-sisapuolelle-model-3","15":"product_cat-tarvikkeet-sisapuolelle-model-s","16":"product_cat-tarvikkeet-sisapuolelle-model-x","17":"product_cat-tarvikkeet-sisapuolelle-model-y","18":"product_cat-tesla-tuotteet","19":"product_tag-diagnostiikka","20":"product_tag-model-3","21":"product_tag-obd2","22":"product_tag-tesla","24":"first","25":"instock","26":"taxable","27":"shipping-taxable","28":"purchasable","29":"product-type-simple"},"jetpack_sharing_enabled":true,"_links":{"self":[{"href":"https:\/\/www.vempele.fi\/da\/wp-json\/wp\/v2\/product\/6719","targetHints":{"allow":["GET"]}}],"collection":[{"href":"https:\/\/www.vempele.fi\/da\/wp-json\/wp\/v2\/product"}],"about":[{"href":"https:\/\/www.vempele.fi\/da\/wp-json\/wp\/v2\/types\/product"}],"replies":[{"embeddable":true,"href":"https:\/\/www.vempele.fi\/da\/wp-json\/wp\/v2\/comments?post=6719"}],"wp:featuredmedia":[{"embeddable":true,"href":"https:\/\/www.vempele.fi\/da\/wp-json\/wp\/v2\/media\/6722"}],"wp:attachment":[{"href":"https:\/\/www.vempele.fi\/da\/wp-json\/wp\/v2\/media?parent=6719"}],"wp:term":[{"taxonomy":"product_brand","embeddable":true,"href":"https:\/\/www.vempele.fi\/da\/wp-json\/wp\/v2\/product_brand?post=6719"},{"taxonomy":"product_cat","embeddable":true,"href":"https:\/\/www.vempele.fi\/da\/wp-json\/wp\/v2\/product_cat?post=6719"},{"taxonomy":"product_tag","embeddable":true,"href":"https:\/\/www.vempele.fi\/da\/wp-json\/wp\/v2\/product_tag?post=6719"}],"curies":[{"name":"wp","href":"https:\/\/api.w.org\/{rel}","templated":true}]}}