{"id":6842,"date":"2021-05-19T10:08:15","date_gmt":"2021-05-19T07:08:15","guid":{"rendered":"https:\/\/www.vempele.fi\/?post_type=product&#038;p=6842"},"modified":"2026-02-05T10:46:03","modified_gmt":"2026-02-05T08:46:03","slug":"jordreflekterende-dorlys-tesla-til-modeller-3-y-s-x","status":"publish","type":"product","link":"https:\/\/www.vempele.fi\/da\/tuote\/maahan-heijastuvat-ovivalot-tesla-malleille-3-y-s-x\/","title":{"rendered":"Jordreflekterende d\u00f8rlys - Tesla Model 3 \/ Y \/ S \/ X"},"content":{"rendered":"<p>LED halo-lys til spotlight p\u00e5 bild\u00f8ren. Pakken indeholder 2 lamper.<\/p>\n<ul>\n<li>Kompatible bilmodeller:\n<ul>\n<li>Model 3<\/li>\n<li>Model S<\/li>\n<li>Model X<\/li>\n<li>Model Y 2020 - 2024<\/li>\n<\/ul>\n<\/li>\n<\/ul>\n<p>P\u00e5 nogle modeller kan det v\u00e6re n\u00f8dvendigt at trimme hullets kanter for at f\u00e5 plads til lyset.<\/p>","protected":false},"excerpt":{"rendered":"<p>Tesla Model 3\/Y\/S\/X's d\u00f8rlys reflekteres p\u00e5 jorden.<\/p>\n<p>Med d\u00f8rlys, der reflekterer p\u00e5 jorden, kan du f\u00e5 en banal opgave som at \u00e5bne en bild\u00f8r til at se spektakul\u00e6r ud! D\u00f8rlyset reflekterer Tesla-logoet mod jorden, n\u00e5r du \u00e5bner bild\u00f8ren. Lysene g\u00f8r det ogs\u00e5 nemmere at se vandpytter og andre ting, man skal undg\u00e5, n\u00e5r man stiger ud af bilen i m\u00f8rket.<\/p>","protected":false},"featured_media":6844,"comment_status":"open","ping_status":"closed","template":"","meta":[],"product_brand":[],"product_cat":[151,152,153,154,452,453,454,455,481,484,486,483,128],"product_tag":[404,121,120,122,123,203],"class_list":{"0":"post-6842","1":"product","2":"type-product","3":"status-publish","4":"has-post-thumbnail","6":"product_cat-model-3","7":"product_cat-model-s","8":"product_cat-model-x","9":"product_cat-model-y","10":"product_cat-m3-tarvikkeet","11":"product_cat-ms-tarvikkeet","12":"product_cat-mx-tarvikkeet","13":"product_cat-my-tarvikkeet","14":"product_cat-tarvikkeet-ulkopuolelle-model-3","15":"product_cat-tarvikkeet-ulkopuolelle-model-s","16":"product_cat-tarvikkeet-ulkopuolelle-model-x","17":"product_cat-tarvikkeet-ulkopuolelle-model-y","18":"product_cat-tesla-tuotteet","19":"product_tag-ovivalot","20":"product_tag-tesla","21":"product_tag-tesla-model-3","22":"product_tag-tesla-model-s","23":"product_tag-tesla-model-x","24":"product_tag-tesla-model-y","26":"first","27":"outofstock","28":"taxable","29":"shipping-taxable","30":"purchasable","31":"product-type-simple"},"jetpack_sharing_enabled":true,"_links":{"self":[{"href":"https:\/\/www.vempele.fi\/da\/wp-json\/wp\/v2\/product\/6842","targetHints":{"allow":["GET"]}}],"collection":[{"href":"https:\/\/www.vempele.fi\/da\/wp-json\/wp\/v2\/product"}],"about":[{"href":"https:\/\/www.vempele.fi\/da\/wp-json\/wp\/v2\/types\/product"}],"replies":[{"embeddable":true,"href":"https:\/\/www.vempele.fi\/da\/wp-json\/wp\/v2\/comments?post=6842"}],"wp:featuredmedia":[{"embeddable":true,"href":"https:\/\/www.vempele.fi\/da\/wp-json\/wp\/v2\/media\/6844"}],"wp:attachment":[{"href":"https:\/\/www.vempele.fi\/da\/wp-json\/wp\/v2\/media?parent=6842"}],"wp:term":[{"taxonomy":"product_brand","embeddable":true,"href":"https:\/\/www.vempele.fi\/da\/wp-json\/wp\/v2\/product_brand?post=6842"},{"taxonomy":"product_cat","embeddable":true,"href":"https:\/\/www.vempele.fi\/da\/wp-json\/wp\/v2\/product_cat?post=6842"},{"taxonomy":"product_tag","embeddable":true,"href":"https:\/\/www.vempele.fi\/da\/wp-json\/wp\/v2\/product_tag?post=6842"}],"curies":[{"name":"wp","href":"https:\/\/api.w.org\/{rel}","templated":true}]}}