{"id":7114,"date":"2021-07-20T10:32:42","date_gmt":"2021-07-20T07:32:42","guid":{"rendered":"https:\/\/www.vempele.fi\/?post_type=product&#038;p=7114"},"modified":"2026-04-22T09:25:39","modified_gmt":"2026-04-22T06:25:39","slug":"tesla-model-3-dortaetninger","status":"publish","type":"product","link":"https:\/\/www.vempele.fi\/da\/tuote\/tesla-model-3-ovitiivisteet\/","title":{"rendered":"D\u00f8rpakninger - Tesla Model 3"},"content":{"rendered":"<p><b>Information om produktet:<\/b><\/p>\n<ul>\n<li>Kompatibilitet:\n<ul>\n<li>Model 3 Pre-Refresh vm. 2019 - 2021<\/li>\n<li>Model 3 Refresh vm. 2021 - 2023<\/li>\n<li>Model 3 Highland vm. 2024 - Bem\u00e6rk!!!\n<ul>D\u00f8rene passer, som de er, bagagerummet kr\u00e6ver et ekstra snit, og bagklappen er lidt anderledes, s\u00e5 den passer ikke lige, men ved at justere og bruge et ekstra stykke bagagerum p\u00e5 bagklappen kan du ogs\u00e5 dreje den ind.<\/ul>\n<\/li>\n<\/ul>\n<\/li>\n<li>Farve: Sort<\/li>\n<li>Fremstillingsland: Kina<\/li>\n<\/ul>\n<p>Pakken indeholder d\u00f8rt\u00e6tninger til fire d\u00f8re samt til for- og bagd\u00f8r!<\/p>","protected":false},"excerpt":{"rendered":"<p><strong>Indeholder nu ogs\u00e5 for- og bagd\u00f8rst\u00e6tninger!<\/strong><\/p>\n<p>D\u00f8rpakninger til Tesla Model 3. T\u00e6tningerne giver en vis st\u00f8jreduktion, men deres vigtigste funktion er at holde d\u00f8rene og t\u00e6rsklerne rene.<\/p>\n<p>Monteringspunkterne er markeret p\u00e5 pakningerne, hvilket g\u00f8r installationen nem.<\/p>\n<p>Pakket med d\u00f8rt\u00e6tninger til hver af de fire d\u00f8re samt for- og bagd\u00f8r!<\/p>\n<p>Se <a href=\"https:\/\/www.youtube.com\/watch?v=Jvv4K57nh8I\" target=\"_blank\" rel=\"noopener\">Her<\/a> video om installation af t\u00e6tninger!<\/p>","protected":false},"featured_media":25988,"comment_status":"open","ping_status":"closed","template":"","meta":[],"product_brand":[],"product_cat":[151,452,480,128],"product_tag":[156,121,578],"class_list":{"0":"post-7114","1":"product","2":"type-product","3":"status-publish","4":"has-post-thumbnail","6":"product_cat-model-3","7":"product_cat-m3-tarvikkeet","8":"product_cat-tarvikkeet-sisapuolelle-model-3","9":"product_cat-tesla-tuotteet","10":"product_tag-model-3","11":"product_tag-tesla","12":"product_tag-tiivisteet","14":"first","15":"instock","16":"taxable","17":"shipping-taxable","18":"purchasable","19":"product-type-simple"},"jetpack_sharing_enabled":true,"_links":{"self":[{"href":"https:\/\/www.vempele.fi\/da\/wp-json\/wp\/v2\/product\/7114","targetHints":{"allow":["GET"]}}],"collection":[{"href":"https:\/\/www.vempele.fi\/da\/wp-json\/wp\/v2\/product"}],"about":[{"href":"https:\/\/www.vempele.fi\/da\/wp-json\/wp\/v2\/types\/product"}],"replies":[{"embeddable":true,"href":"https:\/\/www.vempele.fi\/da\/wp-json\/wp\/v2\/comments?post=7114"}],"wp:featuredmedia":[{"embeddable":true,"href":"https:\/\/www.vempele.fi\/da\/wp-json\/wp\/v2\/media\/25988"}],"wp:attachment":[{"href":"https:\/\/www.vempele.fi\/da\/wp-json\/wp\/v2\/media?parent=7114"}],"wp:term":[{"taxonomy":"product_brand","embeddable":true,"href":"https:\/\/www.vempele.fi\/da\/wp-json\/wp\/v2\/product_brand?post=7114"},{"taxonomy":"product_cat","embeddable":true,"href":"https:\/\/www.vempele.fi\/da\/wp-json\/wp\/v2\/product_cat?post=7114"},{"taxonomy":"product_tag","embeddable":true,"href":"https:\/\/www.vempele.fi\/da\/wp-json\/wp\/v2\/product_tag?post=7114"}],"curies":[{"name":"wp","href":"https:\/\/api.w.org\/{rel}","templated":true}]}}