{"id":7145,"date":"2021-07-22T12:30:19","date_gmt":"2021-07-22T09:30:19","guid":{"rendered":"https:\/\/www.vempele.fi\/?post_type=product&#038;p=7145"},"modified":"2025-07-25T16:10:31","modified_gmt":"2025-07-25T13:10:31","slug":"tesla-model-3-solskaerme-til-tagvinduer","status":"publish","type":"product","link":"https:\/\/www.vempele.fi\/da\/tuote\/tesla-model-3-kattoikkunoiden-aurinkosuojat\/","title":{"rendered":"Solsk\u00e6rme til tagvinduer - Tesla Model 3"},"content":{"rendered":"<p>Let at montere - clipsene g\u00e5r bag bilens indtr\u00e6k og holder betr\u00e6kket p\u00e5 plads.<\/p>\n<p><b>Mere information<\/b><\/p>\n<ul>\n<li>Egnethed: til Tesla Model 3\n<ul>\n<li>\u00c5rlige modeller indtil 2020<\/li>\n<li>\u00c5rlige modeller fra 2021 og fremefter, inklusive Highland<\/li>\n<\/ul>\n<\/li>\n<li>I pakken:\n<ul>\n<li>2 x solsk\u00e6rme (en foran og en bagp\u00e5)<\/li>\n<li>Fastg\u00f8relsesclips<\/li>\n<\/ul>\n<\/li>\n<li>Farve: sort<\/li>\n<li>Pakkens m\u00e5l: 70 x 48 x 6 cm<\/li>\n<li>Pakkev\u00e6gt: 0,95 kg<\/li>\n<\/ul>","protected":false},"excerpt":{"rendered":"<p>Solsk\u00e6rmene p\u00e5 Tesla Model 3's tagvinduer beskytter mod bl\u00e6nding og \u00f8ger k\u00f8rekomforten.<\/p>\n<p>Tjek venligst model\u00e5ret p\u00e5 din bil, f\u00f8r du k\u00f8ber. Solsk\u00e6rme f\u00e5s til Model 3-modeller op til 2020 og fra 2021 og frem.<\/p>\n<p>Pakken indeholder to solcremer, en p\u00e5 forsiden og en p\u00e5 bagsiden.<\/p>","protected":false},"featured_media":7141,"comment_status":"open","ping_status":"closed","template":"","meta":[],"product_brand":[],"product_cat":[151,452,480,128],"product_tag":[198,121,120],"class_list":{"0":"post-7145","1":"product","2":"type-product","3":"status-publish","4":"has-post-thumbnail","6":"product_cat-model-3","7":"product_cat-m3-tarvikkeet","8":"product_cat-tarvikkeet-sisapuolelle-model-3","9":"product_cat-tesla-tuotteet","10":"product_tag-aurinkosuoja","11":"product_tag-tesla","12":"product_tag-tesla-model-3","14":"first","15":"outofstock","16":"taxable","17":"shipping-taxable","18":"purchasable","19":"product-type-variable"},"jetpack_sharing_enabled":true,"_links":{"self":[{"href":"https:\/\/www.vempele.fi\/da\/wp-json\/wp\/v2\/product\/7145","targetHints":{"allow":["GET"]}}],"collection":[{"href":"https:\/\/www.vempele.fi\/da\/wp-json\/wp\/v2\/product"}],"about":[{"href":"https:\/\/www.vempele.fi\/da\/wp-json\/wp\/v2\/types\/product"}],"replies":[{"embeddable":true,"href":"https:\/\/www.vempele.fi\/da\/wp-json\/wp\/v2\/comments?post=7145"}],"wp:featuredmedia":[{"embeddable":true,"href":"https:\/\/www.vempele.fi\/da\/wp-json\/wp\/v2\/media\/7141"}],"wp:attachment":[{"href":"https:\/\/www.vempele.fi\/da\/wp-json\/wp\/v2\/media?parent=7145"}],"wp:term":[{"taxonomy":"product_brand","embeddable":true,"href":"https:\/\/www.vempele.fi\/da\/wp-json\/wp\/v2\/product_brand?post=7145"},{"taxonomy":"product_cat","embeddable":true,"href":"https:\/\/www.vempele.fi\/da\/wp-json\/wp\/v2\/product_cat?post=7145"},{"taxonomy":"product_tag","embeddable":true,"href":"https:\/\/www.vempele.fi\/da\/wp-json\/wp\/v2\/product_tag?post=7145"}],"curies":[{"name":"wp","href":"https:\/\/api.w.org\/{rel}","templated":true}]}}