{"id":7190,"date":"2021-07-28T09:54:59","date_gmt":"2021-07-28T06:54:59","guid":{"rendered":"https:\/\/www.vempele.fi\/?post_type=product&#038;p=7190"},"modified":"2026-04-18T08:23:18","modified_gmt":"2026-04-18T05:23:18","slug":"sorte-midterkopper-pa-kanten-med-solvfarvet-logo","status":"publish","type":"product","link":"https:\/\/www.vempele.fi\/da\/tuote\/vanteen-mustat-keskiokupit-hopeisella-logolla\/","title":{"rendered":"Tesla - Sorte kantkopper med s\u00f8lvlogo (4 stk.)"},"content":{"rendered":"<p>Centerb\u00e6gre med kant, 4 stk.<\/p>\n<ul>\n<li>Kompatibilitet: Tesla Model 3\/S\/X\/Y\n<ul>\n<li>Ikke egnet til Photon-f\u00e6lge! Erstatningsprodukt kan findes <a href=\"https:\/\/www.vempele.fi\/da\/product-2\/faelgens-centerdaeksler-til-model-3-highland-photon-faelge\/\">her.<\/a><\/li>\n<\/ul>\n<\/li>\n<li>Farve: sort baggrund, s\u00f8lvfarvet logo<\/li>\n<li>Diameter: 56 mm<\/li>\n<li>M\u00e5l: 19 x 14 x 2,5 cm (emballage)<\/li>\n<li>V\u00e6gt: 70 g (pakke)<\/li>\n<li>Navn: Sorte centerkapsler med s\u00f8lvfarvet Tesla-logo (4 stk.)<\/li>\n<\/ul>\n<p>Bem\u00e6rk! Fjern det beskyttende klisterm\u00e6rke fra produktet f\u00f8r brug.<\/p>","protected":false},"excerpt":{"rendered":"<p>F\u00e6lgcenterkopper nu til en god pris fra Vempele til Tesla 3, S, X og Y-modeller, undtagen Photon-f\u00e6lgen!<\/p>\n<p>Pakke med 4 stilfulde sorte mellemkopper med s\u00f8lvfarvet logo.<\/p>\n<p>F\u00e6lgens centrale nav har et beskyttende klisterm\u00e6rke, som kan variere i udseende (gennemsigtigt\/m\u00f8nstret). Fjern venligst dette klisterm\u00e6rke f\u00f8r brug.<\/p>","protected":false},"featured_media":7195,"comment_status":"open","ping_status":"closed","template":"","meta":[],"product_brand":[],"product_cat":[151,152,153,154,452,453,454,455,481,484,486,483,128,456],"product_tag":[83,383,543,156,172,173,271,121],"class_list":{"0":"post-7190","1":"product","2":"type-product","3":"status-publish","4":"has-post-thumbnail","6":"product_cat-model-3","7":"product_cat-model-s","8":"product_cat-model-x","9":"product_cat-model-y","10":"product_cat-m3-tarvikkeet","11":"product_cat-ms-tarvikkeet","12":"product_cat-mx-tarvikkeet","13":"product_cat-my-tarvikkeet","14":"product_cat-tarvikkeet-ulkopuolelle-model-3","15":"product_cat-tarvikkeet-ulkopuolelle-model-s","16":"product_cat-tarvikkeet-ulkopuolelle-model-x","17":"product_cat-tarvikkeet-ulkopuolelle-model-y","18":"product_cat-tesla-tuotteet","19":"product_cat-vannetarvikkeet","20":"product_tag-autotarvikkeet","21":"product_tag-keskikupit","22":"product_tag-keskikuppi","23":"product_tag-model-3","24":"product_tag-model-s","25":"product_tag-model-x","26":"product_tag-model-y","27":"product_tag-tesla","29":"first","30":"instock","31":"taxable","32":"shipping-taxable","33":"purchasable","34":"product-type-simple"},"jetpack_sharing_enabled":true,"_links":{"self":[{"href":"https:\/\/www.vempele.fi\/da\/wp-json\/wp\/v2\/product\/7190","targetHints":{"allow":["GET"]}}],"collection":[{"href":"https:\/\/www.vempele.fi\/da\/wp-json\/wp\/v2\/product"}],"about":[{"href":"https:\/\/www.vempele.fi\/da\/wp-json\/wp\/v2\/types\/product"}],"replies":[{"embeddable":true,"href":"https:\/\/www.vempele.fi\/da\/wp-json\/wp\/v2\/comments?post=7190"}],"wp:featuredmedia":[{"embeddable":true,"href":"https:\/\/www.vempele.fi\/da\/wp-json\/wp\/v2\/media\/7195"}],"wp:attachment":[{"href":"https:\/\/www.vempele.fi\/da\/wp-json\/wp\/v2\/media?parent=7190"}],"wp:term":[{"taxonomy":"product_brand","embeddable":true,"href":"https:\/\/www.vempele.fi\/da\/wp-json\/wp\/v2\/product_brand?post=7190"},{"taxonomy":"product_cat","embeddable":true,"href":"https:\/\/www.vempele.fi\/da\/wp-json\/wp\/v2\/product_cat?post=7190"},{"taxonomy":"product_tag","embeddable":true,"href":"https:\/\/www.vempele.fi\/da\/wp-json\/wp\/v2\/product_tag?post=7190"}],"curies":[{"name":"wp","href":"https:\/\/api.w.org\/{rel}","templated":true}]}}