{"id":7196,"date":"2021-07-28T10:25:16","date_gmt":"2021-07-28T07:25:16","guid":{"rendered":"https:\/\/www.vempele.fi\/?post_type=product&#038;p=7196"},"modified":"2026-04-14T16:02:20","modified_gmt":"2026-04-14T13:02:20","slug":"tesla-model-3-y-visir-til-midterkonsol","status":"publish","type":"product","link":"https:\/\/www.vempele.fi\/da\/tuote\/tesla-model-3-y-keskikonsolin-naytonsuoja\/","title":{"rendered":"Glas til ber\u00f8ringssk\u00e6rm p\u00e5 midterkonsollen - Tesla Model 3 \/ Y"},"content":{"rendered":"<p>Gennemsigtig sk\u00e6rmbeskyttelse til midterkonsollen.<\/p>\n<p>Det anbefales at slukke for sk\u00e6rmen under installationen!<\/p>\n<ul>\n<li>Materiale: h\u00e6rdet glas<\/li>\n<li>Egnethed:\n<ul>\n<li>Model Y 2021 - 2024 <\/li>\n<li>Model 3 Pre-Refresh vm. 2019 - 2021<\/li>\n<li>Model 3 Refresh vm. 2021 - 2023<\/li>\n<\/ul>\n<\/li>\n<li>M\u00e5l: 35 x 23 cm<\/li>\n<li>Tykkelse: 0,33 mm<\/li>\n<li>Produktmuligheder: klar, mat og filtrering af bl\u00e5t lys<\/li>\n<li>Navn: Touchscreen-beskytter til midterkonsol blank\/mat\/bluelight til Tesla Model 3\/Y<\/li>\n<\/ul>","protected":false},"excerpt":{"rendered":"<p>Touchscreen-beskytter til midterkonsollen til Tesla Model 3 og Y. Forhindrer ridser p\u00e5 den ber\u00f8ringsf\u00f8lsomme sk\u00e6rm. Leveres i en robust indpakning. Vi anbefaler dog, at du kontrollerer, at touchscreen-beskyttelsen er intakt efter forsendelse.<\/p>\n<p>F\u00e5s nu i tre forskellige modeller!<\/p>\n<p><strong>Klar:<br \/>\n<\/strong>\u00a0Standard gennemsigtig klar sk\u00e6rmbeskyttelse<\/p>\n<p><strong>Matta:<br \/>\n<\/strong>\u00a0Den matte sk\u00e6rmbeskyttelse reflekterer ikke s\u00e5 meget lys, der rammer den<\/p>\n<p><strong>Filtrering af bl\u00e5t lys:<br \/>\n<\/strong>\u00a0Klar sk\u00e6rmbeskyttelse med filter mod bl\u00e5t lys.\u00a0<strong><br \/>\n<\/strong><\/p>\n<p>&nbsp;<\/p>\n<p>&nbsp;<\/p>","protected":false},"featured_media":14334,"comment_status":"open","ping_status":"closed","template":"","meta":[],"product_brand":[],"product_cat":[151,154,452,455,480,482,128],"product_tag":[83,234,201,121,120],"class_list":{"0":"post-7196","1":"product","2":"type-product","3":"status-publish","4":"has-post-thumbnail","6":"product_cat-model-3","7":"product_cat-model-y","8":"product_cat-m3-tarvikkeet","9":"product_cat-my-tarvikkeet","10":"product_cat-tarvikkeet-sisapuolelle-model-3","11":"product_cat-tarvikkeet-sisapuolelle-model-y","12":"product_cat-tesla-tuotteet","13":"product_tag-autotarvikkeet","14":"product_tag-kosketusnaytto","15":"product_tag-naytonsuoja","16":"product_tag-tesla","17":"product_tag-tesla-model-3","19":"first","20":"instock","21":"taxable","22":"shipping-taxable","23":"purchasable","24":"product-type-variable"},"jetpack_sharing_enabled":true,"_links":{"self":[{"href":"https:\/\/www.vempele.fi\/da\/wp-json\/wp\/v2\/product\/7196","targetHints":{"allow":["GET"]}}],"collection":[{"href":"https:\/\/www.vempele.fi\/da\/wp-json\/wp\/v2\/product"}],"about":[{"href":"https:\/\/www.vempele.fi\/da\/wp-json\/wp\/v2\/types\/product"}],"replies":[{"embeddable":true,"href":"https:\/\/www.vempele.fi\/da\/wp-json\/wp\/v2\/comments?post=7196"}],"wp:featuredmedia":[{"embeddable":true,"href":"https:\/\/www.vempele.fi\/da\/wp-json\/wp\/v2\/media\/14334"}],"wp:attachment":[{"href":"https:\/\/www.vempele.fi\/da\/wp-json\/wp\/v2\/media?parent=7196"}],"wp:term":[{"taxonomy":"product_brand","embeddable":true,"href":"https:\/\/www.vempele.fi\/da\/wp-json\/wp\/v2\/product_brand?post=7196"},{"taxonomy":"product_cat","embeddable":true,"href":"https:\/\/www.vempele.fi\/da\/wp-json\/wp\/v2\/product_cat?post=7196"},{"taxonomy":"product_tag","embeddable":true,"href":"https:\/\/www.vempele.fi\/da\/wp-json\/wp\/v2\/product_tag?post=7196"}],"curies":[{"name":"wp","href":"https:\/\/api.w.org\/{rel}","templated":true}]}}