{"id":7658,"date":"2021-08-31T08:20:33","date_gmt":"2021-08-31T05:20:33","guid":{"rendered":"https:\/\/www.vempele.fi\/?post_type=product&#038;p=7658"},"modified":"2026-04-21T18:01:51","modified_gmt":"2026-04-21T15:01:51","slug":"tesla-faelg-center-kopper-rod-4stk","status":"publish","type":"product","link":"https:\/\/www.vempele.fi\/da\/tuote\/tesla-vanteen-keskikupit-punainen-4kpl\/","title":{"rendered":"Tesla - F\u00e6lgcenterkopper sort med r\u00f8dt logo (4 stk.)"},"content":{"rendered":"<p>Tesla f\u00e6lgcenterkopper nu til en god pris fra Vempele til Tesla 3, S, X og Y modeller!<br \/>\nPakke med 4 sorte mellemkopper.<\/p>\n<ul>\n<li>Kompatibilitet: Tesla- og Zax-hjul (bem\u00e6rk: tjek venligst diameter)\n<ul>\n<li>Ikke egnet til Photon-f\u00e6lge! Erstatningsprodukt kan findes <a href=\"https:\/\/www.vempele.fi\/da\/product-2\/faelgens-centerdaeksler-til-model-3-highland-photon-faelge\/\">her.<\/a><\/li>\n<\/ul>\n<\/li>\n<li>Diameter 56 mm<\/li>\n<\/ul>","protected":false},"excerpt":{"rendered":"<p>Tesla - f\u00e6lgcenterkopper sort med r\u00f8dt logo (4 stk.). Synlige f\u00e6lgcenterkopper med r\u00f8dt Tesla-logo. Logoet er skinnende r\u00f8dt, og baggrundsfarven er sort. Centerkoppens diameter er 56 mm, tjek dine f\u00e6lge for at sikre, at det passer. De midterste f\u00e6lgkopper har et beskyttende klisterm\u00e6rke, hvis udseende kan variere afh\u00e6ngigt af partiet (gennemsigtigt, tyndt eller m\u00f8nstret). Fjern det beskyttende klisterm\u00e6rke f\u00f8r brug.<\/p>","protected":false},"featured_media":44768,"comment_status":"open","ping_status":"closed","template":"","meta":[],"product_brand":[],"product_cat":[151,152,153,154,452,453,454,455,481,484,486,483,128,456],"product_tag":[83,383,221,156,172,173,271,121],"class_list":{"0":"post-7658","1":"product","2":"type-product","3":"status-publish","4":"has-post-thumbnail","6":"product_cat-model-3","7":"product_cat-model-s","8":"product_cat-model-x","9":"product_cat-model-y","10":"product_cat-m3-tarvikkeet","11":"product_cat-ms-tarvikkeet","12":"product_cat-mx-tarvikkeet","13":"product_cat-my-tarvikkeet","14":"product_cat-tarvikkeet-ulkopuolelle-model-3","15":"product_cat-tarvikkeet-ulkopuolelle-model-s","16":"product_cat-tarvikkeet-ulkopuolelle-model-x","17":"product_cat-tarvikkeet-ulkopuolelle-model-y","18":"product_cat-tesla-tuotteet","19":"product_cat-vannetarvikkeet","20":"product_tag-autotarvikkeet","21":"product_tag-keskikupit","22":"product_tag-keskiokupit","23":"product_tag-model-3","24":"product_tag-model-s","25":"product_tag-model-x","26":"product_tag-model-y","27":"product_tag-tesla","29":"first","30":"instock","31":"taxable","32":"shipping-taxable","33":"purchasable","34":"product-type-simple"},"jetpack_sharing_enabled":true,"_links":{"self":[{"href":"https:\/\/www.vempele.fi\/da\/wp-json\/wp\/v2\/product\/7658","targetHints":{"allow":["GET"]}}],"collection":[{"href":"https:\/\/www.vempele.fi\/da\/wp-json\/wp\/v2\/product"}],"about":[{"href":"https:\/\/www.vempele.fi\/da\/wp-json\/wp\/v2\/types\/product"}],"replies":[{"embeddable":true,"href":"https:\/\/www.vempele.fi\/da\/wp-json\/wp\/v2\/comments?post=7658"}],"wp:featuredmedia":[{"embeddable":true,"href":"https:\/\/www.vempele.fi\/da\/wp-json\/wp\/v2\/media\/44768"}],"wp:attachment":[{"href":"https:\/\/www.vempele.fi\/da\/wp-json\/wp\/v2\/media?parent=7658"}],"wp:term":[{"taxonomy":"product_brand","embeddable":true,"href":"https:\/\/www.vempele.fi\/da\/wp-json\/wp\/v2\/product_brand?post=7658"},{"taxonomy":"product_cat","embeddable":true,"href":"https:\/\/www.vempele.fi\/da\/wp-json\/wp\/v2\/product_cat?post=7658"},{"taxonomy":"product_tag","embeddable":true,"href":"https:\/\/www.vempele.fi\/da\/wp-json\/wp\/v2\/product_tag?post=7658"}],"curies":[{"name":"wp","href":"https:\/\/api.w.org\/{rel}","templated":true}]}}