{"id":7965,"date":"2021-09-30T08:46:50","date_gmt":"2021-09-30T05:46:50","guid":{"rendered":"https:\/\/www.vempele.fi\/?post_type=product&#038;p=7965"},"modified":"2025-12-23T07:55:03","modified_gmt":"2025-12-23T05:55:03","slug":"tesla-model-3-forreste-dor-nedre-fjedre","status":"publish","type":"product","link":"https:\/\/www.vempele.fi\/da\/tuote\/tesla-model-3-etuluukun-jaykemmat-jousitukset\/","title":{"rendered":"Stivere fjedre i ford\u00f8ren - Tesla Model 3"},"content":{"rendered":"<p>Tesla Model 3 - stivere fjedre i ford\u00f8ren.<\/p>\n<ul>\n<li>Farve: sort<\/li>\n<li>Egnethed:\n<ul>\n<li>Model 3 Pre-Refresh vm. 2019 - 2021<\/li>\n<li>Model 3 Refresh vm. 2021 - 2023<\/li>\n<li>Model 3 Highland vm. 2023 -&gt;.<\/li>\n<\/ul>\n<\/li>\n<li>Pakken indeholder: 2 x fjedre<\/li>\n<li>Pakkev\u00e6gt: 0,50 kg<\/li>\n<li>Pakkens m\u00e5l: 50 x 10 x 5 cm<\/li>\n<\/ul>","protected":false},"excerpt":{"rendered":"<p>Stivere forhjulsoph\u00e6ng til Tesla Model 3. Disse g\u00f8r det muligt at \u00e5bne frontlugen helt op, n\u00e5r du trykker p\u00e5 \u00e5bningsknappen. Bem\u00e6rk! P\u00e5 grund af fjedrene skal der bruges lidt mere kraft til at fastg\u00f8re fjedrene end med de originale pumper.<\/p>\n<p>Bem\u00e6rk venligst, at fjederen er standard. Den fungerer m\u00e5ske ikke i alle situationer, f.eks. hvis der ligger sne p\u00e5 frontl\u00e5gen, eller hvis gasfjederen er blevet stiv p\u00e5 grund af kulde\/frost. Hvis du har brug for, at den automatiske \u00e5bner fungerer i alle situationer, anbefaler vi, at du anskaffer dig en motoriseret \u00e5bner.<\/p>","protected":false},"featured_media":7966,"comment_status":"open","ping_status":"closed","template":"","meta":[],"product_brand":[],"product_cat":[151,452,480,128],"product_tag":[236,199,121,120],"class_list":{"0":"post-7965","1":"product","2":"type-product","3":"status-publish","4":"has-post-thumbnail","6":"product_cat-model-3","7":"product_cat-m3-tarvikkeet","8":"product_cat-tarvikkeet-sisapuolelle-model-3","9":"product_cat-tesla-tuotteet","10":"product_tag-etuluukku","11":"product_tag-jouset","12":"product_tag-tesla","13":"product_tag-tesla-model-3","15":"first","16":"instock","17":"taxable","18":"shipping-taxable","19":"purchasable","20":"product-type-simple"},"jetpack_sharing_enabled":true,"_links":{"self":[{"href":"https:\/\/www.vempele.fi\/da\/wp-json\/wp\/v2\/product\/7965","targetHints":{"allow":["GET"]}}],"collection":[{"href":"https:\/\/www.vempele.fi\/da\/wp-json\/wp\/v2\/product"}],"about":[{"href":"https:\/\/www.vempele.fi\/da\/wp-json\/wp\/v2\/types\/product"}],"replies":[{"embeddable":true,"href":"https:\/\/www.vempele.fi\/da\/wp-json\/wp\/v2\/comments?post=7965"}],"wp:featuredmedia":[{"embeddable":true,"href":"https:\/\/www.vempele.fi\/da\/wp-json\/wp\/v2\/media\/7966"}],"wp:attachment":[{"href":"https:\/\/www.vempele.fi\/da\/wp-json\/wp\/v2\/media?parent=7965"}],"wp:term":[{"taxonomy":"product_brand","embeddable":true,"href":"https:\/\/www.vempele.fi\/da\/wp-json\/wp\/v2\/product_brand?post=7965"},{"taxonomy":"product_cat","embeddable":true,"href":"https:\/\/www.vempele.fi\/da\/wp-json\/wp\/v2\/product_cat?post=7965"},{"taxonomy":"product_tag","embeddable":true,"href":"https:\/\/www.vempele.fi\/da\/wp-json\/wp\/v2\/product_tag?post=7965"}],"curies":[{"name":"wp","href":"https:\/\/api.w.org\/{rel}","templated":true}]}}