{"id":8297,"date":"2021-11-05T08:13:39","date_gmt":"2021-11-05T06:13:39","guid":{"rendered":"https:\/\/www.vempele.fi\/?post_type=product&#038;p=8297"},"modified":"2026-04-18T19:20:57","modified_gmt":"2026-04-18T16:20:57","slug":"tesla-motrikbeskyttere-21-mm","status":"publish","type":"product","link":"https:\/\/www.vempele.fi\/da\/tuote\/tesla-mutterin-suojat-21-mm\/","title":{"rendered":"M\u00f8trikbeskyttere 21 mm"},"content":{"rendered":"<p>M\u00f8trikbeskyttere 21 mm<\/p>\n<p>M\u00f8trikbeskyttere er ogs\u00e5 velegnede til biler med bolte.<\/p>\n<p>Tjek venligst kompatibilitet med m\u00f8trikker\/bolte, f\u00f8r du bestiller. Vores sortiment omfatter ogs\u00e5 <a href=\"https:\/\/www.vempele.fi\/da\/product-2\/tesla-mutterinsuojat-19mm\/\" target=\"_blank\" rel=\"noopener\">19 mm skjolde<\/a>.<\/p>\n<p>Bem\u00e6rk! Centerkopper til f\u00e6lge s\u00e6lges som separate produkter:<\/p>\n<ul>\n<li><a href=\"https:\/\/www.vempele.fi\/da\/product-2\/tesla-vanteen-keskikupit-4kpl\/\" target=\"_blank\" rel=\"noopener\">F\u00e6lgens midterste kopper - sort med s\u00f8lvfarvet logo<\/a><\/li>\n<li><a href=\"https:\/\/www.vempele.fi\/da\/product-2\/tesla-sorte-medium-kopper-med-hvidt-logo\/\" target=\"_blank\" rel=\"noopener\">Centerkopper til f\u00e6lge - sort med hvidt logo<\/a><\/li>\n<li><a href=\"https:\/\/www.vempele.fi\/da\/product-2\/tesla-vanteen-keskikupit-harmaat-hopeisella-logolla-4kpl\/\" target=\"_blank\" rel=\"noopener\">Midtersk\u00e5le til f\u00e6lge - gr\u00e5 med s\u00f8lvfarvet logo<\/a><\/li>\n<li><a href=\"https:\/\/www.vempele.fi\/da\/product-2\/tesla-faelg-center-kopper-rod-4stk\/\" target=\"_blank\" rel=\"noopener\">Midtersk\u00e5le til f\u00e6lge - r\u00f8d metallic med s\u00f8lvfarvet logo<\/a><\/li>\n<\/ul>\n<ul>\n<li>Pakken indeholder: 20 m\u00f8trikd\u00e5ser og et v\u00e6rkt\u00f8j til fjernelse af m\u00f8trikd\u00e5ser<\/li>\n<li>Farver: s\u00f8lv (blank), gr\u00e5, mat sort og blank sort<\/li>\n<li>M\u00e5l: 16 x 14 x 2,5 cm<\/li>\n<li>V\u00e6gt: ~100 g<\/li>\n<\/ul>","protected":false},"excerpt":{"rendered":"<p>21 mm m\u00f8trikd\u00e6ksler i forskellige farver:<\/p>\n<ul>\n<li>S\u00f8lv<\/li>\n<li>Gr\u00e5<\/li>\n<li>Mat sort<\/li>\n<li>Glansfuld sort<\/li>\n<\/ul>\n<p>Tjek venligst kompatibilitet med m\u00f8trikker\/bolte, f\u00f8r du bestiller. Vores sortiment omfatter ogs\u00e5 <a href=\"https:\/\/www.vempele.fi\/da\/product-2\/tesla-mutterinsuojat-19mm\/\" target=\"_blank\" rel=\"noopener\">19 mm skjolde<\/a>.<\/p>","protected":false},"featured_media":8303,"comment_status":"open","ping_status":"closed","template":"","meta":[],"product_brand":[],"product_cat":[151,152,153,154,452,453,454,455,481,484,486,483,128,456],"product_tag":[83,542,341,345,257,541,121],"class_list":{"0":"post-8297","1":"product","2":"type-product","3":"status-publish","4":"has-post-thumbnail","6":"product_cat-model-3","7":"product_cat-model-s","8":"product_cat-model-x","9":"product_cat-model-y","10":"product_cat-m3-tarvikkeet","11":"product_cat-ms-tarvikkeet","12":"product_cat-mx-tarvikkeet","13":"product_cat-my-tarvikkeet","14":"product_cat-tarvikkeet-ulkopuolelle-model-3","15":"product_cat-tarvikkeet-ulkopuolelle-model-s","16":"product_cat-tarvikkeet-ulkopuolelle-model-x","17":"product_cat-tarvikkeet-ulkopuolelle-model-y","18":"product_cat-tesla-tuotteet","19":"product_cat-vannetarvikkeet","20":"product_tag-autotarvikkeet","21":"product_tag-model","22":"product_tag-mutteri","23":"product_tag-mutterinsuoja","24":"product_tag-pultinsuoja","25":"product_tag-pultti","26":"product_tag-tesla","28":"first","29":"instock","30":"taxable","31":"shipping-taxable","32":"purchasable","33":"product-type-variable"},"jetpack_sharing_enabled":true,"_links":{"self":[{"href":"https:\/\/www.vempele.fi\/da\/wp-json\/wp\/v2\/product\/8297","targetHints":{"allow":["GET"]}}],"collection":[{"href":"https:\/\/www.vempele.fi\/da\/wp-json\/wp\/v2\/product"}],"about":[{"href":"https:\/\/www.vempele.fi\/da\/wp-json\/wp\/v2\/types\/product"}],"replies":[{"embeddable":true,"href":"https:\/\/www.vempele.fi\/da\/wp-json\/wp\/v2\/comments?post=8297"}],"wp:featuredmedia":[{"embeddable":true,"href":"https:\/\/www.vempele.fi\/da\/wp-json\/wp\/v2\/media\/8303"}],"wp:attachment":[{"href":"https:\/\/www.vempele.fi\/da\/wp-json\/wp\/v2\/media?parent=8297"}],"wp:term":[{"taxonomy":"product_brand","embeddable":true,"href":"https:\/\/www.vempele.fi\/da\/wp-json\/wp\/v2\/product_brand?post=8297"},{"taxonomy":"product_cat","embeddable":true,"href":"https:\/\/www.vempele.fi\/da\/wp-json\/wp\/v2\/product_cat?post=8297"},{"taxonomy":"product_tag","embeddable":true,"href":"https:\/\/www.vempele.fi\/da\/wp-json\/wp\/v2\/product_tag?post=8297"}],"curies":[{"name":"wp","href":"https:\/\/api.w.org\/{rel}","templated":true}]}}