{"id":8328,"date":"2025-04-03T13:41:32","date_gmt":"2025-04-03T10:41:32","guid":{"rendered":"https:\/\/www.vempele.fi\/?post_type=product&#038;p=8328"},"modified":"2026-02-17T11:53:32","modified_gmt":"2026-02-17T09:53:32","slug":"tesla-model-s-3-x-y-opladningsstik-vaegbeslag","status":"publish","type":"product","link":"https:\/\/www.vempele.fi\/da\/tuote\/tesla-model-s-3-x-y-latauspistokkeen-seinapidike\/","title":{"rendered":"V\u00e6gbeslag til opladningsstik"},"content":{"rendered":"<p>V\u00e6gbeslag til opladningsstik Type 2.<\/p>\n<ul>\n<li>Stiktype: type 2<\/li>\n<li>Materiale: ABS-plast af h\u00f8j kvalitet<\/li>\n<li>Farve: Sort<\/li>\n<li>Pakken indeholder:\n<ul>\n<li>1 stk V\u00e6gbeslag til stik og kabel<\/li>\n<li>1 stk V\u00e6gbeslag til mobiloplader<\/li>\n<li>6 stk. skruer<\/li>\n<li>6 stk. stik<\/li>\n<\/ul>\n<\/li>\n<\/ul>\n<p>&nbsp;<\/p>","protected":false},"excerpt":{"rendered":"<p>Tesla Model S \/ 3 \/ X \/ Y v\u00e6gbeslag til stik. Designet til Type 2-oplader og Type 2-stik-v\u00e6gbeslag. Beslaget er nemt at montere p\u00e5 v\u00e6ggen. F\u00f8rst monteres en mindre modpart p\u00e5 v\u00e6ggen i passende h\u00f8jde, og det egentlige beslag trykkes fast p\u00e5 den.<\/p>\n<p>Leveres ogs\u00e5 med et separat stativ til en Tesla-mobiloplader!<\/p>","protected":false},"featured_media":36094,"comment_status":"open","ping_status":"closed","template":"","meta":[],"product_brand":[],"product_cat":[269,151,152,153,154,481,484,486,483,128],"product_tag":[263,83,262,261],"class_list":{"0":"post-8328","1":"product","2":"type-product","3":"status-publish","4":"has-post-thumbnail","6":"product_cat-cybertruck","7":"product_cat-model-3","8":"product_cat-model-s","9":"product_cat-model-x","10":"product_cat-model-y","11":"product_cat-tarvikkeet-ulkopuolelle-model-3","12":"product_cat-tarvikkeet-ulkopuolelle-model-s","13":"product_cat-tarvikkeet-ulkopuolelle-model-x","14":"product_cat-tarvikkeet-ulkopuolelle-model-y","15":"product_cat-tesla-tuotteet","16":"product_tag-accessories","17":"product_tag-autotarvikkeet","18":"product_tag-laturipistoke","19":"product_tag-seinapidike","21":"first","22":"instock","23":"taxable","24":"shipping-taxable","25":"purchasable","26":"product-type-simple"},"jetpack_sharing_enabled":true,"_links":{"self":[{"href":"https:\/\/www.vempele.fi\/da\/wp-json\/wp\/v2\/product\/8328","targetHints":{"allow":["GET"]}}],"collection":[{"href":"https:\/\/www.vempele.fi\/da\/wp-json\/wp\/v2\/product"}],"about":[{"href":"https:\/\/www.vempele.fi\/da\/wp-json\/wp\/v2\/types\/product"}],"replies":[{"embeddable":true,"href":"https:\/\/www.vempele.fi\/da\/wp-json\/wp\/v2\/comments?post=8328"}],"wp:featuredmedia":[{"embeddable":true,"href":"https:\/\/www.vempele.fi\/da\/wp-json\/wp\/v2\/media\/36094"}],"wp:attachment":[{"href":"https:\/\/www.vempele.fi\/da\/wp-json\/wp\/v2\/media?parent=8328"}],"wp:term":[{"taxonomy":"product_brand","embeddable":true,"href":"https:\/\/www.vempele.fi\/da\/wp-json\/wp\/v2\/product_brand?post=8328"},{"taxonomy":"product_cat","embeddable":true,"href":"https:\/\/www.vempele.fi\/da\/wp-json\/wp\/v2\/product_cat?post=8328"},{"taxonomy":"product_tag","embeddable":true,"href":"https:\/\/www.vempele.fi\/da\/wp-json\/wp\/v2\/product_tag?post=8328"}],"curies":[{"name":"wp","href":"https:\/\/api.w.org\/{rel}","templated":true}]}}