{"id":8520,"date":"2021-12-03T13:45:36","date_gmt":"2021-12-03T11:45:36","guid":{"rendered":"https:\/\/www.vempele.fi\/?post_type=product&#038;p=8520"},"modified":"2025-08-20T14:58:32","modified_gmt":"2025-08-20T11:58:32","slug":"tesla-lose-bogstaver-til-bagagerummet","status":"publish","type":"product","link":"https:\/\/www.vempele.fi\/da\/tuote\/tesla-irtokirjaimet-takaluukkuun\/","title":{"rendered":"TESLA-transferbogstaver p\u00e5 bagagerumsklappen"},"content":{"rendered":"<p>Sorte TESLA-transferbogstaver p\u00e5 bagklappen.<\/p>\n<ul>\n<li>Emballage: TESLA-transkriptionsbogstaver, i en pakke til nem installation<\/li>\n<li>Farve: Sort<\/li>\n<li>M\u00e5l p\u00e5 den almindelige brevpakke: 13 x 11 x 0,5 cm<\/li>\n<\/ul>","protected":false},"excerpt":{"rendered":"<p>TESLA transfer-bogstaver p\u00e5 bagklappen. Dette klisterm\u00e6rke er et stilfuldt tilbeh\u00f8r til montering i bagagerummet. Det kommer i en pakke, der ogs\u00e5 fungerer som monteringsbase, s\u00e5 du kan justere teksten direkte og holde bogstavafstanden korrekt. S\u00e5 du beh\u00f8ver ikke et m\u00e5leb\u00e5nd for at installere det. \ud83d\ude09<\/p>\n<p>Det anbefales at reng\u00f8re overfladen f\u00f8r montering for at sikre god vedh\u00e6ftning. Af samme grund b\u00f8r monteringen ogs\u00e5 ske i et varmt milj\u00f8.<\/p>\n<p>Bem\u00e6rk! Er muligvis ikke modstandsdygtig over for gentagen automatisk eller h\u00f8jtryksrensning.<\/p>","protected":false},"featured_media":8526,"comment_status":"open","ping_status":"closed","template":"","meta":[],"product_brand":[],"product_cat":[151,152,153,154,452,453,454,455,481,484,486,483,128],"product_tag":[200,265,121],"class_list":{"0":"post-8520","1":"product","2":"type-product","3":"status-publish","4":"has-post-thumbnail","6":"product_cat-model-3","7":"product_cat-model-s","8":"product_cat-model-x","9":"product_cat-model-y","10":"product_cat-m3-tarvikkeet","11":"product_cat-ms-tarvikkeet","12":"product_cat-mx-tarvikkeet","13":"product_cat-my-tarvikkeet","14":"product_cat-tarvikkeet-ulkopuolelle-model-3","15":"product_cat-tarvikkeet-ulkopuolelle-model-s","16":"product_cat-tarvikkeet-ulkopuolelle-model-x","17":"product_cat-tarvikkeet-ulkopuolelle-model-y","18":"product_cat-tesla-tuotteet","19":"product_tag-takaluukku","20":"product_tag-tarra","21":"product_tag-tesla","23":"first","24":"outofstock","25":"taxable","26":"shipping-taxable","27":"purchasable","28":"product-type-simple"},"jetpack_sharing_enabled":true,"_links":{"self":[{"href":"https:\/\/www.vempele.fi\/da\/wp-json\/wp\/v2\/product\/8520","targetHints":{"allow":["GET"]}}],"collection":[{"href":"https:\/\/www.vempele.fi\/da\/wp-json\/wp\/v2\/product"}],"about":[{"href":"https:\/\/www.vempele.fi\/da\/wp-json\/wp\/v2\/types\/product"}],"replies":[{"embeddable":true,"href":"https:\/\/www.vempele.fi\/da\/wp-json\/wp\/v2\/comments?post=8520"}],"wp:featuredmedia":[{"embeddable":true,"href":"https:\/\/www.vempele.fi\/da\/wp-json\/wp\/v2\/media\/8526"}],"wp:attachment":[{"href":"https:\/\/www.vempele.fi\/da\/wp-json\/wp\/v2\/media?parent=8520"}],"wp:term":[{"taxonomy":"product_brand","embeddable":true,"href":"https:\/\/www.vempele.fi\/da\/wp-json\/wp\/v2\/product_brand?post=8520"},{"taxonomy":"product_cat","embeddable":true,"href":"https:\/\/www.vempele.fi\/da\/wp-json\/wp\/v2\/product_cat?post=8520"},{"taxonomy":"product_tag","embeddable":true,"href":"https:\/\/www.vempele.fi\/da\/wp-json\/wp\/v2\/product_tag?post=8520"}],"curies":[{"name":"wp","href":"https:\/\/api.w.org\/{rel}","templated":true}]}}