{"id":8549,"date":"2023-09-15T11:19:13","date_gmt":"2023-09-15T08:19:13","guid":{"rendered":"https:\/\/www.vempele.fi\/?post_type=product&#038;p=8549"},"modified":"2026-04-16T10:16:46","modified_gmt":"2026-04-16T07:16:46","slug":"tesla-model-y-krumtaphus","status":"publish","type":"product","link":"https:\/\/www.vempele.fi\/da\/tuote\/tesla-model-y-kuralapat\/","title":{"rendered":"Blinklys - Tesla Model Y"},"content":{"rendered":"<p>Halsbeskyttere designet til Tesla Model Y. Pakken indeholder 4 stykker (for og bag p\u00e5 begge sider) og de n\u00f8dvendige monteringsnitter med stift.<\/p>\n<p>PPF-strips er ikke n\u00f8dvendige til model Y-krumtapflapper, da fligen ikke rammer lakoverfladen. Dobbeltkl\u00e6bende tape kan bruges til at forst\u00e6rke fastg\u00f8relsen, men det er ikke obligatorisk.<\/p>\n<p><strong>Mere information<\/strong><\/p>\n<ul>\n<li>Egnethed:\n<ul>\n<li>Model Y 2020 - 2024<\/li>\n<\/ul>\n<\/li>\n<li>Materiale: ABS-plast<\/li>\n<li>Farve: sort<\/li>\n<li>Inkluderet i pakken:\n<ul>\n<li>4 x gasspj\u00e6ld, komplet s\u00e6t<\/li>\n<li>Behov for reparation<\/li>\n<li>Prikat, v\u00e6rkt\u00f8j<\/li>\n<li>Instruktioner til montering foran og bagp\u00e5<\/li>\n<\/ul>\n<\/li>\n<\/ul>","protected":false},"excerpt":{"rendered":"<p>Pakken indeholder 4 stk. Tesla Model Y-formede spj\u00e6ldhuse, for og bag, med hver deres monteringsbeslag.<\/p>\n<p>Eksisterende plastindsatser til det indvendige d\u00e6ksel kan bruges til installationen. Der medf\u00f8lger ekstra plastpakninger, da de originale let g\u00e5r i stykker, n\u00e5r de fjernes. Denne model beh\u00f8ver ikke at blive specialboret i den indvendige foring, kun de eksisterende huller bruges.<\/p>","protected":false},"featured_media":22692,"comment_status":"open","ping_status":"closed","template":"","meta":[],"product_brand":[],"product_cat":[154,455,483,128],"product_tag":[83,270,121,203],"class_list":{"0":"post-8549","1":"product","2":"type-product","3":"status-publish","4":"has-post-thumbnail","6":"product_cat-model-y","7":"product_cat-my-tarvikkeet","8":"product_cat-tarvikkeet-ulkopuolelle-model-y","9":"product_cat-tesla-tuotteet","10":"product_tag-autotarvikkeet","11":"product_tag-kuralapat","12":"product_tag-tesla","13":"product_tag-tesla-model-y","15":"first","16":"instock","17":"taxable","18":"shipping-taxable","19":"purchasable","20":"product-type-simple"},"jetpack_sharing_enabled":true,"_links":{"self":[{"href":"https:\/\/www.vempele.fi\/da\/wp-json\/wp\/v2\/product\/8549","targetHints":{"allow":["GET"]}}],"collection":[{"href":"https:\/\/www.vempele.fi\/da\/wp-json\/wp\/v2\/product"}],"about":[{"href":"https:\/\/www.vempele.fi\/da\/wp-json\/wp\/v2\/types\/product"}],"replies":[{"embeddable":true,"href":"https:\/\/www.vempele.fi\/da\/wp-json\/wp\/v2\/comments?post=8549"}],"wp:featuredmedia":[{"embeddable":true,"href":"https:\/\/www.vempele.fi\/da\/wp-json\/wp\/v2\/media\/22692"}],"wp:attachment":[{"href":"https:\/\/www.vempele.fi\/da\/wp-json\/wp\/v2\/media?parent=8549"}],"wp:term":[{"taxonomy":"product_brand","embeddable":true,"href":"https:\/\/www.vempele.fi\/da\/wp-json\/wp\/v2\/product_brand?post=8549"},{"taxonomy":"product_cat","embeddable":true,"href":"https:\/\/www.vempele.fi\/da\/wp-json\/wp\/v2\/product_cat?post=8549"},{"taxonomy":"product_tag","embeddable":true,"href":"https:\/\/www.vempele.fi\/da\/wp-json\/wp\/v2\/product_tag?post=8549"}],"curies":[{"name":"wp","href":"https:\/\/api.w.org\/{rel}","templated":true}]}}