{"id":9007,"date":"2022-01-24T16:25:04","date_gmt":"2022-01-24T14:25:04","guid":{"rendered":"https:\/\/www.vempele.fi\/?post_type=product&#038;p=9007"},"modified":"2026-04-14T22:41:58","modified_gmt":"2026-04-14T19:41:58","slug":"kaeledyrsovertraek-til-bagsaedet","status":"publish","type":"product","link":"https:\/\/www.vempele.fi\/da\/tuote\/lemmikkisuoja-takapenkille\/","title":{"rendered":"K\u00e6ledyrsovertr\u00e6k til bags\u00e6det"},"content":{"rendered":"<p>K\u00e6ledyrsovertr\u00e6k til bags\u00e6det<\/p>\n<ul>\n<li>Farve: Sort<\/li>\n<li>Inkluderet i pakken:\n<ul>\n<li>K\u00e6ledyrsovertr\u00e6k til bags\u00e6det<\/li>\n<\/ul>\n<\/li>\n<\/ul>\n<p>Vi anbefaler at vaske produktet i h\u00e5nden.<\/p>","protected":false},"excerpt":{"rendered":"<p>Nu kan du tage din hundeven med om bord uden at skulle bekymre dig om et bags\u00e6de m\u00e6ttet med h\u00e5r og snavs!<\/p>\n<p>K\u00e6ledyrsovertr\u00e6kket til bags\u00e6det i din bil er nemt at montere ved hj\u00e6lp af de medf\u00f8lgende beslag.<\/p>\n<p>K\u00e6ledyrsovertr\u00e6kket passer til forskellige bilmodeller.<\/p>","protected":false},"featured_media":38950,"comment_status":"open","ping_status":"closed","template":"","meta":[],"product_brand":[],"product_cat":[151,152,153,154,452,453,454,455,480,485,487,482,128],"product_tag":[83,306,305,121],"class_list":{"0":"post-9007","1":"product","2":"type-product","3":"status-publish","4":"has-post-thumbnail","6":"product_cat-model-3","7":"product_cat-model-s","8":"product_cat-model-x","9":"product_cat-model-y","10":"product_cat-m3-tarvikkeet","11":"product_cat-ms-tarvikkeet","12":"product_cat-mx-tarvikkeet","13":"product_cat-my-tarvikkeet","14":"product_cat-tarvikkeet-sisapuolelle-model-3","15":"product_cat-tarvikkeet-sisapuolelle-model-s","16":"product_cat-tarvikkeet-sisapuolelle-model-x","17":"product_cat-tarvikkeet-sisapuolelle-model-y","18":"product_cat-tesla-tuotteet","19":"product_tag-autotarvikkeet","20":"product_tag-lemmikkisuoja","21":"product_tag-suojavarusteet","22":"product_tag-tesla","24":"first","25":"instock","26":"taxable","27":"shipping-taxable","28":"purchasable","29":"product-type-simple"},"jetpack_sharing_enabled":true,"_links":{"self":[{"href":"https:\/\/www.vempele.fi\/da\/wp-json\/wp\/v2\/product\/9007","targetHints":{"allow":["GET"]}}],"collection":[{"href":"https:\/\/www.vempele.fi\/da\/wp-json\/wp\/v2\/product"}],"about":[{"href":"https:\/\/www.vempele.fi\/da\/wp-json\/wp\/v2\/types\/product"}],"replies":[{"embeddable":true,"href":"https:\/\/www.vempele.fi\/da\/wp-json\/wp\/v2\/comments?post=9007"}],"wp:featuredmedia":[{"embeddable":true,"href":"https:\/\/www.vempele.fi\/da\/wp-json\/wp\/v2\/media\/38950"}],"wp:attachment":[{"href":"https:\/\/www.vempele.fi\/da\/wp-json\/wp\/v2\/media?parent=9007"}],"wp:term":[{"taxonomy":"product_brand","embeddable":true,"href":"https:\/\/www.vempele.fi\/da\/wp-json\/wp\/v2\/product_brand?post=9007"},{"taxonomy":"product_cat","embeddable":true,"href":"https:\/\/www.vempele.fi\/da\/wp-json\/wp\/v2\/product_cat?post=9007"},{"taxonomy":"product_tag","embeddable":true,"href":"https:\/\/www.vempele.fi\/da\/wp-json\/wp\/v2\/product_tag?post=9007"}],"curies":[{"name":"wp","href":"https:\/\/api.w.org\/{rel}","templated":true}]}}