{"id":9023,"date":"2022-01-25T11:21:25","date_gmt":"2022-01-25T09:21:25","guid":{"rendered":"https:\/\/www.vempele.fi\/?post_type=product&#038;p=9023"},"modified":"2026-04-16T23:16:22","modified_gmt":"2026-04-16T20:16:22","slug":"tesla-model-y-fjernbetjeninger-til-bagagerummet","status":"publish","type":"product","link":"https:\/\/www.vempele.fi\/da\/tuote\/tesla-model-y-frunk-trunk-kaukalomatot\/","title":{"rendered":"EVA-fjernbetjeninger til bagagerummet - Tesla Model Y"},"content":{"rendered":"<p>Tesla Model Y-fjernbetjeninger i for- og bagagerummet.<\/p>\n<p>T\u00e6ppemuligheder at v\u00e6lge imellem:<\/p>\n<ul>\n<li>M\u00e5tte til forreste kasse (2025 M\u00e5tte til forreste kasse)\n<ul>\n<li>Egnethed:\n<ul>\n<li>Tesla Model Y 2025<\/li>\n<\/ul>\n<\/li>\n<\/ul>\n<\/li>\n<li>M\u00e5tte til forreste kasse (M\u00e5tte til forreste kasse)\n<ul>\n<li>Egnethed:\n<ul>\n<li>Tesla Model Y 2020 - 2024<\/li>\n<\/ul>\n<\/li>\n<\/ul>\n<\/li>\n<li>Lille opbevaringsm\u00e5tte til bagagerummet (Trunk Storage Mat)\n<ul>\n<li>Egnethed:\n<ul>\n<li>Tesla Mode Y 2020 - 2024<\/li>\n<li>Tesla Model Y 2024-&gt; (Juniper)<\/li>\n<\/ul>\n<\/li>\n<\/ul>\n<\/li>\n<li>Stor, held\u00e6kkende bagagerumsm\u00e5tte (Trunk Mat)\n<ul>\n<li>Egnethed:\n<ul>\n<li>Tesla Model Y 2020 - 2024<\/li>\n<li>Tesla Model Y 2024-&gt; (Juniper)<\/li>\n<\/ul>\n<\/li>\n<\/ul>\n<\/li>\n<\/ul>\n<p><b>Mere information<\/b><\/p>\n<p>Materiale: EVA-plast<br \/>\nFarve: Sort<\/p>","protected":false},"excerpt":{"rendered":"<p>Trolley-m\u00e5tter af virkelig h\u00f8j kvalitet til opbevaring af bilen. M\u00e5tterne passer perfekt til Tesla Model Y.<\/p>\n<p>Hvis du har v\u00e5dt opladningstilbeh\u00f8r og f.eks. v\u00e5de eller mudrede sko\/t\u00f8j i bagagerummet p\u00e5 din bil, er en trolley-m\u00e5tte et fornuftigt k\u00f8b. Vandafvisende trolley-m\u00e5tter holder mudder og vand p\u00e5 afstand. Og de er meget nemmere at reng\u00f8re og t\u00f8rre end bilens eget indtr\u00e6k.<\/p>\n<p>Det store t\u00e6ppe i bagagerummet kan foldes, s\u00e5 der er nem adgang til det lille tilbeh\u00f8rsrum i bagagerummet.<\/p>\n<p>T\u00e6ppets finish kan afvige en smule fra billedet afh\u00e6ngigt af t\u00e6ppets batch.<\/p>\n<p>Pakken inkluderer den m\u00e5tte, du v\u00e6lger fra menuen nedenfor.<\/p>","protected":false},"featured_media":9028,"comment_status":"open","ping_status":"closed","template":"","meta":[],"product_brand":[],"product_cat":[408,154,128],"product_tag":[83,503,513,562,553,271,121,554],"class_list":{"0":"post-9023","1":"product","2":"type-product","3":"status-publish","4":"has-post-thumbnail","6":"product_cat-matot-model-y","7":"product_cat-model-y","8":"product_cat-tesla-tuotteet","9":"product_tag-autotarvikkeet","10":"product_tag-frunk","11":"product_tag-kaukalomatot","12":"product_tag-kumimatot","13":"product_tag-kuramatot","14":"product_tag-model-y","15":"product_tag-tesla","16":"product_tag-trunk","17":"product_shipping_class-nouto","19":"first","20":"instock","21":"taxable","22":"shipping-taxable","23":"purchasable","24":"product-type-variable","25":"has-default-attributes"},"jetpack_sharing_enabled":true,"_links":{"self":[{"href":"https:\/\/www.vempele.fi\/da\/wp-json\/wp\/v2\/product\/9023","targetHints":{"allow":["GET"]}}],"collection":[{"href":"https:\/\/www.vempele.fi\/da\/wp-json\/wp\/v2\/product"}],"about":[{"href":"https:\/\/www.vempele.fi\/da\/wp-json\/wp\/v2\/types\/product"}],"replies":[{"embeddable":true,"href":"https:\/\/www.vempele.fi\/da\/wp-json\/wp\/v2\/comments?post=9023"}],"wp:featuredmedia":[{"embeddable":true,"href":"https:\/\/www.vempele.fi\/da\/wp-json\/wp\/v2\/media\/9028"}],"wp:attachment":[{"href":"https:\/\/www.vempele.fi\/da\/wp-json\/wp\/v2\/media?parent=9023"}],"wp:term":[{"taxonomy":"product_brand","embeddable":true,"href":"https:\/\/www.vempele.fi\/da\/wp-json\/wp\/v2\/product_brand?post=9023"},{"taxonomy":"product_cat","embeddable":true,"href":"https:\/\/www.vempele.fi\/da\/wp-json\/wp\/v2\/product_cat?post=9023"},{"taxonomy":"product_tag","embeddable":true,"href":"https:\/\/www.vempele.fi\/da\/wp-json\/wp\/v2\/product_tag?post=9023"}],"curies":[{"name":"wp","href":"https:\/\/api.w.org\/{rel}","templated":true}]}}