{"id":9034,"date":"2022-01-25T12:27:53","date_gmt":"2022-01-25T10:27:53","guid":{"rendered":"https:\/\/www.vempele.fi\/?post_type=product&#038;p=9034"},"modified":"2026-04-13T14:54:41","modified_gmt":"2026-04-13T11:54:41","slug":"tesla-model-3-eva-fjernbetjeninger","status":"publish","type":"product","link":"https:\/\/www.vempele.fi\/da\/tuote\/tesla-model-3-eva-kaukalomatot\/","title":{"rendered":"EVA-gearkasser - Tesla Model 3"},"content":{"rendered":"<p>Slidst\u00e6rkt EVA-covers\u00e6t til Tesla Model 3.<\/p>\n<p>Pakken indeholder tre langdistancem\u00e5tter:<br \/>\n1 x til f\u00f8reren<br \/>\n1 x repsikalle<br \/>\n1 x enkelt t\u00e6ppe p\u00e5 bagsiden<\/p>\n<p><b>Yderligere information:<\/b><\/p>\n<ul>\n<li>Materiale: EVA-plast<\/li>\n<li>Farve: sort<\/li>\n<li>V\u00e6gt: 4,3 kg<\/li>\n<\/ul>","protected":false},"excerpt":{"rendered":"<p>EVA-m\u00e5tter til alle fem s\u00e6der i fodrummet p\u00e5 Tesla Model 3. Disse fjernbetjente m\u00e5tter er lavet af robust EVA-plast og er en virkelig stilfuld l\u00f8sning til Finlands vinterkulde og frostgrader. De fjernbetjente m\u00e5tter g\u00f8r det nemt at h\u00e6lde smeltet vand af skoene for at opsamle fugt. EVA-m\u00e5tter er ogs\u00e5 en af Vempeles mest popul\u00e6re m\u00e5tter hos kunderne. Gulvm\u00e5tterne er pr\u00e6cist formet til bilen, s\u00e5 de passer perfekt og smider sig p\u00e5 plads.<\/p>\n<p>M\u00e5tterne er nemme at reng\u00f8re for snavs, selv under vandhanen og med en b\u00f8rste, da de er meget modstandsdygtige over for vask.<\/p>\n<p><strong>Ogs\u00e5 velegnet til h\u00f8jlandet!<\/strong><\/p>\n<p>Bem\u00e6rk t\u00e6ppernes mere detaljerede m\u00f8nsterstruktur p\u00e5 det sidste produktbillede.<\/p>","protected":false},"featured_media":9035,"comment_status":"open","ping_status":"closed","template":"","meta":[],"product_brand":[],"product_cat":[409,151,128],"product_tag":[83,206,513,553,156,121],"class_list":{"0":"post-9034","1":"product","2":"type-product","3":"status-publish","4":"has-post-thumbnail","6":"product_cat-matot-model-3","7":"product_cat-model-3","8":"product_cat-tesla-tuotteet","9":"product_tag-autotarvikkeet","10":"product_tag-eva","11":"product_tag-kaukalomatot","12":"product_tag-kuramatot","13":"product_tag-model-3","14":"product_tag-tesla","16":"first","17":"instock","18":"taxable","19":"shipping-taxable","20":"purchasable","21":"product-type-simple"},"jetpack_sharing_enabled":true,"_links":{"self":[{"href":"https:\/\/www.vempele.fi\/da\/wp-json\/wp\/v2\/product\/9034","targetHints":{"allow":["GET"]}}],"collection":[{"href":"https:\/\/www.vempele.fi\/da\/wp-json\/wp\/v2\/product"}],"about":[{"href":"https:\/\/www.vempele.fi\/da\/wp-json\/wp\/v2\/types\/product"}],"replies":[{"embeddable":true,"href":"https:\/\/www.vempele.fi\/da\/wp-json\/wp\/v2\/comments?post=9034"}],"wp:featuredmedia":[{"embeddable":true,"href":"https:\/\/www.vempele.fi\/da\/wp-json\/wp\/v2\/media\/9035"}],"wp:attachment":[{"href":"https:\/\/www.vempele.fi\/da\/wp-json\/wp\/v2\/media?parent=9034"}],"wp:term":[{"taxonomy":"product_brand","embeddable":true,"href":"https:\/\/www.vempele.fi\/da\/wp-json\/wp\/v2\/product_brand?post=9034"},{"taxonomy":"product_cat","embeddable":true,"href":"https:\/\/www.vempele.fi\/da\/wp-json\/wp\/v2\/product_cat?post=9034"},{"taxonomy":"product_tag","embeddable":true,"href":"https:\/\/www.vempele.fi\/da\/wp-json\/wp\/v2\/product_tag?post=9034"}],"curies":[{"name":"wp","href":"https:\/\/api.w.org\/{rel}","templated":true}]}}