{"id":9040,"date":"2022-01-25T12:52:53","date_gmt":"2022-01-25T10:52:53","guid":{"rendered":"https:\/\/www.vempele.fi\/?post_type=product&#038;p=9040"},"modified":"2026-04-16T09:59:53","modified_gmt":"2026-04-16T06:59:53","slug":"tesla-model-y-eva-telematik","status":"publish","type":"product","link":"https:\/\/www.vempele.fi\/da\/tuote\/tesla-model-y-eva-kaukalomatot\/","title":{"rendered":"EVA-fjernm\u00e5tter - Tesla Model Y"},"content":{"rendered":"<p>Slidst\u00e6rke trolley-m\u00e5tter af EVA-plast <a href=\"https:\/\/www.vempele.fi\/da\/produktkategori\/tesla-produkter\/model-y\/\" target=\"_blank\" rel=\"noopener\">Tesla Model Y<\/a>for.<\/p>\n<p>Tre m\u00e5tter i pakken:<br \/>\n1 x til f\u00f8reren<br \/>\n1 x repsikalle<br \/>\n1x enkelt t\u00e6ppe p\u00e5 bags\u00e6dets gulv<\/p>\n<p><b>Yderligere information:<\/b><\/p>\n<ul>\n<li>Materiale: EVA-plast<\/li>\n<li>Farve: sort<\/li>\n<li>St\u00f8rrelser:\n<ul>\n<li>Bil I: 1,23 kg; 76 x 57 x 22 cm<\/li>\n<li>Cubicle II: 1,25 kg; 73 x 57 x 22 cm<\/li>\n<li>Bags\u00e6de: 2,15 kg; 133 x 66 x 7 cm<\/li>\n<\/ul>\n<\/li>\n<li>Egnethed:\n<ul>\n<li>Tesla Model Y 2020 - 2024<\/li>\n<li>Tesla Model Y 2024 -&gt; (Juniper)<\/li>\n<\/ul>\n<\/li>\n<\/ul>","protected":false},"excerpt":{"rendered":"<p>Aftagelige EVA-m\u00e5tter til benpladsen p\u00e5 alle fem s\u00e6der i Tesla Model Y. EVA er en lukket celle, halvstiv celleplast. Fordelene er fleksibilitet, bl\u00f8dhed, god vejrbestandighed og kemisk resistens under forskellige vejrforhold. M\u00e5tterne er nemme at reng\u00f8re, selv under vandhanen og med en let b\u00f8rste - snavs og skidt l\u00f8sner sig nemt fra plastoverfladen. Ligesom de andre m\u00e5tter i vores sortiment er disse m\u00e5tter perfekt formtilpassede, hvilket betyder, at de s\u00e6ttes p\u00e5 plads med et snuptag. Takket v\u00e6re de sm\u00e5 kanter bliver smeltevandet p\u00e5 m\u00e5tten og kan nemt h\u00e6ldes af, hvis det er n\u00f8dvendigt.<\/p>\n<p>EVA-h\u00e6ngek\u00f8jer er de mest popul\u00e6re k\u00f8b for vores kunder i Vempeles onlinebutik.<\/p>\n<p>Bem\u00e6rk! Afh\u00e6ngigt af partiet kan t\u00e6ppernes overfladem\u00f8nster og design afvige en smule fra produktbilledet.<\/p>","protected":false},"featured_media":14335,"comment_status":"open","ping_status":"closed","template":"","meta":[],"product_brand":[],"product_cat":[408,154,128],"product_tag":[83,513,307,553,271,121],"class_list":{"0":"post-9040","1":"product","2":"type-product","3":"status-publish","4":"has-post-thumbnail","6":"product_cat-matot-model-y","7":"product_cat-model-y","8":"product_cat-tesla-tuotteet","9":"product_tag-autotarvikkeet","10":"product_tag-kaukalomatot","11":"product_tag-kumimatto","12":"product_tag-kuramatot","13":"product_tag-model-y","14":"product_tag-tesla","16":"first","17":"instock","18":"taxable","19":"shipping-taxable","20":"purchasable","21":"product-type-simple"},"jetpack_sharing_enabled":true,"_links":{"self":[{"href":"https:\/\/www.vempele.fi\/da\/wp-json\/wp\/v2\/product\/9040","targetHints":{"allow":["GET"]}}],"collection":[{"href":"https:\/\/www.vempele.fi\/da\/wp-json\/wp\/v2\/product"}],"about":[{"href":"https:\/\/www.vempele.fi\/da\/wp-json\/wp\/v2\/types\/product"}],"replies":[{"embeddable":true,"href":"https:\/\/www.vempele.fi\/da\/wp-json\/wp\/v2\/comments?post=9040"}],"wp:featuredmedia":[{"embeddable":true,"href":"https:\/\/www.vempele.fi\/da\/wp-json\/wp\/v2\/media\/14335"}],"wp:attachment":[{"href":"https:\/\/www.vempele.fi\/da\/wp-json\/wp\/v2\/media?parent=9040"}],"wp:term":[{"taxonomy":"product_brand","embeddable":true,"href":"https:\/\/www.vempele.fi\/da\/wp-json\/wp\/v2\/product_brand?post=9040"},{"taxonomy":"product_cat","embeddable":true,"href":"https:\/\/www.vempele.fi\/da\/wp-json\/wp\/v2\/product_cat?post=9040"},{"taxonomy":"product_tag","embeddable":true,"href":"https:\/\/www.vempele.fi\/da\/wp-json\/wp\/v2\/product_tag?post=9040"}],"curies":[{"name":"wp","href":"https:\/\/api.w.org\/{rel}","templated":true}]}}