{"id":9119,"date":"2022-02-01T11:45:16","date_gmt":"2022-02-01T09:45:16","guid":{"rendered":"https:\/\/www.vempele.fi\/?post_type=product&#038;p=9119"},"modified":"2026-03-26T10:36:21","modified_gmt":"2026-03-26T08:36:21","slug":"tesla-telefon-og-tabletholder-til-bagsaedet","status":"publish","type":"product","link":"https:\/\/www.vempele.fi\/da\/tuote\/tesla-puhelin-ja-tablettiteline-takapenkille\/","title":{"rendered":"Telefon- og tabletholder til bags\u00e6det"},"content":{"rendered":"<p>En telefon- og tabletholder, der fastg\u00f8res p\u00e5 bagsiden af Teslas fors\u00e6de. Stativets maksimale bredde er 18 cm, hvilket betyder, at du kan fastg\u00f8re din telefon og lille tablet enten vandret eller lodret. Stativet kan dog drejes 360 grader, s\u00e5 selv en st\u00f8rre tablet kan placeres vandret, hvis det \u00f8nskes.<\/p>\n<p>Andre oplysninger<\/p>\n<ul>\n<li>Farve: Sort<\/li>\n<li>Materiale: plast<\/li>\n<li>Pakkev\u00e6gt: ca. 140 g<\/li>\n<\/ul>","protected":false},"excerpt":{"rendered":"<p>En telefon- og tabletholder p\u00e5 bags\u00e6det for passagerernes bekvemmelighed! Stativet er fastgjort til bagsiden af fors\u00e6det med en clips. Passer til Tesla Model 3, Y, X og S.<\/p>","protected":false},"featured_media":36426,"comment_status":"open","ping_status":"closed","template":"","meta":[],"product_brand":[],"product_cat":[151,152,153,154,452,453,454,455,480,485,487,482,128],"product_tag":[83,314,313,237,156,172,173,271,316,315,121],"class_list":{"0":"post-9119","1":"product","2":"type-product","3":"status-publish","4":"has-post-thumbnail","6":"product_cat-model-3","7":"product_cat-model-s","8":"product_cat-model-x","9":"product_cat-model-y","10":"product_cat-m3-tarvikkeet","11":"product_cat-ms-tarvikkeet","12":"product_cat-mx-tarvikkeet","13":"product_cat-my-tarvikkeet","14":"product_cat-tarvikkeet-sisapuolelle-model-3","15":"product_cat-tarvikkeet-sisapuolelle-model-s","16":"product_cat-tarvikkeet-sisapuolelle-model-x","17":"product_cat-tarvikkeet-sisapuolelle-model-y","18":"product_cat-tesla-tuotteet","19":"product_tag-autotarvikkeet","20":"product_tag-kannykkapidike","21":"product_tag-kannykkateline","22":"product_tag-keskikonsoli","23":"product_tag-model-3","24":"product_tag-model-s","25":"product_tag-model-x","26":"product_tag-model-y","27":"product_tag-tablettipidike","28":"product_tag-tablettiteline","29":"product_tag-tesla","31":"first","32":"instock","33":"taxable","34":"shipping-taxable","35":"purchasable","36":"product-type-simple"},"jetpack_sharing_enabled":true,"_links":{"self":[{"href":"https:\/\/www.vempele.fi\/da\/wp-json\/wp\/v2\/product\/9119","targetHints":{"allow":["GET"]}}],"collection":[{"href":"https:\/\/www.vempele.fi\/da\/wp-json\/wp\/v2\/product"}],"about":[{"href":"https:\/\/www.vempele.fi\/da\/wp-json\/wp\/v2\/types\/product"}],"replies":[{"embeddable":true,"href":"https:\/\/www.vempele.fi\/da\/wp-json\/wp\/v2\/comments?post=9119"}],"wp:featuredmedia":[{"embeddable":true,"href":"https:\/\/www.vempele.fi\/da\/wp-json\/wp\/v2\/media\/36426"}],"wp:attachment":[{"href":"https:\/\/www.vempele.fi\/da\/wp-json\/wp\/v2\/media?parent=9119"}],"wp:term":[{"taxonomy":"product_brand","embeddable":true,"href":"https:\/\/www.vempele.fi\/da\/wp-json\/wp\/v2\/product_brand?post=9119"},{"taxonomy":"product_cat","embeddable":true,"href":"https:\/\/www.vempele.fi\/da\/wp-json\/wp\/v2\/product_cat?post=9119"},{"taxonomy":"product_tag","embeddable":true,"href":"https:\/\/www.vempele.fi\/da\/wp-json\/wp\/v2\/product_tag?post=9119"}],"curies":[{"name":"wp","href":"https:\/\/api.w.org\/{rel}","templated":true}]}}