{"id":16103,"date":"2023-02-09T11:34:41","date_gmt":"2023-02-09T09:34:41","guid":{"rendered":"https:\/\/www.vempele.fi\/?page_id=16103"},"modified":"2024-08-05T13:39:01","modified_gmt":"2024-08-05T10:39:01","slug":"reifen-und-radinformationen-fur-tesla","status":"publish","type":"page","link":"https:\/\/www.vempele.fi\/de\/rengas-ja-vannetietoa-teslaan\/","title":{"rendered":"Informationen zu Reifen und R\u00e4dern"},"content":{"rendered":"<div class=\"wp-block-group\"><div class=\"wp-block-group__inner-container is-layout-constrained wp-block-group-is-layout-constrained\">\n<p class=\"has-huge-font-size\" id=\"top\">Informationen zu Reifen und R\u00e4dern<\/p>\n\n\n\n<p class=\"has-text-align-left\">Hier finden Sie praktische Informationen dar\u00fcber, welche Reifen f\u00fcr welche Felgen geeignet sind und welche Felgen f\u00fcr welchen Tesla in Frage kommen.<\/p>\n\n\n\n<p class=\"has-background\" style=\"background-color:#f2f2f2\">Verzeichnis:<br> - <a href=\"#et\">Felge ET und ihre Auswahl<\/a><br> - <a href=\"#sopivuustaulukko\">Tabelle der Reifengr\u00f6\u00dfen<\/a><br> Originaldaten der Felge:<br> - <a href=\"#m3_a\">Modell 3<\/a><br> - <a href=\"#my_a\">Modell Y<\/a><br> - <a href=\"#ms_a1\">Model S 2020 Vorw\u00e4rts<\/a><br> - <a href=\"#ms_a2\">Modell S 2012 - 2020<\/a><br> - <a href=\"#mx_a1\">Model X 2020 Vorw\u00e4rts<\/a><br> - <a href=\"#mx_a2\">Model X 2015 - 2020<\/a><br>Eignung der Reifen nach Fahrzeugmodell:<br> - <a href=\"#m3_v\">Modell 3<\/a><br> - <a href=\"#my_v\">Modell Y<\/a><br> - <a href=\"#ms_v\">Modell S<\/a><br> - <a href=\"http:\/\/mx_v\">Modell X<\/a><br>Gestaffelt:<br> - <a href=\"#staggered\">Was ist gestaffelt?<\/a><br> - <a href=\"#staggered_lista\">Versetzter passender Tisch<\/a><\/p>\n\n\n\n<p>Die Wahl der richtigen Reifen und Felgen f\u00fcr Ihr Auto ist sehr wichtig f\u00fcr die Fahrsicherheit und das Fahrgef\u00fchl. Die richtige Gr\u00f6\u00dfe, die richtigen Reifen und Felgen sorgen daf\u00fcr, dass Ihr Auto beherrschbar und sicher zu fahren ist. Die Breite der Felge ist ein Faktor, der das Fahrgef\u00fchl beeinflussen kann. Eine schmalere Felge hat eine geringere Reifenspreizung, was das Fahrgef\u00fchl sanfter und komfortabler machen kann. Sie reduziert auch die Ger\u00e4uschentwicklung und verbessert die Lebensdauer der Batterie. Dies ist besonders beim Model 3 und Y zu beobachten.<br><br>Besonders hier im Norden lohnt es sich, in gute Winterreifen zu investieren, die auf Schnee und Eis gut haften. Spikereifen sind nat\u00fcrlich eine gute Wahl, obwohl sie die Ger\u00e4uschentwicklung beim Fahren erh\u00f6hen k\u00f6nnen. Es gibt jedoch auch leise Spikereifenmodelle auf dem Markt, mit denen Sie zus\u00e4tzliche Haftung erhalten, ohne auf Komfort verzichten zu m\u00fcssen.<\/p>\n\n\n\n<hr class=\"wp-block-separator has-alpha-channel-opacity\"\/>\n\n\n\n<h2 class=\"wp-block-heading\" id=\"et\">Felge ET und ihre Auswahl<\/h2>\n\n\n\n<p>Die ET (Einpresstiefe) der Felgen beschreibt den Abstand zwischen dem Mittelpunkt der Felge und dem Drehpunkt (Montagefl\u00e4che). <\/p>\n\n\n\n<p>Je h\u00f6her das ET-Verh\u00e4ltnis, desto weiter innen liegt die Felge. Je niedriger der ET-Wert, desto weiter ist die Felge im Schutzblech. Bei einer gestaffelten Konfiguration wird die breitere Felge durch die Wahl der entsprechenden ET-Zahlen in etwa mit der schmaleren Felge auf eine H\u00f6he gebracht.<br><br>Wenn Ihr Automodell f\u00fcr mehr als einen ET geeignet ist, ist die Wahl vor allem eine Frage der Optik. Sie finden die passende <a href=\"#sopivuus\">aus der entsprechenden Tabelle<\/a>.<br><br>Es gibt viele Tools im Internet, mit denen man z. B. vergleichen kann, wie zwei verschiedene ETs und Bandbreiten zusammenspielen.<br>Ich glaube, der beliebteste von ihnen ist <a href=\"https:\/\/www.willtheyfit.com\/\" target=\"_blank\" rel=\"noreferrer noopener\">Willtheyfit.com<\/a>.<\/p>\n\n\n<div class=\"wp-block-image\">\n<figure class=\"aligncenter size-full is-resized\"><img loading=\"lazy\" decoding=\"async\" width=\"768\" height=\"473\" src=\"https:\/\/www.vempele.fi\/wp-content\/uploads\/2024\/08\/ET-juttu.webp\" alt=\"\" class=\"wp-image-30367\" style=\"width:512px;height:316px\" srcset=\"https:\/\/www.vempele.fi\/wp-content\/uploads\/2024\/08\/ET-juttu.webp 768w, https:\/\/www.vempele.fi\/wp-content\/uploads\/2024\/08\/ET-juttu-300x185.webp 300w, https:\/\/www.vempele.fi\/wp-content\/uploads\/2024\/08\/ET-juttu-18x12.webp 18w, https:\/\/www.vempele.fi\/wp-content\/uploads\/2024\/08\/ET-juttu-416x256.webp 416w\" sizes=\"auto, (max-width: 768px) 100vw, 768px\" \/><\/figure>\n<\/div><\/div><\/div>\n\n\n\n<p><a href=\"#top\">Zur\u00fcck zum Anfang<\/a><\/p>\n\n\n\n<div class=\"wp-block-group\"><div class=\"wp-block-group__inner-container is-layout-constrained wp-block-group-is-layout-constrained\">\n<h2 class=\"wp-block-heading\" id=\"sopivuustaulukko\">Tabelle der Reifengr\u00f6\u00dfen<\/h2>\n\n\n\n<figure class=\"wp-block-table is-style-stripes\"><table><thead><tr><th>Felgenbreite<\/th><th>Mindestreifenbreite<\/th><th>Empfohlene Breiten<\/th><th>Maximale Reifenbreite<\/th><\/tr><\/thead><tbody><tr><td>7.5<\/td><td>205<\/td><td>215 - 225<\/td><td>235<\/td><\/tr><tr><td>8<\/td><td>215<\/td><td>225 - 235<\/td><td>245<\/td><\/tr><tr><td>8.5<\/td><td>225<\/td><td>235 - 245<\/td><td>255<\/td><\/tr><tr><td>9<\/td><td>235<\/td><td>245 - 255<\/td><td>265<\/td><\/tr><tr><td>9.5<\/td><td>245<\/td><td>255 - 265<\/td><td>275<\/td><\/tr><tr><td>10<\/td><td>255<\/td><td>265 - 275<\/td><td>285<\/td><\/tr><tr><td>10.5<\/td><td>265<\/td><td>275 - 285<\/td><td>295<\/td><\/tr><tr><td>11<\/td><td>275<\/td><td>285 - 295<\/td><td>305<\/td><\/tr><tr><td>11.5<\/td><td>285<\/td><td>295 - 305<\/td><td>315<\/td><\/tr><\/tbody><\/table><\/figure>\n<\/div><\/div>\n\n\n\n<p><a href=\"#top\">Zur\u00fcck zum Anfang<\/a><\/p>\n\n\n\n<div class=\"wp-block-group\"><div class=\"wp-block-group__inner-container is-layout-constrained wp-block-group-is-layout-constrained\">\n<h2 class=\"wp-block-heading\">Spezifikationen der Original-Felgen<\/h2>\n\n\n\n<p class=\"has-large-font-size\" id=\"m3_a\">Modell 3:<\/p>\n\n\n\n<p>Bolzenverteilung: 5\u00d7114,3 <br>Durchschnittliches Loch: 64,1 mm    <br>Muttern: 21 mm<br>Anzugsdrehmoment: 175 Nm<\/p>\n\n\n\n<figure class=\"wp-block-table is-style-stripes\"><table><thead><tr><th>Felge Zollgr\u00f6\u00dfe<\/th><th>Felgenbreite<\/th><th>DE<\/th><th>Original-Reifen<\/th><\/tr><\/thead><tbody><tr><td>18\u2033<\/td><td>8.5<\/td><td>40<\/td><td>235\/45\/R18<\/td><\/tr><tr><td>19\u2033<\/td><td>8.5<\/td><td>40<\/td><td>235\/40\/R19<\/td><\/tr><tr><td>20\u2033<\/td><td>9<\/td><td>34<\/td><td>235\/35\/R20 oder<br>245\/35\/R20<\/td><\/tr><\/tbody><\/table><\/figure>\n\n\n\n<p class=\"has-large-font-size\" id=\"my_a\">Modell Y:<\/p>\n\n\n\n<p>Bolzenverteilung: 5\u00d7114,3 <br>Durchschnittliches Loch: 64,1 mm    <br>Muttern: 21 mm<br>Anzugsdrehmoment: 175 Nm<\/p>\n\n\n\n<figure class=\"wp-block-table is-style-stripes\"><table><thead><tr><th>Felge Zollgr\u00f6\u00dfe<\/th><th>Felgenbreite<\/th><th>DE<\/th><th>Original-Reifen<\/th><\/tr><\/thead><tbody><tr><td>19\u2033<\/td><td>9.5<\/td><td>45<\/td><td>255\/45R19<\/td><\/tr><tr><td>20\u2033<\/td><td>9.5<\/td><td>45<\/td><td>255\/40R20<\/td><\/tr><tr><td>21\u2033<\/td><td>9.5 Vorderseite<br>10 Hinten<\/td><td>40 Vorderseite<br>48 Takana<\/td><td>255\/35R21 vorne<br>275\/35R21 hinten<\/td><\/tr><\/tbody><\/table><\/figure>\n\n\n\n<p class=\"has-large-font-size\" id=\"ms_a1\">Model S ab 2020:<\/p>\n\n\n\n<p>Bolzenverteilung: 5\u00d7120 <br>Durchschnittliches Loch: 64,1 mm    <br>Muttern: 21 mm<br>Anzugsdrehmoment: 175 Nm<\/p>\n\n\n\n<figure class=\"wp-block-table is-style-stripes\"><table><thead><tr><th>Felge Zollgr\u00f6\u00dfe<\/th><th>Felgenbreite<\/th><th>DE<\/th><th>Original-Reifen<\/th><\/tr><\/thead><tbody><tr><td>19\u2033<\/td><td>9.5 Vorderseite<br>10,5 Hinter<\/td><td>40 Vorderseite<br>45 Takana<\/td><td>255\/45R19 vorne<br>285\/40R19 hinten<\/td><\/tr><tr><td>21\u2033<\/td><td>9.5 Vorderseite<br>10,5 Hinter<\/td><td>40 Vorderseite<br>45 Takana<\/td><td>265\/35R21 vorne<br>295\/30R21 hinten<\/td><\/tr><\/tbody><\/table><\/figure>\n\n\n\n<p class=\"has-large-font-size\" id=\"ms_a2\">Model S 2012-2020:<\/p>\n\n\n\n<p>Bolzenverteilung: 5\u00d7120 <br>Durchschnittliches Loch: 64,1 mm    <br>Muttern: 21 mm<br>Anzugsdrehmoment: 175 Nm<\/p>\n\n\n\n<figure class=\"wp-block-table is-style-stripes\"><table><thead><tr><th>Felge Zollgr\u00f6\u00dfe<\/th><th>Felgenbreite<\/th><th>DE<\/th><th>Original-Reifen<\/th><\/tr><\/thead><tbody><tr><td>19\u2033<\/td><td>8,0 oder<br>8.5<\/td><td>40<br>45<\/td><td>245\/45R19<\/td><\/tr><tr><td>21\u2033<\/td><td>8.5<br>9,5 Hinter*<\/td><td>40<br>40<\/td><td>245\/35R21<br>265\/35R21**<\/td><\/tr><\/tbody><\/table><figcaption class=\"wp-element-caption\">*Wenn das Fahrzeug Performance Plus hat. <br> **Bei Fahrzeugen mit Allradantrieb Performance kann die Breite der Hinterreifen je nach Herstellungsdatum variieren. Einige Fahrzeuge k\u00f6nnen sowohl vorne als auch hinten mit Reifen der Gr\u00f6\u00dfe P245\/35R21 ausgestattet sein.<\/figcaption><\/figure>\n\n\n\n<p class=\"has-large-font-size\" id=\"mx_a1\">Model X ab 2020:<\/p>\n\n\n\n<p>Bolzenverteilung: 5\u00d7120 <br>Durchschnittliches Loch: 64,1 mm    <br>Muttern: 21 mm<br>Anzugsdrehmoment: 175 Nm<\/p>\n\n\n\n<figure class=\"wp-block-table is-style-stripes\"><table><thead><tr><th>Felge Zollgr\u00f6\u00dfe<\/th><th>Felgenbreite<\/th><th>DE<\/th><th>Original-Reifen<\/th><\/tr><\/thead><tbody><tr><td>20\u2033<\/td><td>9.0 Vorderseite<br>10,0 Hinter<\/td><td>40<br>30<\/td><td>265\/45R20 vorne<br>275\/45R20 hinten<\/td><\/tr><tr><td>22\u2033<\/td><td>9.0 Vorderseite<br>10,0 Hinter<\/td><td>40<br>30<\/td><td>265\/35R22 vorne<br>285\/35R22 hinten<\/td><\/tr><\/tbody><\/table><\/figure>\n\n\n\n<p class=\"has-large-font-size\" id=\"mx_a2\">Model X 2015-2020:<\/p>\n\n\n\n<p>Bolzenverteilung: 5\u00d7120 <br>Durchschnittliches Loch: 64,1 mm    <br>Muttern: 21 mm<br>Anzugsdrehmoment: 175 Nm<\/p>\n\n\n\n<figure class=\"wp-block-table is-style-stripes\"><table><thead><tr><th>Felge Zollgr\u00f6\u00dfe<\/th><th>Felgenbreite<\/th><th>DE<\/th><th>Original-Reifen<\/th><\/tr><\/thead><tbody><tr><td>20\u2033<\/td><td>9.0 Vorderseite<br>10,0 Hinter*<\/td><td>40<br>35<\/td><td>255\/45R20 vorne<br>275\/45R20 hinten<\/td><\/tr><tr><td>22\u2033<\/td><td>9.0 Vorderseite<br>10,0 Hinter<\/td><td>40<br>35<\/td><td>265\/35R22 vorne<br>285\/35R22 hinten<\/td><\/tr><\/tbody><\/table><figcaption class=\"wp-element-caption\">*Wenn das Fahrzeug mit Allwetterreifen ausgeliefert wird, kann die Felgenbreite 9,5\u2033 betragen.<\/figcaption><\/figure>\n\n\n\n<p><\/p>\n<\/div><\/div>\n\n\n\n<p><a href=\"#top\">Zur\u00fcck zum Anfang<\/a><\/p>\n\n\n\n<div class=\"wp-block-group\"><div class=\"wp-block-group__inner-container is-layout-constrained wp-block-group-is-layout-constrained\">\n<h2 class=\"wp-block-heading\" id=\"sopivuus\">Eignung von Reifen nach Fahrzeugmodell<\/h2>\n\n\n\n<p>Sie k\u00f6nnen diese Tabelle dennoch verwenden, um die Eignung der Felgen f\u00fcr Ihr Fahrzeug zu pr\u00fcfen. Die Liste zeigt die Felgengr\u00f6\u00dfen, die wir zur Verf\u00fcgung haben.<\/p>\n\n\n\n<p class=\"has-large-font-size\" id=\"m3_v\">Modell 3:<\/p>\n\n\n\n<figure class=\"wp-block-table is-style-stripes\"><table><thead><tr><th><br>Modell<\/th><th>Geeignete Tumorgr\u00f6\u00dfen<\/th><th>Geeignete ETs<\/th><th>Geeignete Breiten<\/th><\/tr><\/thead><tbody><tr><td>RWD<\/td><td>18\u2033<br>19\u2033<br>20\u2033<\/td><td>35 - 40<br>35 - 40<br>35 - 40<\/td><td>8.0, 8.5<br>8.0, 8.5<br>8.5, 9.0<\/td><\/tr><tr><td>LR <\/td><td>18\u2033<br>19\u2033<br>20\u2033<\/td><td>35 - 40<br>35 - 40<br>35 - 40<\/td><td>8.0, 8.5<br>8.0, 8.5<br>8.5, 9.0<\/td><\/tr><tr><td>Perf.<\/td><td>18\u2033<br>19\u2033<br>20\u2033<\/td><td>35<br>35<br>35 - 40*<\/td><td>8.0<br>8.0, 8.5<br>8.5, 9.0*<\/td><\/tr><\/tbody><\/table><figcaption class=\"wp-element-caption\">*Bei Performance passt ET40 nur auf eine 9\u2033 breite Felge, wenn es eine 20\u2033-Felge ist.<\/figcaption><\/figure>\n\n\n\n<p class=\"has-large-font-size\" id=\"my_v\">Modell Y:<\/p>\n\n\n\n<figure class=\"wp-block-table is-style-stripes\"><table><thead><tr><th><br>Modell<\/th><th>Geeignete Tumorgr\u00f6\u00dfen<\/th><th>Geeignete ETs<\/th><th>Geeignete Breiten<\/th><\/tr><\/thead><tbody><tr><td>RWD \/ AWD<\/td><td>18\u2033<br>19\u2033<br>20\u2033<\/td><td>35 - 40<br>35 - 45<br>40 - 45<\/td><td>8.0<br>8.5, 9.5<br>9.0, 9.5*<\/td><\/tr><tr><td>Perf.<\/td><td><br>19\u2033<br>20\u2033<\/td><td><br>35 - 45<br>40 - 45<\/td><td><br>8.5, 9.5**<br>9.0, 9.5*<\/td><\/tr><\/tbody><\/table><figcaption class=\"wp-element-caption\">*9,5\u2033 breit mit 20\u2033 Rand, ET muss 45 sein<br>** 9,5\u2033 breit mit 19\u2033 Felge ET kann nicht 35 sein<\/figcaption><\/figure>\n\n\n\n<p class=\"has-large-font-size\" id=\"ms_v\">Model S:<\/p>\n\n\n\n<figure class=\"wp-block-table is-style-stripes\"><table><thead><tr><th><br>Modell<\/th><th>Geeignete Tumorgr\u00f6\u00dfen<\/th><th>Geeignete ETs<\/th><th>Geeignete Breiten<\/th><\/tr><\/thead><tbody><tr><td>2012 - 2016<\/td><td>19\u2033<br>20\u2033<br>21\u2033<br>22\u2033<\/td><td>35 - 40<br>35 - 40<br>35 - 40<br>35 - 40<\/td><td>8.0, 8.5<br>8.5, 9.0<br>8.5<br>9.0<\/td><\/tr><tr><td>Facelift 2016 - 2021<\/td><td>19\u2033<br>20\u2033<br>21\u2033<br>22\u2033<\/td><td>35 - 40<br>35 - 40<br>35 - 40<br>35 - 40<\/td><td>8.0, 8.5<br>8.5, 9.0<br>8.5<br>9.0<\/td><\/tr><tr><td>Kariert &amp; LR 2021 -&gt;<\/td><td>19\u2033<br>20\u2033<br>21\u2033<\/td><td>35 - 40<br>35 - 40<br>35 - 40<\/td><td>8.5<br>8.5, 9.0<br>9.0, 9,5*<\/td><\/tr><tr><td><\/td><td><\/td><td><\/td><td><\/td><\/tr><\/tbody><\/table><figcaption class=\"wp-element-caption\">*9,5\u2033 breite 21\u2033-Felge erfordert ET40<\/figcaption><\/figure>\n\n\n\n<p class=\"has-large-font-size\" id=\"mx_v\">Model X:<\/p>\n\n\n\n<figure class=\"wp-block-table is-style-stripes\"><table><thead><tr><th><br>Modell<\/th><th>Geeignete Tumorgr\u00f6\u00dfen<\/th><th>Geeignete ETs<\/th><th>Geeignete Breiten<\/th><\/tr><\/thead><tbody><tr><td>2016 - 2021<\/td><td>19\u2033<br>20\u2033<br>21\u2033<br>22\u2033<\/td><td>35 <br>35 <br>35<br>35 <\/td><td>8.0, 8.5<br>9.0<br>9.0<br>9.0, 9.5<\/td><\/tr><tr><td>Kariert &amp; LR 2021 -&gt;<\/td><td>20\u2033<br>21\u2033<br>22\u2033<\/td><td>35 - 40<br>35 - 40<br>35 - 40<\/td><td>9.0<br>9.0, 9.5<br>9.0, 9.5<\/td><\/tr><tr><td><\/td><td><\/td><td><\/td><td><\/td><\/tr><\/tbody><\/table><\/figure>\n<\/div><\/div>\n\n\n\n<p><a href=\"#top\">Zur\u00fcck zum Anfang<\/a><\/p>\n\n\n\n<div class=\"wp-block-group\"><div class=\"wp-block-group__inner-container is-layout-constrained wp-block-group-is-layout-constrained\">\n<h2 class=\"wp-block-heading\" id=\"staggered\">Gestaffelt<\/h2>\n\n\n\n<p>Bei einem versetzten Satz sind die Hinterr\u00e4der und Reifen des Fahrzeugs breiter als die Vorderr\u00e4der. Dies ist eine beliebte Konfiguration, insbesondere f\u00fcr leistungsst\u00e4rkere und sportliche Fahrzeuge. Die versetzte Anordnung verbessert das Handling des Fahrzeugs an der Front und erh\u00f6ht die Haftung am Heck. <\/p>\n\n\n\n<p><br>Nachstehend finden Sie einige Beispiele f\u00fcr Breiten, die bei diesen Modellen von unseren Felgenlieferanten als gestaffelte Breiten verwendet werden k\u00f6nnen.<\/p>\n\n\n\n<figure id=\"staggered_lista\" class=\"wp-block-table is-style-stripes\"><table><thead><tr><th>Modell<\/th><th>Weiterleiten<\/th><th>Zur\u00fcck zu<\/th><\/tr><\/thead><tbody><tr><td>Modell 3 Perf.<\/td><td>19\u00d78,5 ET35<br>20\u00d78.5 ET35<\/td><td>19\u00d79,5 ET40<br>20\u00d79.0 ET40<\/td><\/tr><tr><td>Modell Y Perf.<\/td><td>20\u00d79.0 ET40<\/td><td>20\u00d79,5 ET45<\/td><\/tr><tr><td>Modell S 2012 - 2021<\/td><td>19\u00d78,5 ET40<br>20\u00d79.0 ET35<br>21\u00d78,5 ET40<br>22\u00d79.0 ET35<\/td><td>19\u00d710 ET45<br>20\u00d710 ET35<br>21\u00d79.0 ET40<br>22\u00d710 ET35<\/td><\/tr><tr><td>Modell S Kariert &amp; LR<br>2021 -&gt;<\/td><td>19\u00d78,5 ET40<br>20\u00d79.0 ET35<br>21\u00d79,5 ET40<\/td><td>19\u00d710 ET45<br>20\u00d710 ET35<br>21\u00d710,5 ET45<\/td><\/tr><tr><td>Model X 2016 - 2021<\/td><td>20\u00d79.0 ET35<br>22\u00d79.0 ET35<\/td><td>20\u00d710 ET35<br>22\u00d710 ET35<\/td><\/tr><tr><td>Model X Kariert &amp; LR<br>2021 -&gt;<\/td><td>20\u00d79.0 ET35<br>21\u00d79.0 ET40<br>22\u00d79.0 ET35<\/td><td>20\u00d710 ET35<br>21\u00d710 ET35<br>22\u00d710 ET35<\/td><\/tr><\/tbody><\/table><\/figure>\n<\/div><\/div>\n\n\n\n<p><a href=\"#top\">Zur\u00fcck zum Anfang<\/a><\/p>","protected":false},"excerpt":{"rendered":"<p>Rengas- ja vannetietoa T\u00e4\u00e4lt\u00e4 l\u00f6yd\u00e4t k\u00e4tev\u00e4sti tietoa mitk\u00e4 renkaat sopivat millekin vanteille, ja mitk\u00e4 vanteet taas millekin Teslalle. Hakemisto: &#8211; Vanteen ET ja sen valinta &#8211; Renkaiden sopivuustaulukko Alkuper\u00e4isten vanteiden tiedot: &#8211; Model 3 &#8211; Model Y &#8211; Model S 2020 Eteenp\u00e4in &#8211; Model S 2012 &#8211; 2020 &#8211; Model X 2020 Eteenp\u00e4in &#8211; Model [&hellip;]<\/p>\n","protected":false},"author":1104,"featured_media":0,"parent":0,"menu_order":0,"comment_status":"closed","ping_status":"closed","template":"","meta":{"footnotes":""},"class_list":["post-16103","page","type-page","status-publish","hentry"],"jetpack_sharing_enabled":true,"_links":{"self":[{"href":"https:\/\/www.vempele.fi\/de\/wp-json\/wp\/v2\/pages\/16103","targetHints":{"allow":["GET"]}}],"collection":[{"href":"https:\/\/www.vempele.fi\/de\/wp-json\/wp\/v2\/pages"}],"about":[{"href":"https:\/\/www.vempele.fi\/de\/wp-json\/wp\/v2\/types\/page"}],"author":[{"embeddable":true,"href":"https:\/\/www.vempele.fi\/de\/wp-json\/wp\/v2\/users\/1104"}],"replies":[{"embeddable":true,"href":"https:\/\/www.vempele.fi\/de\/wp-json\/wp\/v2\/comments?post=16103"}],"version-history":[{"count":0,"href":"https:\/\/www.vempele.fi\/de\/wp-json\/wp\/v2\/pages\/16103\/revisions"}],"wp:attachment":[{"href":"https:\/\/www.vempele.fi\/de\/wp-json\/wp\/v2\/media?parent=16103"}],"curies":[{"name":"wp","href":"https:\/\/api.w.org\/{rel}","templated":true}]}}