{"id":16503,"date":"2023-02-21T10:16:18","date_gmt":"2023-02-21T08:16:18","guid":{"rendered":"https:\/\/www.vempele.fi\/toimitus-ja-maksutavat-copy\/"},"modified":"2023-03-29T15:19:59","modified_gmt":"2023-03-29T12:19:59","slug":"zahlungsverfahren","status":"publish","type":"page","link":"https:\/\/www.vempele.fi\/de\/maksutavat\/","title":{"rendered":"Zahlungsm\u00f6glichkeiten"},"content":{"rendered":"<div style=\"height:31px\" aria-hidden=\"true\" class=\"wp-block-spacer\"><\/div>\n\n\n\n<p>F\u00fcr Vempelee-Abonnements steht eine breite Palette von Zahlungsm\u00f6glichkeiten zur Verf\u00fcgung. Bitte kontaktieren Sie uns, wenn Sie Fragen zur Zahlung haben.<\/p>\n\n\n\n<p><strong>Bankgeb\u00fchren:<\/strong>&nbsp;Nordea, Osuuspankki, Danske Bank, S\u00e4\u00e4st\u00f6pankki, Oma S\u00e4\u00e4st\u00f6pankki, POP Bank, Aktia, Handelsbanken, \u00c5landsbanken und S-Pankki<br><strong><br>Zahlung mit Karte:<\/strong>&nbsp;Visa, Mastercard und American Express<\/p>\n\n\n\n<p><strong>Mobiles Bezahlen:<\/strong>&nbsp;MobilePay, PiVo, \u00dcberweisung<\/p>\n\n\n<div class=\"wp-block-image\">\n<figure class=\"aligncenter size-full\"><img loading=\"lazy\" decoding=\"async\" width=\"800\" height=\"160\" src=\"https:\/\/www.vempele.fi\/wp-content\/uploads\/2023\/02\/Paytrail-Vempele-pankit-visa-mastercard-mobilepay.png\" alt=\"\" class=\"wp-image-16569\" srcset=\"https:\/\/www.vempele.fi\/wp-content\/uploads\/2023\/02\/Paytrail-Vempele-pankit-visa-mastercard-mobilepay.png 800w, https:\/\/www.vempele.fi\/wp-content\/uploads\/2023\/02\/Paytrail-Vempele-pankit-visa-mastercard-mobilepay-300x60.png 300w, https:\/\/www.vempele.fi\/wp-content\/uploads\/2023\/02\/Paytrail-Vempele-pankit-visa-mastercard-mobilepay-768x154.png 768w, https:\/\/www.vempele.fi\/wp-content\/uploads\/2023\/02\/Paytrail-Vempele-pankit-visa-mastercard-mobilepay-416x83.png 416w\" sizes=\"auto, (max-width: 800px) 100vw, 800px\" \/><\/figure>\n<\/div>\n\n\n<h2 class=\"wp-block-heading\">Bezahlen vor Ort<\/h2>\n\n\n\n<p>Wenn Sie Ihre Produkte abholen, k\u00f6nnen Sie ganz einfach zus\u00e4tzliche Eink\u00e4ufe t\u00e4tigen und mit Ihrer Karte bezahlen.<\/p>\n\n\n\n<p>Ps. Wir empfehlen, im Voraus zu bezahlen, damit Sie unsere Arbeit beschleunigen.<\/p>\n\n\n\n<h2 class=\"wp-block-heading\">Unternehmen<\/h2>\n\n\n\n<p>Die oben genannten Zahlungsmethoden sind auch f\u00fcr Unternehmen verf\u00fcgbar. Wir bieten derzeit keine Gesch\u00e4ftskonten an.<\/p>\n\n\n\n<p>Sie m\u00f6chten eine gr\u00f6\u00dfere Menge an Waren bei uns bestellen? Schicken Sie uns eine Nachricht und wir werden die Lieferung und Rechnungsstellung f\u00fcr Sie organisieren.<\/p>\n\n\n\n<p>Bei Problemen wenden Sie sich bitte an uns.<\/p>","protected":false},"excerpt":{"rendered":"<p>Vempeleen tilaukset on mahdollista maksaa laajasti erilaisilla maksutavoilla. Ota yhteytt\u00e4 meihin, jos sinulla her\u00e4\u00e4 kysymyksi\u00e4 maksamisesta. Pankkimaksut:&nbsp;Nordea, Osuuspankki, Danske Bank, S\u00e4\u00e4st\u00f6pankki, Oma S\u00e4\u00e4st\u00f6pankki, POP Pankki, Aktia, Handelsbanken, \u00c5landsbanken ja S-PankkiKorttimaksaminen:&nbsp;Visa, Mastercard ja American Express Mobiilimaksaminen:&nbsp;MobilePay, PiVo, Siirto Paikan p\u00e4\u00e4ll\u00e4 maksaminen Tuotteita noutaessa voit tehd\u00e4 k\u00e4tev\u00e4sti lis\u00e4ostoksia ja maksaa ne kortilla. Ps. Suosittelemme maksamista etuk\u00e4teen, niin [&hellip;]<\/p>\n","protected":false},"author":2,"featured_media":0,"parent":0,"menu_order":0,"comment_status":"closed","ping_status":"closed","template":"","meta":{"footnotes":""},"class_list":["post-16503","page","type-page","status-publish","hentry"],"jetpack_sharing_enabled":true,"_links":{"self":[{"href":"https:\/\/www.vempele.fi\/de\/wp-json\/wp\/v2\/pages\/16503","targetHints":{"allow":["GET"]}}],"collection":[{"href":"https:\/\/www.vempele.fi\/de\/wp-json\/wp\/v2\/pages"}],"about":[{"href":"https:\/\/www.vempele.fi\/de\/wp-json\/wp\/v2\/types\/page"}],"author":[{"embeddable":true,"href":"https:\/\/www.vempele.fi\/de\/wp-json\/wp\/v2\/users\/2"}],"replies":[{"embeddable":true,"href":"https:\/\/www.vempele.fi\/de\/wp-json\/wp\/v2\/comments?post=16503"}],"version-history":[{"count":0,"href":"https:\/\/www.vempele.fi\/de\/wp-json\/wp\/v2\/pages\/16503\/revisions"}],"wp:attachment":[{"href":"https:\/\/www.vempele.fi\/de\/wp-json\/wp\/v2\/media?parent=16503"}],"curies":[{"name":"wp","href":"https:\/\/api.w.org\/{rel}","templated":true}]}}