{"id":59,"date":"2018-05-21T12:28:47","date_gmt":"2018-05-21T12:28:47","guid":{"rendered":"https:\/\/www.vempele.fi\/?page_id=59"},"modified":"2025-12-01T13:00:21","modified_gmt":"2025-12-01T11:00:21","slug":"liefermethoden","status":"publish","type":"page","link":"https:\/\/www.vempele.fi\/de\/toimitustavat\/","title":{"rendered":"Liefermethoden und Auftragsbedingungen"},"content":{"rendered":"<h2 class=\"wp-block-heading\">Liefermethoden und -zeiten<\/h2>\n\n\n\n<p>Post und Matkahuolto: Post- und Matkahuolto-Pakete werden in der Regel am Werktag nach der Bestellung bearbeitet und zugestellt. Postabholpakete werden innerhalb von 1-3 Tagen zugestellt. Post- und Kurierdienste versprechen eine Zustellung innerhalb von 1-3 Arbeitstagen.<\/p>\n\n\n\n<p>DB Schenker und PostNord: Die Pakete werden in der Regel am Werktag nach der Bestellung bearbeitet. Die Pakete werden t\u00e4glich bei uns zum Transport abgeholt.<strong>&nbsp;<\/strong>Die Lieferzeit f\u00fcr Pick-up-Pakete betr\u00e4gt 1-3 Tage ab dem Zeitpunkt der \u00dcbergabe der Pakete von uns an den Kurier.<\/p>\n\n\n\n<p><strong>Achtung!<\/strong> Beachten Sie, dass es sich bei den Zeiten um Sch\u00e4tzungen handelt. Die endg\u00fcltige Lieferzeit kann durch den Zeitpunkt der Bestellung, die Bearbeitung der Bestellung und eventuelle Streiks oder Verz\u00f6gerungen durch Spediteure beeinflusst werden.<\/p>\n\n\n\n<h2 class=\"wp-block-heading\" id=\"ilmainen_toimitus\">Kostenlose Lieferung<\/h2>\n\n\n\n<p>Vempele bietet eine kostenlose Lieferung f\u00fcr Bestellungen \u00fcber 150\u20ac. Kostenlose Lieferung ist jetzt auch auf G\u00fcrtel Bestellungen und Monaco GP Reifen\/Felgen Pakete Model 3 und Model Y. Kostenloser Versand verf\u00fcgbar. <strong>gilt nicht f\u00fcr<\/strong> Bestellungen mit anderen Reifen. Die Bestellung wird an die n\u00e4chstgelegene Abholstelle geliefert, und zwar mit der jeweils g\u00fcnstigsten verf\u00fcgbaren Liefermethode. <br>Der kostenlose Versand gilt nur f\u00fcr Verk\u00e4ufe in Finnland und an Verbraucher. <\/p>\n\n\n\n<h2 class=\"wp-block-heading\">Abgerufen von<\/h2>\n\n\n\n<p>Sie haben die M\u00f6glichkeit, sich Ihre Bestellung per Abholung liefern zu lassen. In diesem Fall m\u00fcssen Sie keine Lieferkosten bezahlen. Die Bestellung muss an einer Abholstelle in Pirkkala, in der N\u00e4he des Jidoka-B\u00fcros, abgeholt werden. Wir sind werktags von 8-16 Uhr ge\u00f6ffnet. <strong>Paavontie 4, 33960 Pirkkala<\/strong>. Herzlich willkommen!<\/p>\n\n\n\n<h2 class=\"wp-block-heading\">R\u00fcckgabebedingungen<\/h2>\n\n\n\n<p>Die R\u00fcckgabebedingungen sind zu finden unter <a href=\"https:\/\/www.vempele.fi\/de\/ruckgabebedingungen\/\">Hier.<\/a><\/p>\n\n\n\n<h2 class=\"wp-block-heading\" id=\"h-maksupalvelutarjoaja\">Anbieter von Zahlungsdiensten<\/h2>\n\n\n\n<p>Der Zahlungsdienst wird von Paytrail Oyj (2122839-7) in Zusammenarbeit mit finnischen Banken und Kreditinstituten angeboten. Paytrail Oyj erscheint als Empf\u00e4nger der Zahlung auf dem Kontoauszug oder der Kartenrechnung und leitet die Zahlung an den H\u00e4ndler weiter. Paytrail Oyj ist ein zugelassenes Zahlungsinstitut. Bei Beschwerden wenden Sie sich bitte in erster Linie an den Anbieter des Produkts.<\/p>\n\n\n\n<p>Paytrail Oyj, Gesch\u00e4ftsnummer: 2122839-7<br>Innova 2<br>Lutakonaukio 7<br>40100 Jyv\u00e4skyl\u00e4, Finnland<br><a href=\"https:\/\/www.paytrail.com\/kuluttaja\/tietoa-maksamisesta\" target=\"_blank\" rel=\"noreferrer noopener\">paytrail.com\/verbraucher\/ueber-bezahlen<\/a><\/p>\n\n\n\n<h2 class=\"wp-block-heading\">Beanstandungen und Meldung von Transportsch\u00e4den<\/h2>\n\n\n\n<p>Eventuelle Reklamationen bez\u00fcglich der Bestellung oder der Lieferung sind innerhalb von sieben (7) Tagen nach Erhalt der Bestellung an folgende Adresse zu senden.&nbsp;<a href=\"mailto:vempele@vempele.fi\" target=\"_blank\" rel=\"noreferrer noopener\">vempele@vempele.fi<\/a>. Reklamationen, die sp\u00e4ter als 7 Tage nach Erhalt des Produkts bei uns eingehen, werden nicht bearbeitet.<\/p>\n\n\n\n<p>Pflichten des Empf\u00e4ngers und Transportsch\u00e4den: Nach dem Gesetz \u00fcber den Bef\u00f6rderungsvertrag im Stra\u00dfenverkehr (TKSL) muss der Empf\u00e4nger die Sendung beim Empfang pr\u00fcfen und sofort auf \u00e4u\u00dferlich erkennbare Sch\u00e4den (L\u00f6cher, offene B\u00e4nder, gerissene Ecken usw.) hinweisen. In solchen F\u00e4llen muss sofort ein Vorbehalt (Eintrag) im Frachtbrief oder auf der Paketkarte gemacht werden. Geben Sie die Art der Besch\u00e4digung an. Bitten Sie den Vertreter des Spediteurs um eine Empfangsbest\u00e4tigung und wenden Sie sich umgehend per E-Mail an unseren Kundendienst. F\u00fcgen Sie Fotos der besch\u00e4digten Waren bei.<\/p>\n\n\n\n<p>Versteckte Sch\u00e4den (Sch\u00e4den, die zum Zeitpunkt des Empfangs nicht mit den Augen zu sehen sind) m\u00fcssen innerhalb von 7 Tagen nach der Lieferung mit Fotos und einer Schadensbeschreibung an den Kundendienst von Vempelee gemeldet werden. Nach 7 Tagen endet die Haftung des Spediteurs. Besch\u00e4digte oder defekte Produkte, die an Vempele zur\u00fcckgeschickt werden, m\u00fcssen ordnungsgem\u00e4\u00df verpackt sein, um weitere Sch\u00e4den zu vermeiden.<\/p>\n\n\n\n<h2 class=\"wp-block-heading\" id=\"h-yritysmyynti\">Unternehmensverk\u00e4ufe<\/h2>\n\n\n\n<p>Die oben genannten Bedingungen und Informationen gelten nur f\u00fcr Verk\u00e4ufe an Verbraucher. F\u00fcr Verk\u00e4ufe an Unternehmen \u00fcbernehmen wir keine Garantie und wenden das Gesetz an.<\/p>","protected":false},"excerpt":{"rendered":"<p>Toimitustavat ja -ajat Posti ja Matkahuolto: Postin ja Matkahuollon paketit k\u00e4sitell\u00e4\u00e4n ja vied\u00e4\u00e4n toimitettaviksi p\u00e4\u00e4s\u00e4\u00e4nt\u00f6isesti tilausta seuraavana arkip\u00e4iv\u00e4n\u00e4. Postin noutopaketit toimitetaan 1-3 p\u00e4iv\u00e4ss\u00e4. Matkahuolto lupaa toimituksen 1-3 arkivuorokauden kuluessa. DB Schenker ja PostNord: Paketit k\u00e4sitell\u00e4\u00e4n p\u00e4\u00e4s\u00e4\u00e4nt\u00f6isesti tilausta seuraavana arkip\u00e4iv\u00e4n\u00e4. Paketit noudetaan meilt\u00e4 kuljetukseen p\u00e4ivitt\u00e4in.&nbsp;Noutopistepakettien toimitusaika on 1-3 p\u00e4iv\u00e4\u00e4 alkaen siit\u00e4, kun paketit ovat siirtyneet meilt\u00e4 [&hellip;]<\/p>\n","protected":false},"author":2,"featured_media":0,"parent":0,"menu_order":0,"comment_status":"closed","ping_status":"closed","template":"","meta":{"footnotes":""},"class_list":["post-59","page","type-page","status-publish","hentry"],"jetpack_sharing_enabled":true,"_links":{"self":[{"href":"https:\/\/www.vempele.fi\/de\/wp-json\/wp\/v2\/pages\/59","targetHints":{"allow":["GET"]}}],"collection":[{"href":"https:\/\/www.vempele.fi\/de\/wp-json\/wp\/v2\/pages"}],"about":[{"href":"https:\/\/www.vempele.fi\/de\/wp-json\/wp\/v2\/types\/page"}],"author":[{"embeddable":true,"href":"https:\/\/www.vempele.fi\/de\/wp-json\/wp\/v2\/users\/2"}],"replies":[{"embeddable":true,"href":"https:\/\/www.vempele.fi\/de\/wp-json\/wp\/v2\/comments?post=59"}],"version-history":[{"count":1,"href":"https:\/\/www.vempele.fi\/de\/wp-json\/wp\/v2\/pages\/59\/revisions"}],"predecessor-version":[{"id":44421,"href":"https:\/\/www.vempele.fi\/de\/wp-json\/wp\/v2\/pages\/59\/revisions\/44421"}],"wp:attachment":[{"href":"https:\/\/www.vempele.fi\/de\/wp-json\/wp\/v2\/media?parent=59"}],"curies":[{"name":"wp","href":"https:\/\/api.w.org\/{rel}","templated":true}]}}