{"id":12269,"date":"2022-07-26T13:46:47","date_gmt":"2022-07-26T10:46:47","guid":{"rendered":"https:\/\/www.vempele.fi\/?post_type=product&#038;p=12269"},"modified":"2026-01-07T11:59:06","modified_gmt":"2026-01-07T09:59:06","slug":"tesla-t-shirt","status":"publish","type":"product","link":"https:\/\/www.vempele.fi\/de\/tuote\/tesla-t-paita\/","title":{"rendered":"Tesla-T-Shirt"},"content":{"rendered":"<p>Tesla-T-Shirt<\/p>\n<ul>\n<li>Gr\u00f6\u00dfen: XS-XXL (Achtung! Kollektion in asiatischen Gr\u00f6\u00dfen!)<\/li>\n<li>Farbe: blau<\/li>\n<li>Material: Polyester<\/li>\n<li>Pflege: (Fein-)W\u00e4sche bei 40\u02daC, ggf. B\u00fcgeln bei 110\/150\u02daC (ein\/zwei Punkte)<\/li>\n<li>Name: Blaues T-Shirt mit Tesla-Logo<\/li>\n<\/ul>","protected":false},"excerpt":{"rendered":"<p>Ein Hoch auf die Tesla-Fans! Ein l\u00e4ssiges T-Shirt mit einem gro\u00dfen Logo passt zu Liebhabern von Qualit\u00e4tsautos in allen Gr\u00f6\u00dfen.<\/p>\n<p><strong>Die Gr\u00f6\u00dfentabelle ist ein Richtwert.<\/strong> Die Gr\u00f6\u00dfen sind asiatische Gr\u00f6\u00dfen, daher sollten Sie eine Nummer gr\u00f6\u00dfer als normal w\u00e4hlen.<\/p>\n<table>\n<tbody>\n<tr>\n<th><\/th>\n<th>XS<\/th>\n<th>S<\/th>\n<th>M<\/th>\n<th>L<\/th>\n<th>XL<\/th>\n<th>XXL<\/th>\n<\/tr>\n<tr>\n<td>Breite des Gullys<\/td>\n<td>84<\/td>\n<td>88<\/td>\n<td>92<\/td>\n<td>96<\/td>\n<td>100<\/td>\n<td>106<\/td>\n<\/tr>\n<tr>\n<td>L\u00e4nge des Hemdes<\/td>\n<td>60<\/td>\n<td>63<\/td>\n<td>65<\/td>\n<td>67<\/td>\n<td>69<\/td>\n<td>71<\/td>\n<\/tr>\n<tr>\n<td>Schulterg\u00fcrtel<\/td>\n<td>38<\/td>\n<td>40<\/td>\n<td>42<\/td>\n<td>44<\/td>\n<td>46<\/td>\n<td>48<\/td>\n<\/tr>\n<\/tbody>\n<\/table>\n<p>&nbsp;<\/p>","protected":false},"featured_media":12282,"comment_status":"open","ping_status":"closed","template":"","meta":[],"product_brand":[],"product_cat":[457,128],"product_tag":[380,378,382,121,381],"class_list":{"0":"post-12269","1":"product","2":"type-product","3":"status-publish","4":"has-post-thumbnail","6":"product_cat-pukeutuminen","7":"product_cat-tesla-tuotteet","8":"product_tag-paita","9":"product_tag-pikeepaita","10":"product_tag-t-paita","11":"product_tag-tesla","12":"product_tag-vaatetus","14":"first","15":"instock","16":"taxable","17":"shipping-taxable","18":"purchasable","19":"product-type-variable"},"jetpack_sharing_enabled":true,"_links":{"self":[{"href":"https:\/\/www.vempele.fi\/de\/wp-json\/wp\/v2\/product\/12269","targetHints":{"allow":["GET"]}}],"collection":[{"href":"https:\/\/www.vempele.fi\/de\/wp-json\/wp\/v2\/product"}],"about":[{"href":"https:\/\/www.vempele.fi\/de\/wp-json\/wp\/v2\/types\/product"}],"replies":[{"embeddable":true,"href":"https:\/\/www.vempele.fi\/de\/wp-json\/wp\/v2\/comments?post=12269"}],"wp:featuredmedia":[{"embeddable":true,"href":"https:\/\/www.vempele.fi\/de\/wp-json\/wp\/v2\/media\/12282"}],"wp:attachment":[{"href":"https:\/\/www.vempele.fi\/de\/wp-json\/wp\/v2\/media?parent=12269"}],"wp:term":[{"taxonomy":"product_brand","embeddable":true,"href":"https:\/\/www.vempele.fi\/de\/wp-json\/wp\/v2\/product_brand?post=12269"},{"taxonomy":"product_cat","embeddable":true,"href":"https:\/\/www.vempele.fi\/de\/wp-json\/wp\/v2\/product_cat?post=12269"},{"taxonomy":"product_tag","embeddable":true,"href":"https:\/\/www.vempele.fi\/de\/wp-json\/wp\/v2\/product_tag?post=12269"}],"curies":[{"name":"wp","href":"https:\/\/api.w.org\/{rel}","templated":true}]}}