{"id":12544,"date":"2022-08-17T15:32:34","date_gmt":"2022-08-17T12:32:34","guid":{"rendered":"https:\/\/www.vempele.fi\/?post_type=product&#038;p=12544"},"modified":"2025-12-11T09:39:06","modified_gmt":"2025-12-11T07:39:06","slug":"nokia-reifen-hakkapeliitta-r5-sommer-235-55r18-104r-xl","status":"publish","type":"product","link":"https:\/\/www.vempele.fi\/de\/tuote\/nokia-tyres-hakkapeliitta-r5-suv-235-55r18-104r-xl\/","title":{"rendered":"Nokian Tyres Hakkapeliitta R5 SUV 235\/55R18 104R XL - Modell Y"},"content":{"rendered":"<p>1 St\u00fcck Nokian Tyres Hakkapeliitta R5 SUV 235\/55R18 104R XL<\/p>\n<ul>\n<li class=\"single-product__section-title\">EU-Reifenkennzeichnung<\/li>\n<li>Typ: Reibungsreifen<\/li>\n<li>Zentimeter: 18<\/li>\n<li>Breite: 235<\/li>\n<li>Profil: 55<\/li>\n<li class=\"single-product__section-title\">Geschwindigkeitskategorie: 170km\/h (T)<\/li>\n<li class=\"single-product__section-title\">Tragf\u00e4higkeit: 900kg (104)<\/li>\n<\/ul>","protected":false},"excerpt":{"rendered":"<p class=\"single-product__title\">Nokian Tyres Hakkapeliitta R5 SUV 235\/55R18 104R XL.<\/p>\n<p>Friktionsreifen. Besonders empfohlen f\u00fcr Tesla Model Y.<\/p>\n<p>Der Hakkapeliitta R5 SUV ist ein Reibungsreifen f\u00fcr Pkw, Crossover und SUVs. Der Hakkapeliitta R5 SUV wurde speziell f\u00fcr leistungsstarke und gro\u00dfe Fahrzeuge entwickelt und gew\u00e4hrleistet optimierte Stabilit\u00e4t, Festigkeit und Verschlei\u00dffestigkeit, w\u00e4hrend er hohe Radlasten mit Pr\u00e4zision und Zuverl\u00e4ssigkeit bew\u00e4ltigt. Einzigartige Arctic Grip Crystals Partikel sorgen f\u00fcr erstklassige Leistung auf Eis. Aramid-verst\u00e4rkte Seitenw\u00e4nde f\u00fcr verbesserte Haltbarkeit und Pannenschutz.<\/p>\n<p class=\"ewa-rteLine\">- Sauberer Winterdienst und ausgewogenes Fahren<br \/>\n- Bessere Stabilit\u00e4t und h\u00f6herer Fahrkomfort<br \/>\n- Umweltfreundliche Mobilit\u00e4t und Kraftstoffeinsparung<br \/>\n- Aramid-verst\u00e4rkte Seitenfl\u00e4chen f\u00fcr Haltbarkeit und Schutz<\/p>\n<p class=\"ewa-rteLine\">PURE LENGTH<\/p>\n<p class=\"ewa-rteLine\">Der Winter bringt unberechenbare und manchmal gef\u00e4hrliche Fahrbedingungen mit sich. Es ist wichtig, dass Sie sich auf Ihre Reifen verlassen k\u00f6nnen. Der Hakkapeliitta R5 SUV eignet sich f\u00fcr alle Fahrbedingungen im n\u00f6rdlichen Winter und bietet Leistung und Berechenbarkeit auf glatten, nassen, vereisten und verschneiten Stra\u00dfen. Das neue Double Block Grip-Design sorgt f\u00fcr hervorragenden Grip und Handling. Arctic Grip Crystals Partikel, die wie eingebaute Spikes wirken, sorgen f\u00fcr ein hervorragendes Fahrverhalten auf Eis. Im Laufe des Reifens l\u00f6sen sich die Partikel und dienen bei Bedarf als Traktionsreserve.<\/p>\n<p class=\"ewa-rteLine\">PURE CONTROL<\/p>\n<p class=\"ewa-rteLine\">Der Hakkapeliitta R5 SUV hat eine starke Karkassenstruktur, die die Fahrstabilit\u00e4t und Best\u00e4ndigkeit verbessert und dem Fahrer Sicherheit f\u00fcr die unterschiedlichen Fahrbedingungen des Winters gibt, von verschneiten und vereisten Stra\u00dfen bis hin zu rissigen und holprigen Stra\u00dfen. F\u00fcr zus\u00e4tzlichen Schutz und Best\u00e4ndigkeit verf\u00fcgt der Reifen \u00fcber Aramid-verst\u00e4rkte Seitenw\u00e4nde. Die starke und synthetische Aramidfaser, die in der Mischung verwendet wird, verst\u00e4rkt die Seitenw\u00e4nde und erh\u00f6ht die Widerstandsf\u00e4higkeit des Reifens gegen St\u00f6\u00dfe und Schnitte. Das gleiche Material wird auch in der Luft- und Raumfahrt und im Verteidigungsbereich verwendet.<\/p>\n<p class=\"ewa-rteLine\">UMWELTFREUNDLICHKEIT PUR<\/p>\n<p class=\"ewa-rteLine\">Der Hakkapeliitta R5 SUV wurde mit einer Auswahl an Materialien entwickelt, die den CO2-Fu\u00dfabdruck des Reifens reduzieren. Die f\u00fcr SUVs entwickelte Green Trace-Mischung sorgt daf\u00fcr, dass der Hakkapeliitta R5 SUV hervorragende Wintereigenschaften, eine hohe Laufleistung und einen geringen Rollwiderstand aufweist, was die Stabilit\u00e4t und Langlebigkeit des Reifens weiter verbessert. Die Hartgummimischung, die in einem weiten Temperaturbereich einsetzbar ist, sorgt f\u00fcr eine lange Lebensdauer des Reifens, und der geringe Rollwiderstand spart Kraftstoff und reduziert sch\u00e4dliche Emissionen.<\/p>\n<p class=\"ewa-rteLine\">UNERSCH\u00dcTTERLICHER GRIP AUF EIS UND \u00dcBERLEGENES HANDLING<\/p>\n<p class=\"ewa-rteLine\">Die mikroskopisch kleinen Arctic Grip Crystals, die in den Oberfl\u00e4chengummi des Hakkapeliitta R5 SUV eingearbeitet sind, wirken wie eingebaute Spikes, die scharfe und dauerhafte Griffkanten im Gummi erzeugen. Mit der Abnutzung des Reifens treten die Partikel hervor und dienen als dringend ben\u00f6tigte Grip-Reserve.<\/p>\n<p class=\"ewa-rteLine\">Der \u00fcberragende Grip und das Handling des Hakkapeliitta R5 beruhen auf dem neuen Double Block Grip Design, das besonders in den Schulterbereichen des Reifens zum Tragen kommt. Die starre Reihe von gemusterten Bl\u00f6cken beginnt in der Mitte und setzt sich katha zu den Schulterbereichen hin fort. Der 40% hat im Vergleich zu seinem Vorg\u00e4nger mehr Profilbl\u00f6cke in den Schulter- und Zwischenbereichen des Reifens, was bedeutet, dass in der Aufstandsfl\u00e4che mehr Gummi in Kontakt mit der Fahrbahnoberfl\u00e4che ist. Dies bedeutet, dass die Haftung des Reifens auf rutschigem Untergrund verbessert wird.<\/p>\n<p><strong>Anmerkung.<\/strong><br \/>\nNokia-Reifen kommen direkt vom Lieferanten zu uns, in der Regel am Tag nach der Bestellung.<br \/>\nDer Lagerbestand wird nicht automatisch aktualisiert, so dass wir uns umgehend mit Ihnen in Verbindung setzen, wenn der Reifen aus irgendeinem Grund nicht sofort verf\u00fcgbar ist.<\/p>","protected":false},"featured_media":12573,"comment_status":"open","ping_status":"closed","template":"","meta":[],"product_brand":[],"product_cat":[154,371,128],"product_tag":[301,394,299,300,121,203,321],"class_list":{"0":"post-12544","1":"product","2":"type-product","3":"status-publish","4":"has-post-thumbnail","6":"product_cat-model-y","7":"product_cat-renkaat","8":"product_cat-tesla-tuotteet","9":"product_tag-autonrenkaat","10":"product_tag-nokian-renkaat","11":"product_tag-rengas","12":"product_tag-renkaat","13":"product_tag-tesla","14":"product_tag-tesla-model-y","15":"product_tag-vanteet","16":"product_shipping_class-nouto","18":"first","19":"instock","20":"taxable","21":"shipping-taxable","22":"purchasable","23":"product-type-simple"},"jetpack_sharing_enabled":true,"_links":{"self":[{"href":"https:\/\/www.vempele.fi\/de\/wp-json\/wp\/v2\/product\/12544","targetHints":{"allow":["GET"]}}],"collection":[{"href":"https:\/\/www.vempele.fi\/de\/wp-json\/wp\/v2\/product"}],"about":[{"href":"https:\/\/www.vempele.fi\/de\/wp-json\/wp\/v2\/types\/product"}],"replies":[{"embeddable":true,"href":"https:\/\/www.vempele.fi\/de\/wp-json\/wp\/v2\/comments?post=12544"}],"wp:featuredmedia":[{"embeddable":true,"href":"https:\/\/www.vempele.fi\/de\/wp-json\/wp\/v2\/media\/12573"}],"wp:attachment":[{"href":"https:\/\/www.vempele.fi\/de\/wp-json\/wp\/v2\/media?parent=12544"}],"wp:term":[{"taxonomy":"product_brand","embeddable":true,"href":"https:\/\/www.vempele.fi\/de\/wp-json\/wp\/v2\/product_brand?post=12544"},{"taxonomy":"product_cat","embeddable":true,"href":"https:\/\/www.vempele.fi\/de\/wp-json\/wp\/v2\/product_cat?post=12544"},{"taxonomy":"product_tag","embeddable":true,"href":"https:\/\/www.vempele.fi\/de\/wp-json\/wp\/v2\/product_tag?post=12544"}],"curies":[{"name":"wp","href":"https:\/\/api.w.org\/{rel}","templated":true}]}}