{"id":12554,"date":"2022-08-18T10:26:38","date_gmt":"2022-08-18T07:26:38","guid":{"rendered":"https:\/\/www.vempele.fi\/?post_type=product&#038;p=12554"},"modified":"2025-10-14T11:41:08","modified_gmt":"2025-10-14T08:41:08","slug":"nokia-hakkapeliitta-r5-ev-235-45r18-98t-xl","status":"publish","type":"product","link":"https:\/\/www.vempele.fi\/de\/tuote\/nokia-hakkapeliitta-r5-ev-235-45r18-98t-xl\/","title":{"rendered":"Nokian Tyres Hakkapeliitta R5 EV 235\/45R18 98T XL - Modell 3"},"content":{"rendered":"<p>1 St\u00fcck Nokian Tyres Hakkapeliitta R5 EV 235\/45R18 98T XL.<\/p>\n<ul>\n<li class=\"single-product__section-title\">EU-Reifenkennzeichnung<\/li>\n<li>Typ: Reibungsreifen<\/li>\n<li>Zentimeter: 18<\/li>\n<li>Breite: 235<\/li>\n<li>Profil: 45<\/li>\n<li class=\"single-product__section-title\">Geschwindigkeitskategorie: 190km\/h (T)<\/li>\n<li class=\"single-product__section-title\">Tragf\u00e4higkeit: 750kg (98)<\/li>\n<\/ul>","protected":false},"excerpt":{"rendered":"<p class=\"single-product__title\">Nokian Tyres Hakkapeliitta R5 EV 235\/45R18 98T XL.<\/p>\n<p>Friktionsreifen. Besonders empfohlen f\u00fcr Tesla Model 3.<\/p>\n<p>PURELY SAFE<\/p>\n<p class=\"ewa-rteLine\">Der neue Hakkapeliitta R5 EV ist ein Reibungsreifen f\u00fcr Pkw, Crossover und SUVs. Der Hakkapeliitta R5 EV basiert auf einer umweltfreundlichen Technologie und gew\u00e4hrleistet maximale Sicherheit und Komfort f\u00fcr Elektroautos und Hybride sowie eine erh\u00f6hte Fahrreichweite. Einzigartige Arctic Grip Crystals Partikel sorgen f\u00fcr klassenbeste Leistung auf Eis. Der Fahrkomfort wird durch die SilentDrive\u2122-Technologie gew\u00e4hrleistet.<\/p>\n<p class=\"ewa-rteLine\">- Sauberer Winterdienst und ausgewogenes Fahren<br \/>\n- Umweltfreundliche Mobilit\u00e4t und gr\u00f6\u00dfere Reichweite<br \/>\n- Extrem niedriger Ger\u00e4uschpegel dank der SilentDrive\u2122-Technologie<\/p>\n<p class=\"ewa-rteLine\">PURE LENGTH<\/p>\n<p class=\"ewa-rteLine\">Der Winter kann unberechenbar und gef\u00e4hrlich sein, aber Reifen sollten es nicht sein. Der neue Hakkapeliitta R5 EV ist f\u00fcr alle nordischen Winterbedingungen geeignet. Seine Leistung ist auf glatten, nassen, vereisten und verschneiten Stra\u00dfen berechenbar. Das neue Double Block Grip-Design sorgt f\u00fcr \u00fcberragenden Grip und Handling. Einzigartige Arctic Grip Crystals Partikel sorgen f\u00fcr hervorragende Leistungen auf Eis. Die mikroskopisch kleinen Partikel wirken wie eingebaute Spikes. Wenn sich der Reifen abnutzt, treten die Partikel hervor und dienen als dringend ben\u00f6tigte Traktionsreserve.<\/p>\n<p class=\"ewa-rteLine\">REINE STILLE<\/p>\n<p class=\"ewa-rteLine\">Elektroautos sind leiser als herk\u00f6mmliche Autos, und das leise Reifenger\u00e4usch macht das Fahren noch angenehmer. Ein niedrigerer Ger\u00e4uschpegel kann die Fahrt angenehmer und weniger stressig f\u00fcr den Fahrer machen. Das ist wichtig, denn wir wollen eine ruhige Umgebung f\u00fcr die Fahrer im Auto schaffen und den Umgebungsl\u00e4rm auf ein Minimum beschr\u00e4nken. Die SilentDrive\u2122-Technologie maximiert den Komfort. Au\u00dfergew\u00f6hnlich niedrige Ger\u00e4uschpegel werden durch das Hinzuf\u00fcgen einer Akustikschaumschicht auf der Innenseite des Reifens erreicht. Das neue Silent Touch-Oberfl\u00e4chenmuster sorgt f\u00fcr ein m\u00f6glichst komfortables Fahrerlebnis.<\/p>\n<p class=\"ewa-rteLine\">UMWELTFREUNDLICHKEIT PUR<\/p>\n<p class=\"ewa-rteLine\">Der Hakkapeliitta R5 EV wurde entwickelt, um seinen \u00f6kologischen Fu\u00dfabdruck zu reduzieren, angefangen bei der Auswahl der Materialien. Die neue Green Trace-Mischung sorgt f\u00fcr hervorragende Wintereigenschaften, eine h\u00f6here Laufleistung und einen geringen Rollwiderstand. Der Rollwiderstand wurde weiter reduziert, indem die Mischung speziell f\u00fcr Elektrofahrzeuge optimiert wurde. Der hohe Anteil an Naturkautschuk h\u00e4lt die Mischung unter allen Bedingungen flexibel, w\u00e4hrend der niedrige Rollwiderstand Kraftstoff spart und den Schadstoffaussto\u00df reduziert.<\/p>\n<p><strong>Anmerkung.<\/strong><br \/>\nNokia-Reifen kommen direkt vom Lieferanten zu uns, in der Regel am Tag nach der Bestellung.<br \/>\nDer Lagerbestand wird nicht automatisch aktualisiert, so dass wir uns umgehend mit Ihnen in Verbindung setzen, wenn der Reifen aus irgendeinem Grund nicht sofort verf\u00fcgbar ist.<\/p>","protected":false},"featured_media":12571,"comment_status":"open","ping_status":"closed","template":"","meta":[],"product_brand":[],"product_cat":[151,371,128],"product_tag":[301,394,299,300,121,120,321],"class_list":{"0":"post-12554","1":"product","2":"type-product","3":"status-publish","4":"has-post-thumbnail","6":"product_cat-model-3","7":"product_cat-renkaat","8":"product_cat-tesla-tuotteet","9":"product_tag-autonrenkaat","10":"product_tag-nokian-renkaat","11":"product_tag-rengas","12":"product_tag-renkaat","13":"product_tag-tesla","14":"product_tag-tesla-model-3","15":"product_tag-vanteet","16":"product_shipping_class-nouto","18":"first","19":"instock","20":"taxable","21":"shipping-taxable","22":"purchasable","23":"product-type-simple"},"jetpack_sharing_enabled":true,"_links":{"self":[{"href":"https:\/\/www.vempele.fi\/de\/wp-json\/wp\/v2\/product\/12554","targetHints":{"allow":["GET"]}}],"collection":[{"href":"https:\/\/www.vempele.fi\/de\/wp-json\/wp\/v2\/product"}],"about":[{"href":"https:\/\/www.vempele.fi\/de\/wp-json\/wp\/v2\/types\/product"}],"replies":[{"embeddable":true,"href":"https:\/\/www.vempele.fi\/de\/wp-json\/wp\/v2\/comments?post=12554"}],"wp:featuredmedia":[{"embeddable":true,"href":"https:\/\/www.vempele.fi\/de\/wp-json\/wp\/v2\/media\/12571"}],"wp:attachment":[{"href":"https:\/\/www.vempele.fi\/de\/wp-json\/wp\/v2\/media?parent=12554"}],"wp:term":[{"taxonomy":"product_brand","embeddable":true,"href":"https:\/\/www.vempele.fi\/de\/wp-json\/wp\/v2\/product_brand?post=12554"},{"taxonomy":"product_cat","embeddable":true,"href":"https:\/\/www.vempele.fi\/de\/wp-json\/wp\/v2\/product_cat?post=12554"},{"taxonomy":"product_tag","embeddable":true,"href":"https:\/\/www.vempele.fi\/de\/wp-json\/wp\/v2\/product_tag?post=12554"}],"curies":[{"name":"wp","href":"https:\/\/api.w.org\/{rel}","templated":true}]}}