{"id":12556,"date":"2022-08-18T11:08:01","date_gmt":"2022-08-18T08:08:01","guid":{"rendered":"https:\/\/www.vempele.fi\/?post_type=product&#038;p=12556"},"modified":"2026-01-02T14:27:45","modified_gmt":"2026-01-02T12:27:45","slug":"nokia-hakkapeliitta-r5-235-40r19-96t-xl","status":"publish","type":"product","link":"https:\/\/www.vempele.fi\/de\/tuote\/nokia-hakkapeliitta-r5-235-40r19-96t-xl\/","title":{"rendered":"Nokian Tyres Hakkapeliitta R5 235\/40R19 96T XL - Modell 3"},"content":{"rendered":"<p>1 St\u00fcck Nokian Tyres Hakkapeliitta R5 235\/40R19 96T XL.<\/p>\n<ul>\n<li class=\"single-product__section-title\">EU-Reifenkennzeichnung<\/li>\n<li>Typ: Reibungsreifen<\/li>\n<li>Zentimeter: 19<\/li>\n<li>Breite: 235<\/li>\n<li>Profil: 40<\/li>\n<li class=\"single-product__section-title\">Geschwindigkeitskategorie: 190km\/h (T)<\/li>\n<li class=\"single-product__section-title\">Tragf\u00e4higkeit: 710kg (96)<\/li>\n<\/ul>","protected":false},"excerpt":{"rendered":"<p class=\"single-product__title\">Nokian Tyres Hakkapeliitta R5 235\/40R19 96T XL.<\/p>\n<p>Friktionsreifen. Besonders empfohlen f\u00fcr Tesla Model 3.<\/p>\n<p>Der Hakkapeliitta R5 ist ein Reibungsreifen f\u00fcr Personenkraftwagen. Er sorgt f\u00fcr kompromisslosen Grip und intelligentes Fahrverhalten an jedem Tag des Winters. Der Hakkapeliitta R5 ist Sicherheit in ihrer reinsten Form: eine innovative Kombination aus Wintergrip, Laufruhe und Umweltfreundlichkeit. Die \u00fcberragende Haftung und Fahrleistung des Reifens basiert auf dem neuen Double Block Grip-Design. Die einzigartigen Arctic Grip Crystals Partikel sorgen f\u00fcr die beste Eishaftung.<\/p>\n<p>- Sauberer Winterdienst und ausgewogenes Fahren<br \/>\n- \u00dcberlegener Fahrkomfort und Ger\u00e4uscharmut<br \/>\n- Umweltfreundliche Mobilit\u00e4t und Kraftstoffeinsparung<\/p>\n<p>REINE STILLE<\/p>\n<p>Der Ger\u00e4uschpegel eines Reifens ist ein Schl\u00fcsselfaktor f\u00fcr den Fahrkomfort. Der neue Hakkapeliitta R5 ist ein Reibungsreifen mit einem leisen, komfortablen und stabilen Ger\u00e4uschprofil. St\u00f6rende Ger\u00e4uschspitzen, die vom menschlichen Ohr wahrgenommen werden k\u00f6nnen, wurden eliminiert, und das neue Silent-Touch-Muster hat eine neue Verteilung der gemusterten Patches f\u00fcr ein komfortables und angenehmes Abrollverhalten.<\/p>\n<p>UMWELTFREUNDLICHKEIT PUR<\/p>\n<p>Der Hakkapeliitta R5 ist ein langlebiger, komfortabler und \u00e4u\u00dferst energieeffizienter Winterreifen. Das leichtere Abrollverhalten spart Kraftstoff und erh\u00f6ht die Reichweite von Elektrofahrzeugen. Bei der Entwicklung des Hakkapeliitta R5 wurden Materialien gew\u00e4hlt, die den CO2-Fu\u00dfabdruck des Reifens reduzieren. Die neue Green Trace-Mischung sorgt f\u00fcr hervorragende Wintereigenschaften, eine h\u00f6here Laufleistung und einen geringeren Rollwiderstand des Reifens. Die umweltfreundlichen Fahreigenschaften des Hakkapeliitta R5 basieren auf Rohstoffen wie Naturkautschuk, recyceltem Stahl, Pflanzen\u00f6len und Kiefernharz. Mehr als ein Drittel der neuen Mischung wird aus erneuerbaren und recycelten Materialien hergestellt.<\/p>\n<p>UNERSCH\u00dcTTERLICHER GRIP AUF EIS UND \u00dcBERLEGENES HANDLING<\/p>\n<div>\n<p>Die mikroskopisch kleinen Arctic Grip Crystals, die in den Oberfl\u00e4chengummi des Hakkapeliitta R5 eingearbeitet sind, wirken wie eingebaute Spikes, die scharfe und dauerhafte Griffkanten im Gummi erzeugen. Wenn sich der Reifen abnutzt, treten die Partikel hervor und dienen als dringend ben\u00f6tigte Grip-Reserve.<\/p>\n<p>Der \u00fcberragende Grip und das Handling des Hakkapeliitta R5 beruhen auf dem neuen Double Block Grip Design, das besonders in den Schulterbereichen des Reifens zum Tragen kommt. Die starre Reihe von gemusterten Bl\u00f6cken beginnt in der Mitte und setzt sich katha zu den Schulterbereichen hin fort. Der 40% hat im Vergleich zu seinem Vorg\u00e4nger mehr Profilbl\u00f6cke in den Schulter- und Zwischenbereichen des Reifens, was bedeutet, dass in der Aufstandsfl\u00e4che mehr Gummi in Kontakt mit der Fahrbahnoberfl\u00e4che ist. Dies bedeutet, dass die Haftung des Reifens auf rutschigem Untergrund verbessert wird.<\/p>\n<p>PATENTIERTE SICHERHEIT<\/p>\n<p>Der patentierte Winter Safety Indicator (WSI) auf der Lauffl\u00e4che des Hakkapeliitta R5 erh\u00f6ht die Sicherheit des Reifens zus\u00e4tzlich. Das Schneeflocken-Symbol zeigt die Restlauffl\u00e4che in Millimetern an. Das Symbol bleibt bis zu einer Restlauffl\u00e4che von vier Millimetern sichtbar. Wenn das Schneeflocken-Symbol abgefahren ist, wird der Kauf neuer Winterreifen empfohlen.<\/p>\n<\/div>\n<p><strong>Anmerkung.<\/strong><br \/>\nNokia-Reifen kommen direkt vom Lieferanten zu uns, in der Regel am Tag nach der Bestellung.<br \/>\nDer Lagerbestand wird nicht automatisch aktualisiert, so dass wir uns umgehend mit Ihnen in Verbindung setzen, wenn der Reifen aus irgendeinem Grund nicht sofort verf\u00fcgbar ist.<\/p>","protected":false},"featured_media":12569,"comment_status":"open","ping_status":"closed","template":"","meta":[],"product_brand":[],"product_cat":[151,371,128],"product_tag":[301,394,299,300,121,120,321],"class_list":{"0":"post-12556","1":"product","2":"type-product","3":"status-publish","4":"has-post-thumbnail","6":"product_cat-model-3","7":"product_cat-renkaat","8":"product_cat-tesla-tuotteet","9":"product_tag-autonrenkaat","10":"product_tag-nokian-renkaat","11":"product_tag-rengas","12":"product_tag-renkaat","13":"product_tag-tesla","14":"product_tag-tesla-model-3","15":"product_tag-vanteet","16":"product_shipping_class-nouto","18":"first","19":"outofstock","20":"sale","21":"taxable","22":"shipping-taxable","23":"purchasable","24":"product-type-simple"},"jetpack_sharing_enabled":true,"_links":{"self":[{"href":"https:\/\/www.vempele.fi\/de\/wp-json\/wp\/v2\/product\/12556","targetHints":{"allow":["GET"]}}],"collection":[{"href":"https:\/\/www.vempele.fi\/de\/wp-json\/wp\/v2\/product"}],"about":[{"href":"https:\/\/www.vempele.fi\/de\/wp-json\/wp\/v2\/types\/product"}],"replies":[{"embeddable":true,"href":"https:\/\/www.vempele.fi\/de\/wp-json\/wp\/v2\/comments?post=12556"}],"wp:featuredmedia":[{"embeddable":true,"href":"https:\/\/www.vempele.fi\/de\/wp-json\/wp\/v2\/media\/12569"}],"wp:attachment":[{"href":"https:\/\/www.vempele.fi\/de\/wp-json\/wp\/v2\/media?parent=12556"}],"wp:term":[{"taxonomy":"product_brand","embeddable":true,"href":"https:\/\/www.vempele.fi\/de\/wp-json\/wp\/v2\/product_brand?post=12556"},{"taxonomy":"product_cat","embeddable":true,"href":"https:\/\/www.vempele.fi\/de\/wp-json\/wp\/v2\/product_cat?post=12556"},{"taxonomy":"product_tag","embeddable":true,"href":"https:\/\/www.vempele.fi\/de\/wp-json\/wp\/v2\/product_tag?post=12556"}],"curies":[{"name":"wp","href":"https:\/\/api.w.org\/{rel}","templated":true}]}}