{"id":12557,"date":"2022-08-18T11:26:10","date_gmt":"2022-08-18T08:26:10","guid":{"rendered":"https:\/\/www.vempele.fi\/?post_type=product&#038;p=12557"},"modified":"2025-11-05T08:37:49","modified_gmt":"2025-11-05T06:37:49","slug":"nokia-hakkapeliitta-10-235-40r19-96t-xl","status":"publish","type":"product","link":"https:\/\/www.vempele.fi\/de\/tuote\/nokia-hakkapeliitta-10-235-40r19-96t-xl\/","title":{"rendered":"Nokian Tyres Hakkapeliitta 10 235\/40R19 96T XL - Modell 3"},"content":{"rendered":"<p>1 St\u00fcck Nokian Tyres Hakkapeliitta 10 235\/40R19 96T XL.<\/p>\n<ul>\n<li class=\"single-product__section-title\">EU-Reifenkennzeichnung<\/li>\n<li>Typ: Spikereifen<\/li>\n<li>Zentimeter: 19<\/li>\n<li>Breite: 235<\/li>\n<li>Profil: 40<\/li>\n<li class=\"single-product__section-title\">Geschwindigkeitskategorie: 190km\/h (T)<\/li>\n<li class=\"single-product__section-title\">Tragf\u00e4higkeit: 710kg (96)<\/li>\n<\/ul>","protected":false},"excerpt":{"rendered":"<p class=\"single-product__title\">Nokian Tyres Hakkapeliitta 10 235\/40R19 96T XL.<\/p>\n<p>Spikereifen. Besonders empfohlen f\u00fcr Tesla Model 3.<\/p>\n<div>\n<p><strong>Sicherheit der n\u00e4chsten Generation<\/strong><\/p>\n<p>- Extreme Sicherheit - hervorragende Haftung auf Eis und Schnee<br \/>\n- Stabiles und pr\u00e4zises Fahrverhalten, auch auf unbefestigten Stra\u00dfen<br \/>\n- Maximaler Fahrkomfort, angenehmer Ger\u00e4uschpegel<br \/>\n- Mehr gefahrene Kilometer und geringerer Kraftstoffverbrauch<\/p>\n<p>Der neue Spikereifen Hakkapeliitta 10 von Nokian Tyres bringt Seelenfrieden in den n\u00f6rdlichen Winter. Der Hakkapeliitta 10 von Nokian Tyres nutzt die Doppelstollentechnologie von Nokian Tyres, bei der die mittleren Stollen f\u00fcr eine bessere Beschleunigung und einen besseren Bremsgriff sorgen und die Schulterstollen f\u00fcr maximalen Grip bei Kurvenfahrten und Spurwechseln.F\u00fcr erstklassigen Fahrkomfort verf\u00fcgt der Nokian Hakkapeliitta 10 \u00fcber ein neues Griffmuster f\u00fcr Stabilit\u00e4t und Schneegrip und eine optimale Stollenplatzierung f\u00fcr eine sanfte und angenehme Ger\u00e4uschkulisse.<\/p>\n<p><strong>Hervorragender Wintergrip durch eine moderne Spikel\u00f6sung<\/strong><\/p>\n<p>Bei schwierigen winterlichen Bedingungen machen schneebedeckte Stra\u00dfen das Spurhalten und Kurvenfahren oft schwierig. Reaktionszeit und Bremsweg sind wichtige Sicherheitsfaktoren. Die Spikel\u00f6sung des Nokian Hakkapeliitta 10 bringt dank seines erstklassigen Schneegriffs mehr Reaktionszeit bei winterlichen Bedingungen. Alle Stollen sind mit modernster Stollentechnologie positioniert, und die neuen sternf\u00f6rmigen Stollen sind in den Schulterbereichen um 180 Grad gedreht, um in einem optimalen Winkel auf die Fahrbahnoberfl\u00e4che zu treffen.<\/p>\n<p><strong>Extreme Stabilit\u00e4t und \u00fcberschaubares Fahrverhalten<\/strong><\/p>\n<p>Das stark laminierte Profil des Nokian Hakkapeliitta 10 gew\u00e4hrleistet ein stabiles und vielseitiges Fahrverhalten bei unterschiedlichen Wetterbedingungen auf Eis, Schnee und strukturierten Stra\u00dfen. Die Stabilit\u00e4t, die das stark laminierte Reifenprofil bietet, erh\u00f6ht auch die Fahrsicherheit beim Spurwechsel auf Schnee und Schneematsch.<\/p>\n<p><strong>Leichter rollender Reifen reduziert Schadstoffemissionen<\/strong><\/p>\n<p>Von milden Wintertagen bis zu eisigen Temperaturen bleibt die neue Nokian Hakkapeliitta 10-Oberfl\u00e4chenmischung flexibel. Das leicht rollende Oberfl\u00e4chenmuster und die erfinderische Verwendung von Rohstoffen machen den Nokian Hakkapeliitta 10 zu einer verantwortungsvolleren Wahl f\u00fcr Autofahrer. Der Nokian Hakkapeliitta 10 hat einen geringen Rollwiderstand, was zu Kraftstoffeinsparungen f\u00fchrt und den Schadstoffaussto\u00df beim Fahren reduziert.<\/p>\n<p><strong>Ger\u00e4uscharmer Spikereifen<\/strong><\/p>\n<p>Der Nokian Hakkapeliitta 10 bietet eine angenehme Ger\u00e4uschkulisse und erh\u00f6ht den Fahrkomfort: Die Stollen sind optimal positioniert, um st\u00f6rende Schallwellen und l\u00e4stig klingende Frequenzspitzen zu minimieren. Sie k\u00f6nnen ruhige Kilometer genie\u00dfen.<\/p>\n<\/div>\n<p><strong>Anmerkung.<\/strong><br \/>\nNokia-Reifen kommen direkt vom Lieferanten zu uns, in der Regel am Tag nach der Bestellung.<br \/>\nDer Lagerbestand wird nicht automatisch aktualisiert, so dass wir uns umgehend mit Ihnen in Verbindung setzen, wenn der Reifen aus irgendeinem Grund nicht sofort verf\u00fcgbar ist.<\/p>","protected":false},"featured_media":12568,"comment_status":"open","ping_status":"closed","template":"","meta":[],"product_brand":[],"product_cat":[151,371,128],"product_tag":[301,394,299,300,121,120,321],"class_list":{"0":"post-12557","1":"product","2":"type-product","3":"status-publish","4":"has-post-thumbnail","6":"product_cat-model-3","7":"product_cat-renkaat","8":"product_cat-tesla-tuotteet","9":"product_tag-autonrenkaat","10":"product_tag-nokian-renkaat","11":"product_tag-rengas","12":"product_tag-renkaat","13":"product_tag-tesla","14":"product_tag-tesla-model-3","15":"product_tag-vanteet","16":"product_shipping_class-nouto","18":"first","19":"instock","20":"taxable","21":"shipping-taxable","22":"purchasable","23":"product-type-simple"},"jetpack_sharing_enabled":true,"_links":{"self":[{"href":"https:\/\/www.vempele.fi\/de\/wp-json\/wp\/v2\/product\/12557","targetHints":{"allow":["GET"]}}],"collection":[{"href":"https:\/\/www.vempele.fi\/de\/wp-json\/wp\/v2\/product"}],"about":[{"href":"https:\/\/www.vempele.fi\/de\/wp-json\/wp\/v2\/types\/product"}],"replies":[{"embeddable":true,"href":"https:\/\/www.vempele.fi\/de\/wp-json\/wp\/v2\/comments?post=12557"}],"wp:featuredmedia":[{"embeddable":true,"href":"https:\/\/www.vempele.fi\/de\/wp-json\/wp\/v2\/media\/12568"}],"wp:attachment":[{"href":"https:\/\/www.vempele.fi\/de\/wp-json\/wp\/v2\/media?parent=12557"}],"wp:term":[{"taxonomy":"product_brand","embeddable":true,"href":"https:\/\/www.vempele.fi\/de\/wp-json\/wp\/v2\/product_brand?post=12557"},{"taxonomy":"product_cat","embeddable":true,"href":"https:\/\/www.vempele.fi\/de\/wp-json\/wp\/v2\/product_cat?post=12557"},{"taxonomy":"product_tag","embeddable":true,"href":"https:\/\/www.vempele.fi\/de\/wp-json\/wp\/v2\/product_tag?post=12557"}],"curies":[{"name":"wp","href":"https:\/\/api.w.org\/{rel}","templated":true}]}}