{"id":12559,"date":"2022-08-18T11:52:58","date_gmt":"2022-08-18T08:52:58","guid":{"rendered":"https:\/\/www.vempele.fi\/?post_type=product&#038;p=12559"},"modified":"2026-01-21T09:02:55","modified_gmt":"2026-01-21T07:02:55","slug":"nokia-hakkapeliitta-10-ev-235-35r20-92t-xl","status":"publish","type":"product","link":"https:\/\/www.vempele.fi\/de\/tuote\/nokia-hakkapeliitta-10-ev-235-35r20-92t-xl\/","title":{"rendered":"Nokian Tyres Hakkapeliitta 10 EV 235\/35R20 92T XL - Modell 3"},"content":{"rendered":"<p>1 St\u00fcck Nokian Tyres Hakkapeliitta 10 EV 235\/35R20 92T XL.<\/p>\n<ul>\n<li class=\"single-product__section-title\">EU-Reifenkennzeichnung<\/li>\n<li>Typ: Spikereifen<\/li>\n<li>Zentimeter: 20<\/li>\n<li>Breite: 235<\/li>\n<li>Profil: 35<\/li>\n<li class=\"single-product__section-title\">Geschwindigkeitskategorie: 190km\/h (T)<\/li>\n<li class=\"single-product__section-title\">Tragf\u00e4higkeit: 630kg (92)<\/li>\n<\/ul>","protected":false},"excerpt":{"rendered":"<p class=\"single-product__title\">Nokian Tyres Hakkapeliitta 10 EV 235\/35R20 92T XL<\/p>\n<p>Spikereifen. Besonders empfohlen f\u00fcr Tesla Model 3.<\/p>\n<div>\n<p><strong>Sicherheit der n\u00e4chsten Generation<\/strong><\/p>\n<p>Der Hakkapeliitta 10 EV von Nokia bringt Ruhe in den nordischen Winter. Der f\u00fcr Elektro- und Hybridautos konzipierte Spikereifen kombiniert Umweltfreundlichkeit, Fahrkomfort und hervorragenden Grip auf Schnee und Eis. Der Nokian Hakkapeliitta 10 EV ist mit der Doppelstollentechnologie von Nokian Tyres ausgestattet, bei der die Mittelstollen einen verbesserten Beschleunigungs- und Bremsgriff und die Schulterstollen einen maximalen Griff bei Kurvenfahrten und Spurwechseln gew\u00e4hrleisten. F\u00fcr erstklassigen Fahrkomfort verf\u00fcgt der Nokian Hakkapeliitta 10 EV \u00fcber ein neues Oberfl\u00e4chenmuster f\u00fcr Stabilit\u00e4t und Schneegriff sowie eine optimale Stollenplatzierung f\u00fcr ein sanftes und angenehmes Ger\u00e4uschumfeld.<\/p>\n<p>- Extreme Sicherheit - hervorragende Haftung auf Eis und Schnee<br \/>\n- SilentDrive\u2122-Technologie - extrem leiser Ger\u00e4uschpegel<br \/>\n- Gr\u00f6\u00dfere Reichweite, ausgezeichnete Stabilit\u00e4t<\/p>\n<p>Leise Reifenger\u00e4usche sind ein besonders wichtiger Faktor f\u00fcr den Fahrkomfort von Elektroautos, denn Elektroautos sind leise. Der au\u00dfergew\u00f6hnlich leise Klang des neuen Nokia Hakkapeliitta 10 EV wird durch eine zus\u00e4tzliche Akustikschaumschicht auf der Innenfl\u00e4che des Reifens erm\u00f6glicht. Die neue SilentDrive\u2122-Technologie d\u00e4mpft st\u00f6rende Ger\u00e4uschspitzen und sorgt so f\u00fcr ein leiseres Reifenger\u00e4usch, weniger L\u00e4rm im Innenraum und ein angenehmeres Fahrgef\u00fchl.<\/p>\n<p><strong>Ein Oberfl\u00e4chenmuster, das Stabilit\u00e4t und Kontrollierbarkeit bei allen Wetterbedingungen gew\u00e4hrleistet<\/strong><\/p>\n<p>Das stark laminierte Profil des Nokian Hakkapeliitta 10 EV gew\u00e4hrleistet ein stabiles und vielseitiges Fahrverhalten bei unterschiedlichen Wetterbedingungen auf Eis, Schnee und strukturierten Stra\u00dfen. Die Stabilit\u00e4t, die das stark laminierte Reifenprofil bietet, erh\u00f6ht auch die Fahrsicherheit beim Spurwechsel auf verschneiten oder matschigen Stra\u00dfen. Der steife Mittelbereich des Reifens sorgt f\u00fcr ein sehr pr\u00e4zises Fahrverhalten auf glatten Stra\u00dfen und gew\u00e4hrleistet gleichzeitig eine hervorragende Wintertauglichkeit. Die solide Konstruktion des Nokia Hakkapeliitta 10 EV macht den Reifen extrem stabil, und die Lauffl\u00e4che ist so konzipiert, dass sie hohen Torsionsbelastungen und schweren Reifenlasten standh\u00e4lt.<\/p>\n<p><strong>Verantwortungsvolle Sicherheit<\/strong><\/p>\n<p>Ob an milden Wintertagen oder bei eisigen Temperaturen - die neue Nokian Hakkapeliitta 10 EV-Reifenmischung bleibt flexibel. Ein leicht rollendes Oberfl\u00e4chenmuster und die erfinderische Verwendung von Rohstoffen machen den Nokian Hakkapeliitta 10 EV zu einer verantwortungsvolleren Wahl f\u00fcr Autofahrer. Der Nokian Hakkapeliitta 10 EV hat einen geringen Rollwiderstand, was zu Kraftstoffeinsparungen f\u00fchrt und die Schadstoffemissionen beim Fahren reduziert. Der Nokian Hakkapeliitta 10 EV vergr\u00f6\u00dfert den Aktionsradius eines Elektroautos dank seiner aerodynamischen, d\u00fcnn gerillten Seitenwand, und die erfindungsreiche Verwendung von Rohstoffen und das leichte Rollprofil des Reifens machen den Nokian Hakkapeliitta 10 EV zu einer verantwortungsvolleren Wahl f\u00fcr Autofahrer.<\/p>\n<p><strong>Leiser Spikereifen f\u00fcr Elektro- und Hybridautos<\/strong><\/p>\n<p>Der Nokian Hakkapeliitta 10 EV ist perfekt f\u00fcr moderne Elektroautos. Mit der SilentDrive\u2122-Technologie bietet der Nokian Hakkapeliitta 10 EV eine sanfte und angenehme Ger\u00e4uschkulisse f\u00fcr eine komfortable Fahrt. Die Stollen sind optimal positioniert, um st\u00f6rende Schallwellen zu minimieren und zu verhindern, dass das Reifenger\u00e4usch den Fahrkomfort beeintr\u00e4chtigt.<\/p>\n<\/div>\n<p><strong>Anmerkung.<\/strong><br \/>\nNokia-Reifen kommen direkt vom Lieferanten zu uns, in der Regel am Tag nach der Bestellung.<br \/>\nDer Lagerbestand wird nicht automatisch aktualisiert, so dass wir uns umgehend mit Ihnen in Verbindung setzen, wenn der Reifen aus irgendeinem Grund nicht sofort verf\u00fcgbar ist.<\/p>","protected":false},"featured_media":12566,"comment_status":"open","ping_status":"closed","template":"","meta":[],"product_brand":[],"product_cat":[151,371,128],"product_tag":[301,394,299,300,121,120,321],"class_list":{"0":"post-12559","1":"product","2":"type-product","3":"status-publish","4":"has-post-thumbnail","6":"product_cat-model-3","7":"product_cat-renkaat","8":"product_cat-tesla-tuotteet","9":"product_tag-autonrenkaat","10":"product_tag-nokian-renkaat","11":"product_tag-rengas","12":"product_tag-renkaat","13":"product_tag-tesla","14":"product_tag-tesla-model-3","15":"product_tag-vanteet","16":"product_shipping_class-nouto","18":"first","19":"outofstock","20":"taxable","21":"shipping-taxable","22":"purchasable","23":"product-type-simple"},"jetpack_sharing_enabled":true,"_links":{"self":[{"href":"https:\/\/www.vempele.fi\/de\/wp-json\/wp\/v2\/product\/12559","targetHints":{"allow":["GET"]}}],"collection":[{"href":"https:\/\/www.vempele.fi\/de\/wp-json\/wp\/v2\/product"}],"about":[{"href":"https:\/\/www.vempele.fi\/de\/wp-json\/wp\/v2\/types\/product"}],"replies":[{"embeddable":true,"href":"https:\/\/www.vempele.fi\/de\/wp-json\/wp\/v2\/comments?post=12559"}],"wp:featuredmedia":[{"embeddable":true,"href":"https:\/\/www.vempele.fi\/de\/wp-json\/wp\/v2\/media\/12566"}],"wp:attachment":[{"href":"https:\/\/www.vempele.fi\/de\/wp-json\/wp\/v2\/media?parent=12559"}],"wp:term":[{"taxonomy":"product_brand","embeddable":true,"href":"https:\/\/www.vempele.fi\/de\/wp-json\/wp\/v2\/product_brand?post=12559"},{"taxonomy":"product_cat","embeddable":true,"href":"https:\/\/www.vempele.fi\/de\/wp-json\/wp\/v2\/product_cat?post=12559"},{"taxonomy":"product_tag","embeddable":true,"href":"https:\/\/www.vempele.fi\/de\/wp-json\/wp\/v2\/product_tag?post=12559"}],"curies":[{"name":"wp","href":"https:\/\/api.w.org\/{rel}","templated":true}]}}