{"id":13090,"date":"2022-09-26T08:02:40","date_gmt":"2022-09-26T05:02:40","guid":{"rendered":"https:\/\/www.vempele.fi\/tuote\/nokia-hakkapeliitta-10-ev-255-45r19-104t-xl-copy\/"},"modified":"2024-09-09T13:04:38","modified_gmt":"2024-09-09T10:04:38","slug":"nokia-hakkapeliitta-10-sommer-245-50r19-105r-xl","status":"publish","type":"product","link":"https:\/\/www.vempele.fi\/de\/tuote\/nokia-hakkapeliitta-10-suv-245-50r19-105r-xl\/","title":{"rendered":"Nokian Tyres Hakkapeliitta 10 SUV 245\/50R19 105T XL - Modell Y"},"content":{"rendered":"<p>1 St\u00fcck Nokian Tyres Hakkapeliitta 10 SUV: 245\/50R19 105T XL.<\/p>\n<ul>\n<li class=\"single-product__section-title\">EU-Reifenkennzeichnung<\/li>\n<li>Typ: Spikereifen<\/li>\n<li>Zentimeter: 19<\/li>\n<li>Breite: 245<\/li>\n<li>Profil: 50<\/li>\n<li class=\"single-product__section-title\">Geschwindigkeitskategorie: 190km\/h (T)<\/li>\n<li class=\"single-product__section-title\">Tragf\u00e4higkeit: 850kg (105)<\/li>\n<\/ul>","protected":false},"excerpt":{"rendered":"<p class=\"single-product__title\">Nokian Tyres Hakkapeliitta 10 SUV: 245\/50R19 105T XL.<\/p>\n<p>Spikereifen. Besonders empfohlen f\u00fcr Tesla Model Y.<\/p>\n<p><strong>Sicherheit der n\u00e4chsten Generation<\/strong><\/p>\n<p>- Extreme Sicherheit - hervorragende Haftung auf Eis und Schnee<br \/>\n- Stabiles und pr\u00e4zises Fahrverhalten, auch auf unbefestigten Stra\u00dfen<br \/>\n- Maximaler Fahrkomfort, angenehmer Ger\u00e4uschpegel<br \/>\n- Mehr gefahrene Kilometer und geringerer Kraftstoffverbrauch<\/p>\n<p>Der neue SUV-Reifen Nokian Hakkapeliitta 10 SUV bietet SUV-Fahrern im n\u00f6rdlichen Winter ein sicheres Gef\u00fchl. Der Hakkapeliitta 10 SUV von Nokian Tyres verwendet die Doppelstifttechnologie von Nokian Tyres, bei der die Mittelstifte f\u00fcr eine verbesserte Beschleunigung und Bremsleistung und die Schulterstifte f\u00fcr maximalen Grip in Kurven und bei Spurwechseln sorgen.F\u00fcr erstklassigen Fahrkomfort verf\u00fcgt der Nokian Hakkapeliitta 10 SUV \u00fcber ein neues Traktionsmuster f\u00fcr Stabilit\u00e4t und Schneegrip sowie eine optimale Stollenplatzierung f\u00fcr ein sanftes und angenehmes Ger\u00e4uschumfeld.<\/p>\n<p><strong>Hervorragender Wintergrip durch eine moderne Spikel\u00f6sung<\/strong><\/p>\n<p>Bei schwierigen winterlichen Bedingungen machen schneebedeckte Stra\u00dfen das Spurhalten und Kurvenfahren oft schwierig. Reaktionszeit und Bremsweg sind wichtige Sicherheitsfaktoren. Die Spikel\u00f6sung des Nokian Hakkapeliitta 10 SUV bringt dank des erstklassigen Schneegriffs mehr Reaktionszeit bei winterlichen Bedingungen. Alle Stollen sind mit modernster Stollentechnologie positioniert, und die neuen sternf\u00f6rmigen Stollen sind in den Schulterbereichen um 180 Grad gedreht, um in einem optimalen Winkel auf die Fahrbahnoberfl\u00e4che zu treffen.<\/p>\n<p><strong>Mehr Haltbarkeit und ausgewogener Grip f\u00fcr SUVs<\/strong><\/p>\n<p>Die vereisten, verschneiten und vereisten Stra\u00dfen des Winters stellen hohe Anforderungen an die Winterreifen des SUVs und den Fahrer. Auch SUVs stellen ihre eigenen Anforderungen an Winterreifen in Bezug auf Stabilit\u00e4t und Haltbarkeit. Der neue Nokia Hakkapeliitta 10 SUV erf\u00fcllt diese Anforderungen. Das stark laminierte Profildesign erh\u00f6ht die Fahrstabilit\u00e4t und die Aramid-Seitenwandtechnologie erh\u00f6ht die Best\u00e4ndigkeit des Reifens und hilft, kostspielige und gef\u00e4hrliche Reifensch\u00e4den zu vermeiden.<\/p>\n<p><strong>Verantwortungsvolle Sicherheit<\/strong><\/p>\n<p>Ob an milden Wintertagen oder bei eisigen Temperaturen - die neue Oberfl\u00e4chenmischung des Nokia Hakkapeliitta 10 SUV bleibt flexibel. Ein leicht rollendes Oberfl\u00e4chenmuster und die erfinderische Verwendung von Rohstoffen machen den Nokia Hakkapeliitta 10 SUV zu einer verantwortungsvolleren Wahl f\u00fcr den Autofahrer. Der Nokian Hakkapeliitta 10 SUV hat einen geringen Rollwiderstand, was zu Kraftstoffeinsparungen f\u00fchrt und die Schadstoffemissionen w\u00e4hrend der Fahrt reduziert.<\/p>\n<p><strong>Leiser Spikereifen f\u00fcr SUVs<\/strong><\/p>\n<p>Das weiche und angenehme Klangbild des Nokia Hakkapeliitta 10 SUV erh\u00f6ht den Fahrkomfort: Die Spikes sind optimal positioniert, um st\u00f6rende Schallwellen zu minimieren und zu verhindern, dass Reifenger\u00e4usche den Fahrkomfort beeintr\u00e4chtigen.<\/p>\n<p><strong>Anmerkung.<\/strong><br \/>\nNokia-Reifen kommen direkt vom Lieferanten zu uns, in der Regel am Tag nach der Bestellung.<br \/>\nDer Lagerbestand wird nicht automatisch aktualisiert, so dass wir uns umgehend mit Ihnen in Verbindung setzen, wenn der Reifen aus irgendeinem Grund nicht sofort verf\u00fcgbar ist.<\/p>","protected":false},"featured_media":12575,"comment_status":"open","ping_status":"closed","template":"","meta":[],"product_brand":[],"product_cat":[154,371,128],"product_tag":[301,394,299,300,121,203,321],"class_list":{"0":"post-13090","1":"product","2":"type-product","3":"status-publish","4":"has-post-thumbnail","6":"product_cat-model-y","7":"product_cat-renkaat","8":"product_cat-tesla-tuotteet","9":"product_tag-autonrenkaat","10":"product_tag-nokian-renkaat","11":"product_tag-rengas","12":"product_tag-renkaat","13":"product_tag-tesla","14":"product_tag-tesla-model-y","15":"product_tag-vanteet","16":"product_shipping_class-nouto","18":"first","19":"instock","20":"taxable","21":"shipping-taxable","22":"purchasable","23":"product-type-simple"},"jetpack_sharing_enabled":true,"_links":{"self":[{"href":"https:\/\/www.vempele.fi\/de\/wp-json\/wp\/v2\/product\/13090","targetHints":{"allow":["GET"]}}],"collection":[{"href":"https:\/\/www.vempele.fi\/de\/wp-json\/wp\/v2\/product"}],"about":[{"href":"https:\/\/www.vempele.fi\/de\/wp-json\/wp\/v2\/types\/product"}],"replies":[{"embeddable":true,"href":"https:\/\/www.vempele.fi\/de\/wp-json\/wp\/v2\/comments?post=13090"}],"wp:featuredmedia":[{"embeddable":true,"href":"https:\/\/www.vempele.fi\/de\/wp-json\/wp\/v2\/media\/12575"}],"wp:attachment":[{"href":"https:\/\/www.vempele.fi\/de\/wp-json\/wp\/v2\/media?parent=13090"}],"wp:term":[{"taxonomy":"product_brand","embeddable":true,"href":"https:\/\/www.vempele.fi\/de\/wp-json\/wp\/v2\/product_brand?post=13090"},{"taxonomy":"product_cat","embeddable":true,"href":"https:\/\/www.vempele.fi\/de\/wp-json\/wp\/v2\/product_cat?post=13090"},{"taxonomy":"product_tag","embeddable":true,"href":"https:\/\/www.vempele.fi\/de\/wp-json\/wp\/v2\/product_tag?post=13090"}],"curies":[{"name":"wp","href":"https:\/\/api.w.org\/{rel}","templated":true}]}}