{"id":13091,"date":"2022-09-26T08:02:44","date_gmt":"2022-09-26T05:02:44","guid":{"rendered":"https:\/\/www.vempele.fi\/tuote\/nokiahakkapeliitta-r5-ev-255-45r19-104t-xl-copy\/"},"modified":"2023-08-02T15:48:18","modified_gmt":"2023-08-02T12:48:18","slug":"nokiahakkapeliitta-r5-ev-245-50r19-105r-xl","status":"publish","type":"product","link":"https:\/\/www.vempele.fi\/de\/tuote\/nokiahakkapeliitta-r5-ev-245-50r19-105r-xl\/","title":{"rendered":"Nokian Tyres Hakkapeliitta R5 EV 245\/50R19 105R XL - Modell Y"},"content":{"rendered":"<p>1 St\u00fcck Nokian Tyres Hakkapeliitta R5 EV: 245\/50R19 105R XL.<\/p>\n<ul>\n<li class=\"single-product__section-title\">EU-Reifenkennzeichnung<\/li>\n<li>Typ: Reibring<\/li>\n<li>Zentimeter: 19<\/li>\n<li>Breite: 245<\/li>\n<li>Profil: 50<\/li>\n<li class=\"single-product__section-title\">Geschwindigkeitskategorie: 170km\/h (R)<\/li>\n<li class=\"single-product__section-title\">Tragf\u00e4higkeit: 850kg (105)<\/li>\n<\/ul>","protected":false},"excerpt":{"rendered":"<p class=\"single-product__title\">Nokian Tyres Hakkapeliitta R5 EV: 255\/45R19 104T XL.<\/p>\n<p>Friktionsreifen.<\/p>\n<p class=\"ewa-rteLine\">Der Hakkapeliitta R5 EV ist ein Reibungsreifen f\u00fcr PKWs, Crossover und SUVs. Die Reifen sind gut geeignet f\u00fcr das Tesla Model Y. Der Hakkapeliitta R5 EV sorgt mit seiner umweltfreundlichen Technologie f\u00fcr maximale Sicherheit und Komfort f\u00fcr Elektroautos und Hybride sowie f\u00fcr eine gr\u00f6\u00dfere Reichweite. Einzigartige Arctic Grip Crystals sorgen f\u00fcr die klassenbeste Leistung auf Eis. Der Fahrkomfort wird durch die SilentDrive\u2122-Technologie gew\u00e4hrleistet.<\/p>\n<p class=\"ewa-rteLine\">- Sauberer Winterdienst und ausgewogenes Fahren<br \/>\n- Umweltfreundliche Mobilit\u00e4t und gr\u00f6\u00dfere Reichweite<br \/>\n- Extrem niedriger Ger\u00e4uschpegel dank der SilentDrive\u2122-Technologie<\/p>\n<p><strong>Anmerkung.<\/strong><br \/>\nNokia-Reifen kommen direkt vom Lieferanten zu uns, in der Regel am Tag nach der Bestellung.<br \/>\nDer Lagerbestand wird nicht automatisch aktualisiert, so dass wir uns umgehend mit Ihnen in Verbindung setzen, wenn der Reifen aus irgendeinem Grund nicht sofort verf\u00fcgbar ist.<\/p>","protected":false},"featured_media":12576,"comment_status":"open","ping_status":"closed","template":"","meta":[],"product_brand":[],"product_cat":[154,371,128],"product_tag":[301,394,299,300,121,203,321],"class_list":{"0":"post-13091","1":"product","2":"type-product","3":"status-publish","4":"has-post-thumbnail","6":"product_cat-model-y","7":"product_cat-renkaat","8":"product_cat-tesla-tuotteet","9":"product_tag-autonrenkaat","10":"product_tag-nokian-renkaat","11":"product_tag-rengas","12":"product_tag-renkaat","13":"product_tag-tesla","14":"product_tag-tesla-model-y","15":"product_tag-vanteet","16":"product_shipping_class-nouto","18":"first","19":"instock","20":"taxable","21":"shipping-taxable","22":"purchasable","23":"product-type-simple"},"jetpack_sharing_enabled":true,"_links":{"self":[{"href":"https:\/\/www.vempele.fi\/de\/wp-json\/wp\/v2\/product\/13091","targetHints":{"allow":["GET"]}}],"collection":[{"href":"https:\/\/www.vempele.fi\/de\/wp-json\/wp\/v2\/product"}],"about":[{"href":"https:\/\/www.vempele.fi\/de\/wp-json\/wp\/v2\/types\/product"}],"replies":[{"embeddable":true,"href":"https:\/\/www.vempele.fi\/de\/wp-json\/wp\/v2\/comments?post=13091"}],"wp:featuredmedia":[{"embeddable":true,"href":"https:\/\/www.vempele.fi\/de\/wp-json\/wp\/v2\/media\/12576"}],"wp:attachment":[{"href":"https:\/\/www.vempele.fi\/de\/wp-json\/wp\/v2\/media?parent=13091"}],"wp:term":[{"taxonomy":"product_brand","embeddable":true,"href":"https:\/\/www.vempele.fi\/de\/wp-json\/wp\/v2\/product_brand?post=13091"},{"taxonomy":"product_cat","embeddable":true,"href":"https:\/\/www.vempele.fi\/de\/wp-json\/wp\/v2\/product_cat?post=13091"},{"taxonomy":"product_tag","embeddable":true,"href":"https:\/\/www.vempele.fi\/de\/wp-json\/wp\/v2\/product_tag?post=13091"}],"curies":[{"name":"wp","href":"https:\/\/api.w.org\/{rel}","templated":true}]}}