{"id":13317,"date":"2022-10-07T15:29:50","date_gmt":"2022-10-07T12:29:50","guid":{"rendered":"https:\/\/www.vempele.fi\/?post_type=product&#038;p=13317"},"modified":"2026-04-17T15:21:13","modified_gmt":"2026-04-17T12:21:13","slug":"tesla-model-y-turdichtungen","status":"publish","type":"product","link":"https:\/\/www.vempele.fi\/de\/tuote\/tesla-model-y-ovitiivisteet\/","title":{"rendered":"T\u00fcrdichtungen - Tesla Model Y"},"content":{"rendered":"<p>T\u00fcrdichtungen - Tesla Model Y<\/p>\n<ul>\n<li>\u00a0Kompatibilit\u00e4t:\n<ul>\n<li>Tesla Model Y 2020 - 2024<\/li>\n<li>Tesla Model Y Juniper 2025 -&gt;<\/li>\n<\/ul>\n<\/li>\n<li>Farbe: schwarz<\/li>\n<li>Herstellungsland: China<\/li>\n<\/ul>","protected":false},"excerpt":{"rendered":"<p><strong>Jetzt auch mit T\u00fcrdichtungen vorne und hinten!<\/strong><\/p>\n<p>T\u00fcrdichtungen f\u00fcr Tesla Model Y. Die Dichtungen sorgen f\u00fcr eine gewisse Ger\u00e4uschd\u00e4mpfung, aber ihre Hauptfunktion besteht darin, die T\u00fcren und Schweller von Schmutz zu befreien.<\/p>\n<p>Die Dichtungen sind mit ihren Einbauorten gekennzeichnet.<\/p>\n<p>Mit T\u00fcrdichtungen f\u00fcr jede der vier T\u00fcren sowie f\u00fcr die Vorder- und Hintert\u00fcren!<\/p>\n<p>Das Produkt hat eine Klebefl\u00e4che. Bitte denken Sie daran, die zu verlegende Oberfl\u00e4che vor der Verlegung zu reinigen und zu trocknen. Es ist auch wichtig, die Einbautemperatur zu ber\u00fccksichtigen, um sicherzustellen, dass der Dichtstoff so gut wie m\u00f6glich haftet.<\/p>\n<p>Siehe <a href=\"https:\/\/www.youtube.com\/watch?v=Jvv4K57nh8I\" target=\"_blank\" rel=\"noopener\">Hier<\/a> Video \u00fcber den Einbau von Dichtungen!<\/p>","protected":false},"featured_media":25991,"comment_status":"open","ping_status":"closed","template":"","meta":[],"product_brand":[],"product_cat":[154,455,482,128],"product_tag":[83,271,121,578],"class_list":{"0":"post-13317","1":"product","2":"type-product","3":"status-publish","4":"has-post-thumbnail","6":"product_cat-model-y","7":"product_cat-my-tarvikkeet","8":"product_cat-tarvikkeet-sisapuolelle-model-y","9":"product_cat-tesla-tuotteet","10":"product_tag-autotarvikkeet","11":"product_tag-model-y","12":"product_tag-tesla","13":"product_tag-tiivisteet","15":"first","16":"instock","17":"taxable","18":"shipping-taxable","19":"purchasable","20":"product-type-simple"},"jetpack_sharing_enabled":true,"_links":{"self":[{"href":"https:\/\/www.vempele.fi\/de\/wp-json\/wp\/v2\/product\/13317","targetHints":{"allow":["GET"]}}],"collection":[{"href":"https:\/\/www.vempele.fi\/de\/wp-json\/wp\/v2\/product"}],"about":[{"href":"https:\/\/www.vempele.fi\/de\/wp-json\/wp\/v2\/types\/product"}],"replies":[{"embeddable":true,"href":"https:\/\/www.vempele.fi\/de\/wp-json\/wp\/v2\/comments?post=13317"}],"wp:featuredmedia":[{"embeddable":true,"href":"https:\/\/www.vempele.fi\/de\/wp-json\/wp\/v2\/media\/25991"}],"wp:attachment":[{"href":"https:\/\/www.vempele.fi\/de\/wp-json\/wp\/v2\/media?parent=13317"}],"wp:term":[{"taxonomy":"product_brand","embeddable":true,"href":"https:\/\/www.vempele.fi\/de\/wp-json\/wp\/v2\/product_brand?post=13317"},{"taxonomy":"product_cat","embeddable":true,"href":"https:\/\/www.vempele.fi\/de\/wp-json\/wp\/v2\/product_cat?post=13317"},{"taxonomy":"product_tag","embeddable":true,"href":"https:\/\/www.vempele.fi\/de\/wp-json\/wp\/v2\/product_tag?post=13317"}],"curies":[{"name":"wp","href":"https:\/\/api.w.org\/{rel}","templated":true}]}}