{"id":13855,"date":"2022-10-24T18:15:44","date_gmt":"2022-10-24T15:15:44","guid":{"rendered":"https:\/\/www.vempele.fi\/tuote\/frigus-ev-ice-3-245-45r19-102v-for-tesla-model-s-copy\/"},"modified":"2026-03-21T21:44:43","modified_gmt":"2026-03-21T19:44:43","slug":"frigus-ev-ice-3-255-45r20-105h-fur-tesla-model-x","status":"publish","type":"product","link":"https:\/\/www.vempele.fi\/de\/tuote\/frigus-ev-ice-3-255-45r20-105h-for-tesla-model-x\/","title":{"rendered":"FRIGUS EV ICE 3 255\/45R20 105H f\u00fcr Tesla Model X"},"content":{"rendered":"<p>FRIGUS EV ICE 3 ist eine nordische Reifenserie, die f\u00fcr Elektrofahrzeuge entwickelt wurde. Der Reifen ist ideal f\u00fcr Winterfahrten auf Eis und Schnee. Der Reifen leitet Wasser\/Schlamm gleichm\u00e4\u00dfig ab und verringert so das Risiko, im Schlamm stecken zu bleiben. Die Lauffl\u00e4che des Reifens aus weichem Naturkautschuk ist sehr verschlei\u00dffest und hinterl\u00e4sst weniger Reifenstaub in der Umwelt als viele seiner Konkurrenten. Die Seitenw\u00e4nde des Reifens sind steifer als bei anderen Nordic Friction-Reifen, was das Fahrgef\u00fchl verbessert, insbesondere bei einem leistungsstarken Elektroauto.<\/p>\n<p>&nbsp;<\/p>\n<p>Ein Reifen kann vor mehr als 3, aber weniger als 5 Jahren hergestellt worden sein. Der Reifen wurde jedoch ordnungsgem\u00e4\u00df gelagert und ist so gut wie neu.<\/p>\n<p>&nbsp;<\/p>","protected":false},"excerpt":{"rendered":"<p>Typ 255\/50R20 Winter, Tesla Model X Vorderradreifen im gestaffelten Satz<\/p>\n<ul>\n<li>Breite: 255<\/li>\n<li>Profilverh\u00e4ltnis: 50<\/li>\n<li>Felgendurchmesser: 20<\/li>\n<li>Tragf\u00e4higkeitsindex: 105 (max. 925 kg)<\/li>\n<li>Gewicht: 14,10 kg<\/li>\n<\/ul>\n<p>Preis f\u00fcr einen Reifen.<\/p>","protected":false},"featured_media":8689,"comment_status":"open","ping_status":"closed","template":"","meta":[],"product_brand":[],"product_cat":[153,371,128],"product_tag":[301,83,303,299,300,302,121,203],"class_list":{"0":"post-13855","1":"product","2":"type-product","3":"status-publish","4":"has-post-thumbnail","6":"product_cat-model-x","7":"product_cat-renkaat","8":"product_cat-tesla-tuotteet","9":"product_tag-autonrenkaat","10":"product_tag-autotarvikkeet","11":"product_tag-frigus","12":"product_tag-rengas","13":"product_tag-renkaat","14":"product_tag-talvirenkaat","15":"product_tag-tesla","16":"product_tag-tesla-model-y","17":"product_shipping_class-nouto","19":"first","20":"instock","21":"sale","22":"taxable","23":"shipping-taxable","24":"purchasable","25":"product-type-simple"},"jetpack_sharing_enabled":true,"_links":{"self":[{"href":"https:\/\/www.vempele.fi\/de\/wp-json\/wp\/v2\/product\/13855","targetHints":{"allow":["GET"]}}],"collection":[{"href":"https:\/\/www.vempele.fi\/de\/wp-json\/wp\/v2\/product"}],"about":[{"href":"https:\/\/www.vempele.fi\/de\/wp-json\/wp\/v2\/types\/product"}],"replies":[{"embeddable":true,"href":"https:\/\/www.vempele.fi\/de\/wp-json\/wp\/v2\/comments?post=13855"}],"wp:featuredmedia":[{"embeddable":true,"href":"https:\/\/www.vempele.fi\/de\/wp-json\/wp\/v2\/media\/8689"}],"wp:attachment":[{"href":"https:\/\/www.vempele.fi\/de\/wp-json\/wp\/v2\/media?parent=13855"}],"wp:term":[{"taxonomy":"product_brand","embeddable":true,"href":"https:\/\/www.vempele.fi\/de\/wp-json\/wp\/v2\/product_brand?post=13855"},{"taxonomy":"product_cat","embeddable":true,"href":"https:\/\/www.vempele.fi\/de\/wp-json\/wp\/v2\/product_cat?post=13855"},{"taxonomy":"product_tag","embeddable":true,"href":"https:\/\/www.vempele.fi\/de\/wp-json\/wp\/v2\/product_tag?post=13855"}],"curies":[{"name":"wp","href":"https:\/\/api.w.org\/{rel}","templated":true}]}}