{"id":14219,"date":"2022-11-09T11:24:04","date_gmt":"2022-11-09T09:24:04","guid":{"rendered":"https:\/\/www.vempele.fi\/?post_type=product&#038;p=14219"},"modified":"2026-02-08T20:40:00","modified_gmt":"2026-02-08T18:40:00","slug":"auto-reinigungsset","status":"publish","type":"product","link":"https:\/\/www.vempele.fi\/de\/tuote\/auton-puhdistustarvikesetti\/","title":{"rendered":"Auto-Reinigungsset"},"content":{"rendered":"<p>Das ist ein All-in-One-Reinigungsset f\u00fcr Ihr Auto! Eine gro\u00dfe Auswahl an Reinigungszubeh\u00f6r f\u00fcr verschiedene Teile Ihres Autos. Einfach in der mitgelieferten Tasche zu verstauen, so dass sie bei Nichtgebrauch gesch\u00fctzt sind. Dieses einteilige Set enth\u00e4lt:<\/p>\n<ul>\n<li>Eine robuste Tasche, die alles mitnimmt<\/li>\n<li>Mikrofasertuch ca. 30 x 69 cm<\/li>\n<li>Mikrofasern auf einem Handlauf<\/li>\n<li>Badeb\u00fcrste<\/li>\n<li>Innenreiniger<\/li>\n<li>Kleine B\u00fcrste mit Reiniger auch f\u00fcr Luftventile geeignet<\/li>\n<li>Ladung trocknen<\/li>\n<\/ul>\n<p>Die Aufbewahrungstasche selbst misst etwa 30 x 20 x 10 cm.<\/p>\n<p>Name: Auto-Reinigungsset<\/p>","protected":false},"excerpt":{"rendered":"<p>All-in-One-Autoreinigungsset mit praktischer Aufbewahrungstasche!<\/p>\n<p>Enth\u00e4lt 6 verschiedene Produkte und eine praktische Aufbewahrungstasche.<\/p>","protected":false},"featured_media":14220,"comment_status":"open","ping_status":"closed","template":"","meta":[],"product_brand":[],"product_cat":[272],"product_tag":[279,280,413,290],"class_list":{"0":"post-14219","1":"product","2":"type-product","3":"status-publish","4":"has-post-thumbnail","6":"product_cat-autonhoitotuotteet","7":"product_tag-autonhoito","8":"product_tag-autonpuhdistus","9":"product_tag-mikrokuitu","10":"product_tag-puhdistusharja","12":"first","13":"instock","14":"sale","15":"taxable","16":"shipping-taxable","17":"purchasable","18":"product-type-simple"},"jetpack_sharing_enabled":true,"_links":{"self":[{"href":"https:\/\/www.vempele.fi\/de\/wp-json\/wp\/v2\/product\/14219","targetHints":{"allow":["GET"]}}],"collection":[{"href":"https:\/\/www.vempele.fi\/de\/wp-json\/wp\/v2\/product"}],"about":[{"href":"https:\/\/www.vempele.fi\/de\/wp-json\/wp\/v2\/types\/product"}],"replies":[{"embeddable":true,"href":"https:\/\/www.vempele.fi\/de\/wp-json\/wp\/v2\/comments?post=14219"}],"wp:featuredmedia":[{"embeddable":true,"href":"https:\/\/www.vempele.fi\/de\/wp-json\/wp\/v2\/media\/14220"}],"wp:attachment":[{"href":"https:\/\/www.vempele.fi\/de\/wp-json\/wp\/v2\/media?parent=14219"}],"wp:term":[{"taxonomy":"product_brand","embeddable":true,"href":"https:\/\/www.vempele.fi\/de\/wp-json\/wp\/v2\/product_brand?post=14219"},{"taxonomy":"product_cat","embeddable":true,"href":"https:\/\/www.vempele.fi\/de\/wp-json\/wp\/v2\/product_cat?post=14219"},{"taxonomy":"product_tag","embeddable":true,"href":"https:\/\/www.vempele.fi\/de\/wp-json\/wp\/v2\/product_tag?post=14219"}],"curies":[{"name":"wp","href":"https:\/\/api.w.org\/{rel}","templated":true}]}}