{"id":14375,"date":"2022-11-17T13:21:42","date_gmt":"2022-11-17T11:21:42","guid":{"rendered":"https:\/\/www.vempele.fi\/?post_type=product&#038;p=14375"},"modified":"2026-04-05T23:44:25","modified_gmt":"2026-04-05T20:44:25","slug":"nasenkappe-fur-auto","status":"publish","type":"product","link":"https:\/\/www.vempele.fi\/de\/tuote\/nenaliinakotelo-autoon\/","title":{"rendered":"Taschentuchkoffer f\u00fcr das Auto"},"content":{"rendered":"<p>Eine saubere und einfach zu verwendende Tissue-Box.<\/p>\n<p>Technische Daten:<\/p>\n<ul>\n<li>Farben: schwarz, beige<\/li>\n<li>Eignung: Universalmodell<\/li>\n<li>Material: Kunstleder<\/li>\n<li>Au\u00dfenma\u00dfe: 23 x 12 x 4 cm<\/li>\n<li>Gewicht: etwa 155 g<\/li>\n<\/ul>","protected":false},"excerpt":{"rendered":"<p>Ein ordentlicher und einfach zu benutzender Taschentuchhalter f\u00fcr Ihr Auto. Eine gro\u00dfartige Erg\u00e4nzung f\u00fcr das Auto f\u00fcr Familien mit Kindern und Haustieren, immer zur Hand zu sein, wenn Unf\u00e4lle passieren.<\/p>\n<p>Kann dank der praktischen Montagef\u00fc\u00dfe einfach an der gew\u00fcnschten Stelle angebracht werden, z.B. an der Sonnenblende, dem T\u00fcrkasten, hinter dem Vordersitz, K\u00e4ngurutaschen. Orte, die schnell zur Verf\u00fcgung stehen und wo die Aktion ist.<\/p>\n<p>Erh\u00e4ltlich in zwei Farben, schwarz und beige.<\/p>\n<p>Enth\u00e4lt ein Taschentuch-Set (siehe Abbildung).<\/p>","protected":false},"featured_media":14379,"comment_status":"open","ping_status":"closed","template":"","meta":[],"product_brand":[],"product_cat":[151,152,153,154,452,453,454,455,480,485,487,482,128],"product_tag":[444,443,156,172,173,271,121],"class_list":{"0":"post-14375","1":"product","2":"type-product","3":"status-publish","4":"has-post-thumbnail","6":"product_cat-model-3","7":"product_cat-model-s","8":"product_cat-model-x","9":"product_cat-model-y","10":"product_cat-m3-tarvikkeet","11":"product_cat-ms-tarvikkeet","12":"product_cat-mx-tarvikkeet","13":"product_cat-my-tarvikkeet","14":"product_cat-tarvikkeet-sisapuolelle-model-3","15":"product_cat-tarvikkeet-sisapuolelle-model-s","16":"product_cat-tarvikkeet-sisapuolelle-model-x","17":"product_cat-tarvikkeet-sisapuolelle-model-y","18":"product_cat-tesla-tuotteet","19":"product_tag-liina","20":"product_tag-liinakotelo","21":"product_tag-model-3","22":"product_tag-model-s","23":"product_tag-model-x","24":"product_tag-model-y","25":"product_tag-tesla","27":"first","28":"instock","29":"sale","30":"taxable","31":"shipping-taxable","32":"purchasable","33":"product-type-variable"},"jetpack_sharing_enabled":true,"_links":{"self":[{"href":"https:\/\/www.vempele.fi\/de\/wp-json\/wp\/v2\/product\/14375","targetHints":{"allow":["GET"]}}],"collection":[{"href":"https:\/\/www.vempele.fi\/de\/wp-json\/wp\/v2\/product"}],"about":[{"href":"https:\/\/www.vempele.fi\/de\/wp-json\/wp\/v2\/types\/product"}],"replies":[{"embeddable":true,"href":"https:\/\/www.vempele.fi\/de\/wp-json\/wp\/v2\/comments?post=14375"}],"wp:featuredmedia":[{"embeddable":true,"href":"https:\/\/www.vempele.fi\/de\/wp-json\/wp\/v2\/media\/14379"}],"wp:attachment":[{"href":"https:\/\/www.vempele.fi\/de\/wp-json\/wp\/v2\/media?parent=14375"}],"wp:term":[{"taxonomy":"product_brand","embeddable":true,"href":"https:\/\/www.vempele.fi\/de\/wp-json\/wp\/v2\/product_brand?post=14375"},{"taxonomy":"product_cat","embeddable":true,"href":"https:\/\/www.vempele.fi\/de\/wp-json\/wp\/v2\/product_cat?post=14375"},{"taxonomy":"product_tag","embeddable":true,"href":"https:\/\/www.vempele.fi\/de\/wp-json\/wp\/v2\/product_tag?post=14375"}],"curies":[{"name":"wp","href":"https:\/\/api.w.org\/{rel}","templated":true}]}}