{"id":14406,"date":"2022-11-18T13:26:53","date_gmt":"2022-11-18T11:26:53","guid":{"rendered":"https:\/\/www.vempele.fi\/?post_type=product&#038;p=14406"},"modified":"2025-10-05T17:14:27","modified_gmt":"2025-10-05T14:14:27","slug":"tesla-model-3-y-taschenhaken-fur-sitzlehne","status":"publish","type":"product","link":"https:\/\/www.vempele.fi\/de\/tuote\/tesla-model-3-y-kassikoukku-istuimen-selkapuolelle\/","title":{"rendered":"Taschenhaken f\u00fcr Sitzkopfst\u00fctze - Tesla Model 3 \/ Y"},"content":{"rendered":"<p>Taschenhaken f\u00fcr Sitzkopfst\u00fctze - Tesla Model 3 \/ Y<\/p>\n<ul>\n<li>Material : Kunststoff, schwarz<\/li>\n<li>Angemessenheit:\n<ul>\n<li>Modell Y 2020 - 2024<\/li>\n<li>Modell Y Juniper 2025 -&gt;<\/li>\n<li>Model 3 Pre-Refresh vm. 2019 - 2021<\/li>\n<li>Modell 3 Auffrischung vm. 2021 - 2023<\/li>\n<li>Modell 3 Highland vm. 2023 -&gt;<\/li>\n<\/ul>\n<\/li>\n<li>Gr\u00f6\u00dfe: 170 x 50 x 35 mm (ca.)<\/li>\n<li>Einbauort: Kopfst\u00fctze des Sitzes<\/li>\n<li>Inhalt des Pakets: 2 x Haken<\/li>\n<\/ul>","protected":false},"excerpt":{"rendered":"<p>Tesla Model 3 \/ Y-Taschenhaken f\u00fcr Sitzkopfst\u00fctze.<\/p>\n<p>Dieser praktische Haken wird an der Kopfst\u00fctze des Sitzes befestigt, wobei der Haken nach hinten zeigt. Hier lassen sich Einkaufstaschen, Kleiderb\u00fcgel, Hobbytaschen usw. gut aufh\u00e4ngen. Das Paket enth\u00e4lt zwei Haken, einen f\u00fcr jeden Vordersitz.<br \/>\nDer vom R\u00fccksitz aus sichtbare Teil ist mit einem Aufkleber aus Kohlefaserimitat versehen, der auf Wunsch entfernt werden kann.<\/p>","protected":false},"featured_media":14408,"comment_status":"open","ping_status":"closed","template":"","meta":[],"product_brand":[],"product_cat":[151,154,452,455,480,482,128],"product_tag":[83,243,447,156,271,121],"class_list":{"0":"post-14406","1":"product","2":"type-product","3":"status-publish","4":"has-post-thumbnail","6":"product_cat-model-3","7":"product_cat-model-y","8":"product_cat-m3-tarvikkeet","9":"product_cat-my-tarvikkeet","10":"product_cat-tarvikkeet-sisapuolelle-model-3","11":"product_cat-tarvikkeet-sisapuolelle-model-y","12":"product_cat-tesla-tuotteet","13":"product_tag-autotarvikkeet","14":"product_tag-kauppakassikoukut","15":"product_tag-koukku","16":"product_tag-model-3","17":"product_tag-model-y","18":"product_tag-tesla","20":"first","21":"outofstock","22":"taxable","23":"shipping-taxable","24":"purchasable","25":"product-type-simple"},"jetpack_sharing_enabled":true,"_links":{"self":[{"href":"https:\/\/www.vempele.fi\/de\/wp-json\/wp\/v2\/product\/14406","targetHints":{"allow":["GET"]}}],"collection":[{"href":"https:\/\/www.vempele.fi\/de\/wp-json\/wp\/v2\/product"}],"about":[{"href":"https:\/\/www.vempele.fi\/de\/wp-json\/wp\/v2\/types\/product"}],"replies":[{"embeddable":true,"href":"https:\/\/www.vempele.fi\/de\/wp-json\/wp\/v2\/comments?post=14406"}],"wp:featuredmedia":[{"embeddable":true,"href":"https:\/\/www.vempele.fi\/de\/wp-json\/wp\/v2\/media\/14408"}],"wp:attachment":[{"href":"https:\/\/www.vempele.fi\/de\/wp-json\/wp\/v2\/media?parent=14406"}],"wp:term":[{"taxonomy":"product_brand","embeddable":true,"href":"https:\/\/www.vempele.fi\/de\/wp-json\/wp\/v2\/product_brand?post=14406"},{"taxonomy":"product_cat","embeddable":true,"href":"https:\/\/www.vempele.fi\/de\/wp-json\/wp\/v2\/product_cat?post=14406"},{"taxonomy":"product_tag","embeddable":true,"href":"https:\/\/www.vempele.fi\/de\/wp-json\/wp\/v2\/product_tag?post=14406"}],"curies":[{"name":"wp","href":"https:\/\/api.w.org\/{rel}","templated":true}]}}