{"id":14641,"date":"2022-12-01T13:15:45","date_gmt":"2022-12-01T11:15:45","guid":{"rendered":"https:\/\/www.vempele.fi\/?post_type=product&#038;p=14641"},"modified":"2023-03-30T23:27:19","modified_gmt":"2023-03-30T20:27:19","slug":"tesla-model-3-masstabsgetreues-modell","status":"publish","type":"product","link":"https:\/\/www.vempele.fi\/de\/tuote\/tesla-model-3-pienoismalli\/","title":{"rendered":"Tesla Model 3 - Miniaturmodell"},"content":{"rendered":"<p>Ma\u00dfstabsgetreues Modell des Tesla Model 3.<\/p>\n<p>Merkmale:<\/p>\n<ul>\n<li>Farben: rot, blau, schwarz und wei\u00df.<\/li>\n<li>Lichter und Ger\u00e4usche werden mit 3 x 1,5 V AG13-Batterien betrieben. <strong>HINWEIS! <\/strong>Die Batterien sind nicht im Lieferumfang enthalten.<\/li>\n<li>\u00d6ffnen von Haust\u00fcren<\/li>\n<li>Aufh\u00e4ngung<\/li>\n<li>Abmessungen: L\u00e4nge 15 x Breite 6,4 x H\u00f6he 4,8 cm<\/li>\n<li>Gewicht: 0,240 kg<\/li>\n<li>Name: Tesla Model 3 - Spielzeugauto<\/li>\n<\/ul>","protected":false},"excerpt":{"rendered":"<p>Ma\u00dfstabsgetreues Modell des Tesla Model 3.<\/p>\n<p>Ein ma\u00dfstabsgetreues Modell des echten Tesla Model 3. Wenn man die vorderen T\u00fcren \u00f6ffnet und das Modell zur\u00fcckzieht, wird Tesla-Strom eingesammelt. F\u00fcr den Betrieb der Miniatur sind keine Batterien erforderlich, nur T\u00f6ne. An der Unterseite befindet sich ein Lautsprecher, der mit drei (3x) AG13 1,5V-Batterien betrieben wird. Die Batterien sind nicht enthalten.<\/p>\n<p>Erh\u00e4ltlich in Rot, Wei\u00df, Schwarz oder Blau.<\/p>\n<p>Achtung! Nicht empfohlen f\u00fcr sehr kleine Kinder.<\/p>","protected":false},"featured_media":14683,"comment_status":"open","ping_status":"closed","template":"","meta":[],"product_brand":[],"product_cat":[458,151,128],"product_tag":[267,121],"class_list":{"0":"post-14641","1":"product","2":"type-product","3":"status-publish","4":"has-post-thumbnail","6":"product_cat-lelut-fanituotteet","7":"product_cat-model-3","8":"product_cat-tesla-tuotteet","9":"product_tag-pienoismalli","10":"product_tag-tesla","12":"first","13":"instock","14":"taxable","15":"shipping-taxable","16":"purchasable","17":"product-type-variable"},"jetpack_sharing_enabled":true,"_links":{"self":[{"href":"https:\/\/www.vempele.fi\/de\/wp-json\/wp\/v2\/product\/14641","targetHints":{"allow":["GET"]}}],"collection":[{"href":"https:\/\/www.vempele.fi\/de\/wp-json\/wp\/v2\/product"}],"about":[{"href":"https:\/\/www.vempele.fi\/de\/wp-json\/wp\/v2\/types\/product"}],"replies":[{"embeddable":true,"href":"https:\/\/www.vempele.fi\/de\/wp-json\/wp\/v2\/comments?post=14641"}],"wp:featuredmedia":[{"embeddable":true,"href":"https:\/\/www.vempele.fi\/de\/wp-json\/wp\/v2\/media\/14683"}],"wp:attachment":[{"href":"https:\/\/www.vempele.fi\/de\/wp-json\/wp\/v2\/media?parent=14641"}],"wp:term":[{"taxonomy":"product_brand","embeddable":true,"href":"https:\/\/www.vempele.fi\/de\/wp-json\/wp\/v2\/product_brand?post=14641"},{"taxonomy":"product_cat","embeddable":true,"href":"https:\/\/www.vempele.fi\/de\/wp-json\/wp\/v2\/product_cat?post=14641"},{"taxonomy":"product_tag","embeddable":true,"href":"https:\/\/www.vempele.fi\/de\/wp-json\/wp\/v2\/product_tag?post=14641"}],"curies":[{"name":"wp","href":"https:\/\/api.w.org\/{rel}","templated":true}]}}