{"id":14653,"date":"2025-02-20T13:10:58","date_gmt":"2025-02-20T11:10:58","guid":{"rendered":"https:\/\/www.vempele.fi\/?post_type=product&#038;p=14653"},"modified":"2025-08-13T08:11:08","modified_gmt":"2025-08-13T05:11:08","slug":"luftmatratze-fur-das-auto-tesla","status":"publish","type":"product","link":"https:\/\/www.vempele.fi\/de\/tuote\/ilmataytteinen-makuualusta-autoon-tesla\/","title":{"rendered":"Aufblasbare Schlafunterlage f\u00fcr das Auto"},"content":{"rendered":"<p>Bequeme aufblasbare Schlafunterlage f\u00fcr lange Reisen und Camping.<\/p>\n<p>Das Paket enth\u00e4lt<\/p>\n<ul>\n<li>Luftmatratze<\/li>\n<li>Zwei Kopfkissen<\/li>\n<li>Katze auf Matratze<\/li>\n<li>Sitzgarnitur<\/li>\n<\/ul>\n<p>Wenn ein Loch in der Matratze ist, schneiden Sie ein rundes St\u00fcck des Aufklebers auf die richtige Gr\u00f6\u00dfe zu. Vergewissern Sie sich, dass die zu reparierende Stelle sauber ist, und bringen Sie den Aufkleber an. Warten Sie 20 Minuten, bevor Sie die Matratze wieder auff\u00fcllen.<\/p>\n<p>Das \u00fcberarbeitete Modell ist sowohl f\u00fcr das Model 3 als auch f\u00fcr das Model Y geeignet. Siehe Fotos!<\/p>\n<p><strong>HINWEIS!<br \/>\n<\/strong>Das Produkt wird nicht mit einer Pumpe geliefert. Wir haben separat zu verkaufen <a href=\"https:\/\/www.vempele.fi\/de\/product-2\/batteriebetriebene-camping-pumpe-atom\/\">batteriebetriebene Campingpumpe<\/a> f\u00fcr diese Matratze geeignet.<\/p>","protected":false},"excerpt":{"rendered":"<p>Eine wirklich komfortable, aufblasbare Schlafunterlage f\u00fcr die R\u00fcckbank des Autos. Mit diesem Modell k\u00f6nnen Sie unterwegs bequem schlafen, wann immer Sie wollen.<\/p>\n<p>Hinweis: Kann auch auf andere Fahrzeugmodelle passen, \u00fcberpr\u00fcfen Sie die Kompatibilit\u00e4t.<\/p>\n<p>Dieses neu gestaltete Modell hat auch zwei separate aufblasbare Kissen!<\/p>\n<p>&nbsp;<\/p>\n<p><strong>HINWEIS!<br \/>\n<\/strong>Das Produkt wird nicht mit einer Pumpe geliefert. Wir haben separat zu verkaufen <a href=\"https:\/\/www.vempele.fi\/de\/product-2\/batteriebetriebene-camping-pumpe-atom\/\">batteriebetriebene Campingpumpe<\/a> f\u00fcr diese Matratze geeignet.<\/p>","protected":false},"featured_media":35108,"comment_status":"open","ping_status":"closed","template":"","meta":[],"product_brand":[],"product_cat":[151,154,452,455,480,482,128],"product_tag":[83,309,310,156,271,121],"class_list":{"0":"post-14653","1":"product","2":"type-product","3":"status-publish","4":"has-post-thumbnail","6":"product_cat-model-3","7":"product_cat-model-y","8":"product_cat-m3-tarvikkeet","9":"product_cat-my-tarvikkeet","10":"product_cat-tarvikkeet-sisapuolelle-model-3","11":"product_cat-tarvikkeet-sisapuolelle-model-y","12":"product_cat-tesla-tuotteet","13":"product_tag-autotarvikkeet","14":"product_tag-ilmapatja","15":"product_tag-makuualusta","16":"product_tag-model-3","17":"product_tag-model-y","18":"product_tag-tesla","20":"first","21":"outofstock","22":"taxable","23":"shipping-taxable","24":"purchasable","25":"product-type-simple"},"jetpack_sharing_enabled":true,"_links":{"self":[{"href":"https:\/\/www.vempele.fi\/de\/wp-json\/wp\/v2\/product\/14653","targetHints":{"allow":["GET"]}}],"collection":[{"href":"https:\/\/www.vempele.fi\/de\/wp-json\/wp\/v2\/product"}],"about":[{"href":"https:\/\/www.vempele.fi\/de\/wp-json\/wp\/v2\/types\/product"}],"replies":[{"embeddable":true,"href":"https:\/\/www.vempele.fi\/de\/wp-json\/wp\/v2\/comments?post=14653"}],"wp:featuredmedia":[{"embeddable":true,"href":"https:\/\/www.vempele.fi\/de\/wp-json\/wp\/v2\/media\/35108"}],"wp:attachment":[{"href":"https:\/\/www.vempele.fi\/de\/wp-json\/wp\/v2\/media?parent=14653"}],"wp:term":[{"taxonomy":"product_brand","embeddable":true,"href":"https:\/\/www.vempele.fi\/de\/wp-json\/wp\/v2\/product_brand?post=14653"},{"taxonomy":"product_cat","embeddable":true,"href":"https:\/\/www.vempele.fi\/de\/wp-json\/wp\/v2\/product_cat?post=14653"},{"taxonomy":"product_tag","embeddable":true,"href":"https:\/\/www.vempele.fi\/de\/wp-json\/wp\/v2\/product_tag?post=14653"}],"curies":[{"name":"wp","href":"https:\/\/api.w.org\/{rel}","templated":true}]}}