{"id":14663,"date":"2022-12-02T10:37:20","date_gmt":"2022-12-02T08:37:20","guid":{"rendered":"https:\/\/www.vempele.fi\/?post_type=product&#038;p=14663"},"modified":"2026-04-28T11:35:10","modified_gmt":"2026-04-28T08:35:10","slug":"tesla-stoff-marke","status":"publish","type":"product","link":"https:\/\/www.vempele.fi\/de\/tuote\/tesla-kangasmerkki\/","title":{"rendered":"Tesla Stoff Marke"},"content":{"rendered":"<ul>\n<li>Farbe: schwarz mit wei\u00dfer Stickerei<\/li>\n<li>Abmessungen: (H x L) 9 x 7,5 cm<\/li>\n<li>Gewicht: 5 g<\/li>\n<\/ul>","protected":false},"excerpt":{"rendered":"<p>Schwarzes Tesla-Stoffabzeichen mit wei\u00dfer Stickerei. Die R\u00fcckseite ist mit einer Klebefl\u00e4che versehen, so dass Sie es mit einem B\u00fcgeleisen auf dem Textil Ihrer Wahl befestigen k\u00f6nnen.<\/p>\n<p>Anweisungen f\u00fcr die Befestigung:<\/p>\n<ul>\n<li>Vergewissern Sie sich, dass das Textil b\u00fcgelfest ist.<\/li>\n<li>Verwenden Sie die h\u00f6chstm\u00f6gliche B\u00fcgeltemperatur ohne Dampf<\/li>\n<li>Platzieren Sie den Stoffmarker an der gew\u00fcnschten Stelle auf dem Textil, decken Sie ihn mit Backpapier ab und b\u00fcgeln Sie ihn etwa 20 Sekunden lang fest.<\/li>\n<li>Falls erforderlich, wenden Sie das Textil und b\u00fcgeln Sie die falsche Seite erneut.<\/li>\n<li>Abk\u00fchlen lassen und den Griff testen<\/li>\n<li>F\u00fcr den sichersten Halt n\u00e4hen Sie noch ein paar Stiche an den R\u00e4ndern.<\/li>\n<\/ul>\n<p>Wir empfehlen Maschinenw\u00e4sche bei 30\u00b0C. Wenden Sie das Textil vor dem Waschen. Verwenden Sie keinen W\u00e4schetrockner.<\/p>\n<p>&nbsp;<\/p>\n<p>&nbsp;<\/p>\n<p>&nbsp;<\/p>","protected":false},"featured_media":15065,"comment_status":"open","ping_status":"closed","template":"","meta":[],"product_brand":[],"product_cat":[458,151,152,153,154,457,128],"product_tag":[451,156,172,173,271,121],"class_list":{"0":"post-14663","1":"product","2":"type-product","3":"status-publish","4":"has-post-thumbnail","6":"product_cat-lelut-fanituotteet","7":"product_cat-model-3","8":"product_cat-model-s","9":"product_cat-model-x","10":"product_cat-model-y","11":"product_cat-pukeutuminen","12":"product_cat-tesla-tuotteet","13":"product_tag-kangasmerkki","14":"product_tag-model-3","15":"product_tag-model-s","16":"product_tag-model-x","17":"product_tag-model-y","18":"product_tag-tesla","20":"first","21":"instock","22":"sale","23":"taxable","24":"shipping-taxable","25":"purchasable","26":"product-type-simple"},"jetpack_sharing_enabled":true,"_links":{"self":[{"href":"https:\/\/www.vempele.fi\/de\/wp-json\/wp\/v2\/product\/14663","targetHints":{"allow":["GET"]}}],"collection":[{"href":"https:\/\/www.vempele.fi\/de\/wp-json\/wp\/v2\/product"}],"about":[{"href":"https:\/\/www.vempele.fi\/de\/wp-json\/wp\/v2\/types\/product"}],"replies":[{"embeddable":true,"href":"https:\/\/www.vempele.fi\/de\/wp-json\/wp\/v2\/comments?post=14663"}],"wp:featuredmedia":[{"embeddable":true,"href":"https:\/\/www.vempele.fi\/de\/wp-json\/wp\/v2\/media\/15065"}],"wp:attachment":[{"href":"https:\/\/www.vempele.fi\/de\/wp-json\/wp\/v2\/media?parent=14663"}],"wp:term":[{"taxonomy":"product_brand","embeddable":true,"href":"https:\/\/www.vempele.fi\/de\/wp-json\/wp\/v2\/product_brand?post=14663"},{"taxonomy":"product_cat","embeddable":true,"href":"https:\/\/www.vempele.fi\/de\/wp-json\/wp\/v2\/product_cat?post=14663"},{"taxonomy":"product_tag","embeddable":true,"href":"https:\/\/www.vempele.fi\/de\/wp-json\/wp\/v2\/product_tag?post=14663"}],"curies":[{"name":"wp","href":"https:\/\/api.w.org\/{rel}","templated":true}]}}