{"id":14939,"date":"2022-12-14T12:26:08","date_gmt":"2022-12-14T10:26:08","guid":{"rendered":"https:\/\/www.vempele.fi\/?post_type=product&#038;p=14939"},"modified":"2026-04-15T18:20:55","modified_gmt":"2026-04-15T15:20:55","slug":"modell-y-heckklappe-schwellenschutz-tpe","status":"publish","type":"product","link":"https:\/\/www.vempele.fi\/de\/tuote\/model-y-takaluukun-kynnyksen-suoja-tpe\/","title":{"rendered":"Heckklappenschwellenschutz, TPE - Tesla Model Y"},"content":{"rendered":"<p>Heckklappenschwellenschutz, TPE - Tesla Model Y<\/p>\n<p>Das Design kann je nach verkaufter Charge leicht variieren.<\/p>\n<ul>\n<li>Kompatibilit\u00e4t:\n<ul>\n<li>Modell Y 2020 - 2024<\/li>\n<li>Modell Y 2025 -&gt; (Juniper)<\/li>\n<\/ul>\n<\/li>\n<li>Werkstoff:TPE<\/li>\n<\/ul>","protected":false},"excerpt":{"rendered":"<p>Langlebiger, elastischer und starker TPE-Kunststoffschutz f\u00fcr die Schwelle der Heckklappe.  Sch\u00fctzt den Original-Kunststoff der Schwelle wirksam vor Kratzern und Besch\u00e4digungen.<br \/>\nDas Produkt ist wirklich einfach zu installieren. Eine Seite unter der Dichtung und das Produkt passt perfekt!<\/p>\n<ul>\n<li>Einfach zu installieren<\/li>\n<li>Wasserfeste Oberfl\u00e4che<\/li>\n<li>Zuschnitt auf das Design des Fahrzeugs<\/li>\n<li>Leicht zu reinigen<\/li>\n<\/ul>","protected":false},"featured_media":44779,"comment_status":"open","ping_status":"closed","template":"","meta":[],"product_brand":[],"product_cat":[154,455,482,128],"product_tag":[83,271,411,200,346,121],"class_list":{"0":"post-14939","1":"product","2":"type-product","3":"status-publish","4":"has-post-thumbnail","6":"product_cat-model-y","7":"product_cat-my-tarvikkeet","8":"product_cat-tarvikkeet-sisapuolelle-model-y","9":"product_cat-tesla-tuotteet","10":"product_tag-autotarvikkeet","11":"product_tag-model-y","12":"product_tag-suoja","13":"product_tag-takaluukku","14":"product_tag-takapuskuri","15":"product_tag-tesla","17":"first","18":"instock","19":"taxable","20":"shipping-taxable","21":"purchasable","22":"product-type-variable"},"jetpack_sharing_enabled":true,"_links":{"self":[{"href":"https:\/\/www.vempele.fi\/de\/wp-json\/wp\/v2\/product\/14939","targetHints":{"allow":["GET"]}}],"collection":[{"href":"https:\/\/www.vempele.fi\/de\/wp-json\/wp\/v2\/product"}],"about":[{"href":"https:\/\/www.vempele.fi\/de\/wp-json\/wp\/v2\/types\/product"}],"replies":[{"embeddable":true,"href":"https:\/\/www.vempele.fi\/de\/wp-json\/wp\/v2\/comments?post=14939"}],"wp:featuredmedia":[{"embeddable":true,"href":"https:\/\/www.vempele.fi\/de\/wp-json\/wp\/v2\/media\/44779"}],"wp:attachment":[{"href":"https:\/\/www.vempele.fi\/de\/wp-json\/wp\/v2\/media?parent=14939"}],"wp:term":[{"taxonomy":"product_brand","embeddable":true,"href":"https:\/\/www.vempele.fi\/de\/wp-json\/wp\/v2\/product_brand?post=14939"},{"taxonomy":"product_cat","embeddable":true,"href":"https:\/\/www.vempele.fi\/de\/wp-json\/wp\/v2\/product_cat?post=14939"},{"taxonomy":"product_tag","embeddable":true,"href":"https:\/\/www.vempele.fi\/de\/wp-json\/wp\/v2\/product_tag?post=14939"}],"curies":[{"name":"wp","href":"https:\/\/api.w.org\/{rel}","templated":true}]}}