{"id":14942,"date":"2022-12-14T13:09:25","date_gmt":"2022-12-14T11:09:25","guid":{"rendered":"https:\/\/www.vempele.fi\/?post_type=product&#038;p=14942"},"modified":"2026-04-11T21:27:57","modified_gmt":"2026-04-11T18:27:57","slug":"modell-y-metallische-heckklappe-schwellenschutzvorrichtungen","status":"publish","type":"product","link":"https:\/\/www.vempele.fi\/de\/tuote\/model-y-metalliset-takaluukun-kynnyksen-suojat\/","title":{"rendered":"Heckklappenschwellenschutz, Metall - Tesla Model Y"},"content":{"rendered":"<p>Heckklappenschwellenschutz, Metall - Tesla Model Y<\/p>\n<ul>\n<li>\u00a0Kompatibilit\u00e4t:\n<ul>\n<li>Modell Y 2020 - 2024<\/li>\n<\/ul>\n<\/li>\n<li>Material: rostfreier Stahl<\/li>\n<\/ul>","protected":false},"excerpt":{"rendered":"<p>Modell Y Metallschwellenschutz f\u00fcr die Heckklappe. T\u00fcrschwellenschutz f\u00fcr die Heckklappe aus rostfreiem und robustem Stahl. Erh\u00e4ltlich in zwei verschiedenen Ausf\u00fchrungen. Sch\u00fctzt die Original-Kunststoffschwelle wirksam vor Kratzern und Besch\u00e4digungen.<\/p>\n<ul>\n<li>Einfach zu installieren<\/li>\n<li>Gut zu befestigen<\/li>\n<li>Zuschnitt auf das Design des Fahrzeugs<\/li>\n<li>Leicht zu reinigen<\/li>\n<\/ul>","protected":false},"featured_media":44809,"comment_status":"open","ping_status":"closed","template":"","meta":[],"product_brand":[],"product_cat":[154,455,482,128],"product_tag":[83,271,411,200,346,121],"class_list":{"0":"post-14942","1":"product","2":"type-product","3":"status-publish","4":"has-post-thumbnail","6":"product_cat-model-y","7":"product_cat-my-tarvikkeet","8":"product_cat-tarvikkeet-sisapuolelle-model-y","9":"product_cat-tesla-tuotteet","10":"product_tag-autotarvikkeet","11":"product_tag-model-y","12":"product_tag-suoja","13":"product_tag-takaluukku","14":"product_tag-takapuskuri","15":"product_tag-tesla","17":"first","18":"instock","19":"taxable","20":"shipping-taxable","21":"purchasable","22":"product-type-variable"},"jetpack_sharing_enabled":true,"_links":{"self":[{"href":"https:\/\/www.vempele.fi\/de\/wp-json\/wp\/v2\/product\/14942","targetHints":{"allow":["GET"]}}],"collection":[{"href":"https:\/\/www.vempele.fi\/de\/wp-json\/wp\/v2\/product"}],"about":[{"href":"https:\/\/www.vempele.fi\/de\/wp-json\/wp\/v2\/types\/product"}],"replies":[{"embeddable":true,"href":"https:\/\/www.vempele.fi\/de\/wp-json\/wp\/v2\/comments?post=14942"}],"wp:featuredmedia":[{"embeddable":true,"href":"https:\/\/www.vempele.fi\/de\/wp-json\/wp\/v2\/media\/44809"}],"wp:attachment":[{"href":"https:\/\/www.vempele.fi\/de\/wp-json\/wp\/v2\/media?parent=14942"}],"wp:term":[{"taxonomy":"product_brand","embeddable":true,"href":"https:\/\/www.vempele.fi\/de\/wp-json\/wp\/v2\/product_brand?post=14942"},{"taxonomy":"product_cat","embeddable":true,"href":"https:\/\/www.vempele.fi\/de\/wp-json\/wp\/v2\/product_cat?post=14942"},{"taxonomy":"product_tag","embeddable":true,"href":"https:\/\/www.vempele.fi\/de\/wp-json\/wp\/v2\/product_tag?post=14942"}],"curies":[{"name":"wp","href":"https:\/\/api.w.org\/{rel}","templated":true}]}}