{"id":15044,"date":"2023-04-25T13:55:45","date_gmt":"2023-04-25T10:55:45","guid":{"rendered":"https:\/\/www.vempele.fi\/?post_type=product&#038;p=15044"},"modified":"2026-04-01T07:29:07","modified_gmt":"2026-04-01T04:29:07","slug":"tesla-model-y-stiefelhaken","status":"publish","type":"product","link":"https:\/\/www.vempele.fi\/de\/tuote\/tesla-model-y-takakontin-kauppakassikoukut\/","title":{"rendered":"Haken f\u00fcr Kofferraumtaschen - Tesla Model Y"},"content":{"rendered":"<p>Haken f\u00fcr Kofferraumtaschen - Tesla Model Y<\/p>\n<ul>\n<li>Einbauort : Kofferraum des Fahrzeugs<\/li>\n<li>Angemessenheit:\n<ul>\n<li>Modell Y 2020 - 2024<\/li>\n<\/ul>\n<\/li>\n<li>Material: ABS-Kunststoff<\/li>\n<li>Farbe: Schwarz<\/li>\n<li>Gewicht: ~50g<\/li>\n<li>Inhalt des Pakets: 1 x Kofferraumhaken<\/li>\n<\/ul>","protected":false},"excerpt":{"rendered":"<p>Tesla Model Y - Praktische Einkaufstaschenhaken im Kofferraum. Mit diesen praktischen und platzsparenden Haken bringen Sie Ordnung in Ihre Taschen im Kofferraum. Das Produkt ist einfach im Kofferraum zu installieren, indem Sie einfach die Haken mit der Hand dr\u00fccken, so dass die Clips an den Haken einrasten.<\/p>\n<p>Die Einhakenausf\u00fchrung eignet sich f\u00fcr ein Modell ohne Loch in der Nockenfl\u00e4che.<\/p>\n<p>Verschiedene Modelle sind an unterschiedlichen Stellen der Heckklappe angebracht. Siehe Bilder!<\/p>","protected":false},"featured_media":37214,"comment_status":"open","ping_status":"closed","template":"","meta":[],"product_brand":[],"product_cat":[154,455,482,128],"product_tag":[83,544,545,546,271,121],"class_list":{"0":"post-15044","1":"product","2":"type-product","3":"status-publish","4":"has-post-thumbnail","6":"product_cat-model-y","7":"product_cat-my-tarvikkeet","8":"product_cat-tarvikkeet-sisapuolelle-model-y","9":"product_cat-tesla-tuotteet","10":"product_tag-autotarvikkeet","11":"product_tag-kassikoukku","12":"product_tag-kauppakassi","13":"product_tag-koukut","14":"product_tag-model-y","15":"product_tag-tesla","17":"first","18":"instock","19":"taxable","20":"shipping-taxable","21":"purchasable","22":"product-type-variable"},"jetpack_sharing_enabled":true,"_links":{"self":[{"href":"https:\/\/www.vempele.fi\/de\/wp-json\/wp\/v2\/product\/15044","targetHints":{"allow":["GET"]}}],"collection":[{"href":"https:\/\/www.vempele.fi\/de\/wp-json\/wp\/v2\/product"}],"about":[{"href":"https:\/\/www.vempele.fi\/de\/wp-json\/wp\/v2\/types\/product"}],"replies":[{"embeddable":true,"href":"https:\/\/www.vempele.fi\/de\/wp-json\/wp\/v2\/comments?post=15044"}],"wp:featuredmedia":[{"embeddable":true,"href":"https:\/\/www.vempele.fi\/de\/wp-json\/wp\/v2\/media\/37214"}],"wp:attachment":[{"href":"https:\/\/www.vempele.fi\/de\/wp-json\/wp\/v2\/media?parent=15044"}],"wp:term":[{"taxonomy":"product_brand","embeddable":true,"href":"https:\/\/www.vempele.fi\/de\/wp-json\/wp\/v2\/product_brand?post=15044"},{"taxonomy":"product_cat","embeddable":true,"href":"https:\/\/www.vempele.fi\/de\/wp-json\/wp\/v2\/product_cat?post=15044"},{"taxonomy":"product_tag","embeddable":true,"href":"https:\/\/www.vempele.fi\/de\/wp-json\/wp\/v2\/product_tag?post=15044"}],"curies":[{"name":"wp","href":"https:\/\/api.w.org\/{rel}","templated":true}]}}