{"id":15068,"date":"2023-03-16T10:43:32","date_gmt":"2023-03-16T08:43:32","guid":{"rendered":"https:\/\/www.vempele.fi\/?post_type=product&#038;p=15068"},"modified":"2025-08-21T14:03:26","modified_gmt":"2025-08-21T11:03:26","slug":"tesla-model-y-sonnenschutzvorrichtungen-fur-fenster","status":"publish","type":"product","link":"https:\/\/www.vempele.fi\/de\/tuote\/tesla-model-y-aurinkosuojat-ikkunoihin\/","title":{"rendered":"Sonnenschirme f\u00fcr Fenster - Tesla Model Y"},"content":{"rendered":"<p>Sonnenschirme f\u00fcr Fenster - Tesla Model Y<\/p>\n<ul>\n<li>Material: Nylon<\/li>\n<li>Angemessenheit:\n<ul>\n<li>Modell Y 2020 - 2024<\/li>\n<li>Modell Y Juniper 2025 -&gt;<\/li>\n<\/ul>\n<\/li>\n<li>Farbe: Silber \/ Schwarz<\/li>\n<li>Gewicht: ca. 1,5kg<\/li>\n<li>Inhalt der Packung: 8 Teile und Aufbewahrungsbeutel.<\/li>\n<\/ul>","protected":false},"excerpt":{"rendered":"<p>Tesla Model Y - Sonnenblenden f\u00fcr Fenster.<\/p>\n<p>Diese Sonnenschutzmittel k\u00f6nnen sowohl im Sommer als auch im Winter in Ihrem Auto verwendet werden. Sie bieten auch einen komfortablen Schutz f\u00fcr die Fahrzeuginsassen und verlangsamen auch ein wenig das Entweichen von W\u00e4rme durch die Fenster.<\/p>\n<p>Die Produkte sind leicht und formschl\u00fcssig. Die Innenseite der Sonnenschirme ist schwarz, und die Oberfl\u00e4che zum Fenster hin besteht aus reflektierendem Stoff. Die Sonnenschirme sind ebenfalls sehr leicht und die gr\u00f6\u00dferen lassen sich in der Mitte zusammenfalten, was Platz im Auto spart. Die Produkte werden mit praktischen Aufbewahrungstaschen geliefert.<\/p>\n<p>Die Montage der Sonnenblenden ist einfach, Sie m\u00fcssen sie nur eindr\u00fccken. Die Produkte sind speziell f\u00fcr das Tesla Model Y entwickelt worden.<\/p>","protected":false},"featured_media":17040,"comment_status":"open","ping_status":"closed","template":"","meta":[],"product_brand":[],"product_cat":[154,455,482,128],"product_tag":[558,83,559,271,121],"class_list":{"0":"post-15068","1":"product","2":"type-product","3":"status-publish","4":"has-post-thumbnail","6":"product_cat-model-y","7":"product_cat-my-tarvikkeet","8":"product_cat-tarvikkeet-sisapuolelle-model-y","9":"product_cat-tesla-tuotteet","10":"product_tag-aurinkosuojat","11":"product_tag-autotarvikkeet","12":"product_tag-ikkunasuojat","13":"product_tag-model-y","14":"product_tag-tesla","16":"first","17":"outofstock","18":"taxable","19":"shipping-taxable","20":"purchasable","21":"product-type-simple"},"jetpack_sharing_enabled":true,"_links":{"self":[{"href":"https:\/\/www.vempele.fi\/de\/wp-json\/wp\/v2\/product\/15068","targetHints":{"allow":["GET"]}}],"collection":[{"href":"https:\/\/www.vempele.fi\/de\/wp-json\/wp\/v2\/product"}],"about":[{"href":"https:\/\/www.vempele.fi\/de\/wp-json\/wp\/v2\/types\/product"}],"replies":[{"embeddable":true,"href":"https:\/\/www.vempele.fi\/de\/wp-json\/wp\/v2\/comments?post=15068"}],"wp:featuredmedia":[{"embeddable":true,"href":"https:\/\/www.vempele.fi\/de\/wp-json\/wp\/v2\/media\/17040"}],"wp:attachment":[{"href":"https:\/\/www.vempele.fi\/de\/wp-json\/wp\/v2\/media?parent=15068"}],"wp:term":[{"taxonomy":"product_brand","embeddable":true,"href":"https:\/\/www.vempele.fi\/de\/wp-json\/wp\/v2\/product_brand?post=15068"},{"taxonomy":"product_cat","embeddable":true,"href":"https:\/\/www.vempele.fi\/de\/wp-json\/wp\/v2\/product_cat?post=15068"},{"taxonomy":"product_tag","embeddable":true,"href":"https:\/\/www.vempele.fi\/de\/wp-json\/wp\/v2\/product_tag?post=15068"}],"curies":[{"name":"wp","href":"https:\/\/api.w.org\/{rel}","templated":true}]}}