{"id":15548,"date":"2022-01-18T11:47:31","date_gmt":"2022-01-18T09:47:31","guid":{"rendered":"https:\/\/www.vempele.fi\/?post_type=product&#038;p=15548"},"modified":"2026-01-26T15:27:59","modified_gmt":"2026-01-26T13:27:59","slug":"lieferkosten","status":"publish","type":"product","link":"https:\/\/www.vempele.fi\/de\/tuote\/toimituskulut\/","title":{"rendered":"Zustellungskosten"},"content":{"rendered":"","protected":false},"excerpt":{"rendered":"<p>Sie k\u00f6nnen dieses Produkt zur Zahlung der Versandkosten verwenden, wenn.<\/p>\n<ul>\n<li>Sie haben versehentlich die Abholung in Pirkkala statt der Zustellung gew\u00e4hlt<\/li>\n<li>Sie m\u00f6chten eine neue Lieferung f\u00fcr eine nicht abgeholte Bestellung, die an uns zur\u00fcckgeschickt wurde.<\/li>\n<\/ul>\n<p>Wir w\u00e4hlen die g\u00fcnstigste Versandart f\u00fcr Ihre Bestellung, die in der Regel als Abholpunktpaket (Posti oder DB Schenker) erfolgt.<\/p>\n<p>Wenn Sie die Abholung in eine Lieferung umwandeln m\u00f6chten, geben Sie bitte die Bestellnummer der urspr\u00fcnglichen Bestellung im Feld f\u00fcr zus\u00e4tzliche Informationen w\u00e4hrend des Kaufs an. Auf diese Weise k\u00f6nnen wir die Lieferkosten mit der richtigen Bestellung kombinieren.<\/p>\n<p>&nbsp;<\/p>","protected":false},"featured_media":15549,"comment_status":"closed","ping_status":"closed","template":"","meta":[],"product_brand":[],"product_cat":[15],"product_tag":[467,213,466,212,465],"class_list":{"0":"post-15548","1":"product","2":"type-product","3":"status-publish","4":"has-post-thumbnail","6":"product_cat-kategorisoimaton","7":"product_tag-db-schenker","8":"product_tag-matkahuolto","9":"product_tag-postnord","10":"product_tag-toimitus","11":"product_tag-toimituskulut","12":"product_shipping_class-nouto","14":"first","15":"instock","16":"taxable","17":"shipping-taxable","18":"purchasable","19":"product-type-variable"},"jetpack_sharing_enabled":true,"_links":{"self":[{"href":"https:\/\/www.vempele.fi\/de\/wp-json\/wp\/v2\/product\/15548","targetHints":{"allow":["GET"]}}],"collection":[{"href":"https:\/\/www.vempele.fi\/de\/wp-json\/wp\/v2\/product"}],"about":[{"href":"https:\/\/www.vempele.fi\/de\/wp-json\/wp\/v2\/types\/product"}],"replies":[{"embeddable":true,"href":"https:\/\/www.vempele.fi\/de\/wp-json\/wp\/v2\/comments?post=15548"}],"wp:featuredmedia":[{"embeddable":true,"href":"https:\/\/www.vempele.fi\/de\/wp-json\/wp\/v2\/media\/15549"}],"wp:attachment":[{"href":"https:\/\/www.vempele.fi\/de\/wp-json\/wp\/v2\/media?parent=15548"}],"wp:term":[{"taxonomy":"product_brand","embeddable":true,"href":"https:\/\/www.vempele.fi\/de\/wp-json\/wp\/v2\/product_brand?post=15548"},{"taxonomy":"product_cat","embeddable":true,"href":"https:\/\/www.vempele.fi\/de\/wp-json\/wp\/v2\/product_cat?post=15548"},{"taxonomy":"product_tag","embeddable":true,"href":"https:\/\/www.vempele.fi\/de\/wp-json\/wp\/v2\/product_tag?post=15548"}],"curies":[{"name":"wp","href":"https:\/\/api.w.org\/{rel}","templated":true}]}}