{"id":16049,"date":"2023-02-07T12:55:47","date_gmt":"2023-02-07T10:55:47","guid":{"rendered":"https:\/\/www.vempele.fi\/?post_type=product&#038;p=16049"},"modified":"2026-04-17T10:34:36","modified_gmt":"2026-04-17T07:34:36","slug":"tesla-dekorative-briefmarken-model-3-y","status":"publish","type":"product","link":"https:\/\/www.vempele.fi\/de\/tuote\/tesla-koristemerkit-model-3-y\/","title":{"rendered":"Tesla Ziermarken - Model 3\/Y"},"content":{"rendered":"<p>Tesla Ziermarken - Model 3\/Y<\/p>\n<p>Andere Informationen<\/p>\n<ul>\n<li>Angemessenheit:\n<ul>\n<li>Modell Y 2020 - 2025<\/li>\n<li>Modell 3 -&gt; 2021<\/li>\n<li>Model 3 Auffrischung 2021 - 2023<\/li>\n<\/ul>\n<\/li>\n<li>Farboptionen: Karbonfaser, Schwarz gl\u00e4nzend, Schwarz matt, Rot<\/li>\n<li>Material: Kunststoff<\/li>\n<li>Gewicht: ca. 10 g<\/li>\n<li>Verpackt mit 3 Abzeichen (f\u00fcr den Bug, den Kofferraum und das Lenkrad)<\/li>\n<\/ul>","protected":false},"excerpt":{"rendered":"<p>Tesla Abzeichen - Model 3\/Y. Das Kit enth\u00e4lt drei Briefmarken: f\u00fcr den Kofferraum, die Front und das Lenkrad. Die Abzeichen sind mit doppelseitigem Klebeband an den urspr\u00fcnglichen Abzeichen befestigt, so dass es keine Notwendigkeit, die Originale zu entfernen.<\/p>\n<p>Es wird nicht empfohlen, ein dekoratives Abzeichen am Rad-Airbag anzubringen, um weitere Sch\u00e4den im Falle eines Aufpralls zu vermeiden.<\/p>\n<p>&nbsp;<\/p>","protected":false},"featured_media":16081,"comment_status":"open","ping_status":"closed","template":"","meta":[],"product_brand":[],"product_cat":[151,154,452,455,481,483],"product_tag":[462,463,156,271,121],"class_list":{"0":"post-16049","1":"product","2":"type-product","3":"status-publish","4":"has-post-thumbnail","6":"product_cat-model-3","7":"product_cat-model-y","8":"product_cat-m3-tarvikkeet","9":"product_cat-my-tarvikkeet","10":"product_cat-tarvikkeet-ulkopuolelle-model-3","11":"product_cat-tarvikkeet-ulkopuolelle-model-y","12":"product_tag-3d","13":"product_tag-merkki","14":"product_tag-model-3","15":"product_tag-model-y","16":"product_tag-tesla","18":"first","19":"instock","20":"taxable","21":"shipping-taxable","22":"purchasable","23":"product-type-variable"},"jetpack_sharing_enabled":true,"_links":{"self":[{"href":"https:\/\/www.vempele.fi\/de\/wp-json\/wp\/v2\/product\/16049","targetHints":{"allow":["GET"]}}],"collection":[{"href":"https:\/\/www.vempele.fi\/de\/wp-json\/wp\/v2\/product"}],"about":[{"href":"https:\/\/www.vempele.fi\/de\/wp-json\/wp\/v2\/types\/product"}],"replies":[{"embeddable":true,"href":"https:\/\/www.vempele.fi\/de\/wp-json\/wp\/v2\/comments?post=16049"}],"wp:featuredmedia":[{"embeddable":true,"href":"https:\/\/www.vempele.fi\/de\/wp-json\/wp\/v2\/media\/16081"}],"wp:attachment":[{"href":"https:\/\/www.vempele.fi\/de\/wp-json\/wp\/v2\/media?parent=16049"}],"wp:term":[{"taxonomy":"product_brand","embeddable":true,"href":"https:\/\/www.vempele.fi\/de\/wp-json\/wp\/v2\/product_brand?post=16049"},{"taxonomy":"product_cat","embeddable":true,"href":"https:\/\/www.vempele.fi\/de\/wp-json\/wp\/v2\/product_cat?post=16049"},{"taxonomy":"product_tag","embeddable":true,"href":"https:\/\/www.vempele.fi\/de\/wp-json\/wp\/v2\/product_tag?post=16049"}],"curies":[{"name":"wp","href":"https:\/\/api.w.org\/{rel}","templated":true}]}}