{"id":16403,"date":"2023-02-16T10:01:25","date_gmt":"2023-02-16T08:01:25","guid":{"rendered":"https:\/\/www.vempele.fi\/?post_type=product&#038;p=16403"},"modified":"2026-01-08T23:06:15","modified_gmt":"2026-01-08T21:06:15","slug":"tesla-model-s-kurbelgehause","status":"publish","type":"product","link":"https:\/\/www.vempele.fi\/de\/tuote\/tesla-model-s-kuralapat\/","title":{"rendered":"Abk\u00fcrzungen - Tesla Model S 2023 -&gt;"},"content":{"rendered":"<p>Drosselklappenschutz f\u00fcr Tesla Model S Modelle ab 2023. Das Paket enth\u00e4lt 4 St\u00fcck Wachen (vorne und hinten auf beiden Seiten) und die notwendigen Befestigungsnieten mit Stift und Metall-Clips.<\/p>\n<p><strong>Weitere Informationen<\/strong><\/p>\n<ul>\n<li>Eignung: f\u00fcr Tesla Model S\n<ul>\n<li>2023 Weiter<\/li>\n<\/ul>\n<\/li>\n<li>Material: ABS-Kunststoff<\/li>\n<li>Farbe: schwarz<\/li>\n<li>Im Paket enthalten:\n<ul>\n<li>4 x Drosselklappe, vollst\u00e4ndiger Satz<\/li>\n<li>Fixierungsbedarf<\/li>\n<\/ul>\n<\/li>\n<\/ul>","protected":false},"excerpt":{"rendered":"<p>Cursor-Tasten f\u00fcr Tesla Model S Modelle ab 2022. Das Paket enth\u00e4lt 4 St\u00fcck Drosselklappenstutzen, vorne und hinten.<\/p>\n<p>Sie k\u00f6nnen die vorhandenen Kunststoffeins\u00e4tze f\u00fcr die Innenverkleidung oder die mitgelieferten Befestigungsschrauben verwenden. Dieses Modell muss nicht separat in die Innenverkleidung gebohrt werden, es werden nur die vorhandenen L\u00f6cher verwendet.<\/p>\n<p>Wir empfehlen die Verwendung von PPF-Streifen zum Schutz der Lackoberfl\u00e4che des Fahrzeugs (nicht im Lieferumfang enthalten).<\/p>\n<p><strong>Hinweis! Dieses Produkt ist nicht geeignet f\u00fcr Tesla Model S vor 2023 hergestellt.<\/strong><\/p>","protected":false},"featured_media":16406,"comment_status":"open","ping_status":"closed","template":"","meta":[],"product_brand":[],"product_cat":[152,453,484,128],"product_tag":[83,270,172,121],"class_list":{"0":"post-16403","1":"product","2":"type-product","3":"status-publish","4":"has-post-thumbnail","6":"product_cat-model-s","7":"product_cat-ms-tarvikkeet","8":"product_cat-tarvikkeet-ulkopuolelle-model-s","9":"product_cat-tesla-tuotteet","10":"product_tag-autotarvikkeet","11":"product_tag-kuralapat","12":"product_tag-model-s","13":"product_tag-tesla","15":"first","16":"outofstock","17":"taxable","18":"shipping-taxable","19":"purchasable","20":"product-type-simple"},"jetpack_sharing_enabled":true,"_links":{"self":[{"href":"https:\/\/www.vempele.fi\/de\/wp-json\/wp\/v2\/product\/16403","targetHints":{"allow":["GET"]}}],"collection":[{"href":"https:\/\/www.vempele.fi\/de\/wp-json\/wp\/v2\/product"}],"about":[{"href":"https:\/\/www.vempele.fi\/de\/wp-json\/wp\/v2\/types\/product"}],"replies":[{"embeddable":true,"href":"https:\/\/www.vempele.fi\/de\/wp-json\/wp\/v2\/comments?post=16403"}],"wp:featuredmedia":[{"embeddable":true,"href":"https:\/\/www.vempele.fi\/de\/wp-json\/wp\/v2\/media\/16406"}],"wp:attachment":[{"href":"https:\/\/www.vempele.fi\/de\/wp-json\/wp\/v2\/media?parent=16403"}],"wp:term":[{"taxonomy":"product_brand","embeddable":true,"href":"https:\/\/www.vempele.fi\/de\/wp-json\/wp\/v2\/product_brand?post=16403"},{"taxonomy":"product_cat","embeddable":true,"href":"https:\/\/www.vempele.fi\/de\/wp-json\/wp\/v2\/product_cat?post=16403"},{"taxonomy":"product_tag","embeddable":true,"href":"https:\/\/www.vempele.fi\/de\/wp-json\/wp\/v2\/product_tag?post=16403"}],"curies":[{"name":"wp","href":"https:\/\/api.w.org\/{rel}","templated":true}]}}