{"id":16407,"date":"2023-02-16T12:24:09","date_gmt":"2023-02-16T10:24:09","guid":{"rendered":"https:\/\/www.vempele.fi\/?post_type=product&#038;p=16407"},"modified":"2026-03-11T08:41:39","modified_gmt":"2026-03-11T06:41:39","slug":"tesla-model-x-kuralapat","status":"publish","type":"product","link":"https:\/\/www.vempele.fi\/de\/tuote\/tesla-model-x-kuralapat\/","title":{"rendered":"Abk\u00fcrzungen - Tesla Model X"},"content":{"rendered":"<p>Tesla Model X geformt Kurbeln. Das Paket enth\u00e4lt 4 St\u00fcck Drosselklappenstutzen (f\u00fcr beide Seiten vorne und hinten) und die notwendigen Befestigungsnieten mit Stift und Metallklammern.<\/p>\n<p><strong>Weitere Informationen<\/strong><\/p>\n<ul>\n<li>Eignung: f\u00fcr Tesla Model X\n<ul>\n<li>2015 - 2023<\/li>\n<li>2023 -&gt;<\/li>\n<\/ul>\n<\/li>\n<li>Material: ABS-Kunststoff<\/li>\n<li>Farbe: Schwarz<\/li>\n<li>Im Paket enthalten:\n<ul>\n<li>4 x Kurbeln, vollst\u00e4ndiger Satz<\/li>\n<li>Fixierungsbedarf<\/li>\n<\/ul>\n<\/li>\n<li>Name: Tesla Model X Schmutzf\u00e4nger Spritzschutz<\/li>\n<\/ul>","protected":false},"excerpt":{"rendered":"<p>Das Paket enth\u00e4lt 4 St\u00fcck Drosselklappenstutzen, vorne und hinten, f\u00fcr Tesla Model X entwickelt. Die Schmutzf\u00e4nger wurden entwickelt, um zu verhindern, dass Schlamm, loser Schmutz und Felsen auf die Lackoberfl\u00e4che spritzen.<\/p>\n<p>Sie k\u00f6nnen die vorhandenen Kunststoffeins\u00e4tze f\u00fcr die Innenverkleidung oder die mitgelieferten Befestigungsschrauben verwenden. Dieses Modell muss nicht separat in die Innenverkleidung gebohrt werden, es werden nur die vorhandenen L\u00f6cher verwendet.<\/p>","protected":false},"featured_media":16408,"comment_status":"open","ping_status":"closed","template":"","meta":[],"product_brand":[],"product_cat":[153,454,486,128],"product_tag":[83,270,173,736,121],"class_list":{"0":"post-16407","1":"product","2":"type-product","3":"status-publish","4":"has-post-thumbnail","6":"product_cat-model-x","7":"product_cat-mx-tarvikkeet","8":"product_cat-tarvikkeet-ulkopuolelle-model-x","9":"product_cat-tesla-tuotteet","10":"product_tag-autotarvikkeet","11":"product_tag-kuralapat","12":"product_tag-model-x","13":"product_tag-roiskelappa","14":"product_tag-tesla","16":"first","17":"instock","18":"taxable","19":"shipping-taxable","20":"purchasable","21":"product-type-variable"},"jetpack_sharing_enabled":true,"_links":{"self":[{"href":"https:\/\/www.vempele.fi\/de\/wp-json\/wp\/v2\/product\/16407","targetHints":{"allow":["GET"]}}],"collection":[{"href":"https:\/\/www.vempele.fi\/de\/wp-json\/wp\/v2\/product"}],"about":[{"href":"https:\/\/www.vempele.fi\/de\/wp-json\/wp\/v2\/types\/product"}],"replies":[{"embeddable":true,"href":"https:\/\/www.vempele.fi\/de\/wp-json\/wp\/v2\/comments?post=16407"}],"wp:featuredmedia":[{"embeddable":true,"href":"https:\/\/www.vempele.fi\/de\/wp-json\/wp\/v2\/media\/16408"}],"wp:attachment":[{"href":"https:\/\/www.vempele.fi\/de\/wp-json\/wp\/v2\/media?parent=16407"}],"wp:term":[{"taxonomy":"product_brand","embeddable":true,"href":"https:\/\/www.vempele.fi\/de\/wp-json\/wp\/v2\/product_brand?post=16407"},{"taxonomy":"product_cat","embeddable":true,"href":"https:\/\/www.vempele.fi\/de\/wp-json\/wp\/v2\/product_cat?post=16407"},{"taxonomy":"product_tag","embeddable":true,"href":"https:\/\/www.vempele.fi\/de\/wp-json\/wp\/v2\/product_tag?post=16407"}],"curies":[{"name":"wp","href":"https:\/\/api.w.org\/{rel}","templated":true}]}}