{"id":16593,"date":"2023-02-23T13:04:37","date_gmt":"2023-02-23T11:04:37","guid":{"rendered":"https:\/\/www.vempele.fi\/?post_type=product&#038;p=16593"},"modified":"2026-03-17T12:02:08","modified_gmt":"2026-03-17T10:02:08","slug":"tesla-model-s-zax-v5-satin-schwarz-20x8-5-et40","status":"publish","type":"product","link":"https:\/\/www.vempele.fi\/de\/tuote\/tesla-model-s-zax-v5-satin-black-20x8-5-et40\/","title":{"rendered":"Zax V5 Satin Schwarz 20\u00d78.5 ET40 - Model S (2021 -&gt;)"},"content":{"rendered":"<p>Zax V5 Satin Black Rotary Forged Felge f\u00fcr Tesla Model S 2021 vorw\u00e4rts.<\/p>\n<ul>\n<li>Breite: 8,5\u2033<\/li>\n<li>Felgendurchmesser: 20\u2033.<\/li>\n<li>Durchmesser des Mittellochs: 72,6 mm\n<ul>\n<li>Die Felgen sind nicht gerade fit, aber die Adapterringe sind enthalten<\/li>\n<\/ul>\n<\/li>\n<li>Bolzenverteilung: 5 x 120<\/li>\n<li>Gewicht der Felge: 12,30 kg<\/li>\n<\/ul>\n<p>&nbsp;<\/p>","protected":false},"excerpt":{"rendered":"<p>Zax V5 R\u00e4der sind qualitativ hochwertige R\u00e4der f\u00fcr Tesla geeignet. Die Felgen sind leichter als die Originale von Tesla. Kompatibel mit Tesla Zentrum Naben.<\/p>\n<p>Der Preis gilt f\u00fcr eine Felge.<\/p>\n<p><strong>Sensoren f\u00fcr Felgen? <\/strong><\/p>\n<ul>\n<li><a href=\"https:\/\/www.vempele.fi\/de\/product-2\/reifendrucksensor-autel-tpms-mx-433mhz\/\" target=\"_blank\" rel=\"noopener\">433 MHz TPMS (-&gt;2020) Drucksensoren<\/a><\/li>\n<li><a href=\"https:\/\/www.vempele.fi\/de\/product-2\/reifendrucksensor-tesla-tpms-ble-cub\/\" target=\"_blank\" rel=\"noopener\">BLE TPMS (2021-&gt;) Bluetooth-Sensoren<\/a><\/li>\n<\/ul>","protected":false},"featured_media":13140,"comment_status":"open","ping_status":"closed","template":"","meta":[],"product_brand":[],"product_cat":[152,128,372],"product_tag":[301,83,172,299,300,121,321,320,402],"class_list":{"0":"post-16593","1":"product","2":"type-product","3":"status-publish","4":"has-post-thumbnail","6":"product_cat-model-s","7":"product_cat-tesla-tuotteet","8":"product_cat-vanteet","9":"product_tag-autonrenkaat","10":"product_tag-autotarvikkeet","11":"product_tag-model-s","12":"product_tag-rengas","13":"product_tag-renkaat","14":"product_tag-tesla","15":"product_tag-vanteet","16":"product_tag-zax","17":"product_tag-zax-v5","18":"product_shipping_class-nouto","20":"first","21":"instock","22":"sale","23":"taxable","24":"shipping-taxable","25":"purchasable","26":"product-type-simple"},"jetpack_sharing_enabled":true,"_links":{"self":[{"href":"https:\/\/www.vempele.fi\/de\/wp-json\/wp\/v2\/product\/16593","targetHints":{"allow":["GET"]}}],"collection":[{"href":"https:\/\/www.vempele.fi\/de\/wp-json\/wp\/v2\/product"}],"about":[{"href":"https:\/\/www.vempele.fi\/de\/wp-json\/wp\/v2\/types\/product"}],"replies":[{"embeddable":true,"href":"https:\/\/www.vempele.fi\/de\/wp-json\/wp\/v2\/comments?post=16593"}],"wp:featuredmedia":[{"embeddable":true,"href":"https:\/\/www.vempele.fi\/de\/wp-json\/wp\/v2\/media\/13140"}],"wp:attachment":[{"href":"https:\/\/www.vempele.fi\/de\/wp-json\/wp\/v2\/media?parent=16593"}],"wp:term":[{"taxonomy":"product_brand","embeddable":true,"href":"https:\/\/www.vempele.fi\/de\/wp-json\/wp\/v2\/product_brand?post=16593"},{"taxonomy":"product_cat","embeddable":true,"href":"https:\/\/www.vempele.fi\/de\/wp-json\/wp\/v2\/product_cat?post=16593"},{"taxonomy":"product_tag","embeddable":true,"href":"https:\/\/www.vempele.fi\/de\/wp-json\/wp\/v2\/product_tag?post=16593"}],"curies":[{"name":"wp","href":"https:\/\/api.w.org\/{rel}","templated":true}]}}