{"id":16619,"date":"2023-02-24T10:40:20","date_gmt":"2023-02-24T08:40:20","guid":{"rendered":"https:\/\/www.vempele.fi\/?post_type=product&#038;p=16619"},"modified":"2024-06-12T16:22:53","modified_gmt":"2024-06-12T13:22:53","slug":"modell-x-vorderachse-oberer-stutzarm-rechte-seite","status":"publish","type":"product","link":"https:\/\/www.vempele.fi\/de\/tuote\/model-x-etuakselin-ylatukivarsi-oikea-puoli\/","title":{"rendered":"Model X - Oberer Tragarm der Vorderachse, rechte Seite"},"content":{"rendered":"<p>OE-Nummern, die vom Hersteller bereitgestellt werden:<br \/>\n1027327-00-D<br \/>\n1027327-00-E<\/p>\n<p>Angemessenheit:<br \/>\nModel X - 2016 - 2020<\/p>\n<p>Material: gepresster Stahl<br \/>\nGewicht: ca. 2,9kg<\/p>","protected":false},"excerpt":{"rendered":"<p>Oberer St\u00fctzarm f\u00fcr die Vorderachse, rechte Seite. Passend f\u00fcr Model X.<\/p>\n<p>Nach Angaben des Herstellers handelt es sich um eine verbesserte Version des OE-Tragarms.<\/p>","protected":false},"featured_media":16645,"comment_status":"open","ping_status":"closed","template":"","meta":[],"product_brand":[],"product_cat":[153,474],"product_tag":[173,121,476,319],"class_list":{"0":"post-16619","1":"product","2":"type-product","3":"status-publish","4":"has-post-thumbnail","6":"product_cat-model-x","7":"product_cat-varaosat-model-x","8":"product_tag-model-x","9":"product_tag-tesla","10":"product_tag-tukivarsi","11":"product_tag-varaosat","13":"first","14":"outofstock","15":"taxable","16":"shipping-taxable","17":"purchasable","18":"product-type-simple"},"jetpack_sharing_enabled":true,"_links":{"self":[{"href":"https:\/\/www.vempele.fi\/de\/wp-json\/wp\/v2\/product\/16619","targetHints":{"allow":["GET"]}}],"collection":[{"href":"https:\/\/www.vempele.fi\/de\/wp-json\/wp\/v2\/product"}],"about":[{"href":"https:\/\/www.vempele.fi\/de\/wp-json\/wp\/v2\/types\/product"}],"replies":[{"embeddable":true,"href":"https:\/\/www.vempele.fi\/de\/wp-json\/wp\/v2\/comments?post=16619"}],"wp:featuredmedia":[{"embeddable":true,"href":"https:\/\/www.vempele.fi\/de\/wp-json\/wp\/v2\/media\/16645"}],"wp:attachment":[{"href":"https:\/\/www.vempele.fi\/de\/wp-json\/wp\/v2\/media?parent=16619"}],"wp:term":[{"taxonomy":"product_brand","embeddable":true,"href":"https:\/\/www.vempele.fi\/de\/wp-json\/wp\/v2\/product_brand?post=16619"},{"taxonomy":"product_cat","embeddable":true,"href":"https:\/\/www.vempele.fi\/de\/wp-json\/wp\/v2\/product_cat?post=16619"},{"taxonomy":"product_tag","embeddable":true,"href":"https:\/\/www.vempele.fi\/de\/wp-json\/wp\/v2\/product_tag?post=16619"}],"curies":[{"name":"wp","href":"https:\/\/api.w.org\/{rel}","templated":true}]}}