{"id":17154,"date":"2023-03-21T15:05:21","date_gmt":"2023-03-21T13:05:21","guid":{"rendered":"https:\/\/www.vempele.fi\/?post_type=product&#038;p=17154"},"modified":"2025-08-28T11:47:42","modified_gmt":"2025-08-28T08:47:42","slug":"tesla-model-y-3-radschutzhulle-alcantara","status":"publish","type":"product","link":"https:\/\/www.vempele.fi\/de\/tuote\/tesla-model-y-3-ratin-suojatarra-alcantara\/","title":{"rendered":"Hinterkotfl\u00fcgel Alcantara - Tesla Model Y \/ 3"},"content":{"rendered":"<p>Hinterkotfl\u00fcgel Alcantara - Tesla Model Y \/ 3<\/p>\n<p>Sie erhalten drei unterschiedlich gro\u00dfe Teile, die in die in den Beispielbildern gezeigten Positionen passen. Dieses Produkt passt auf das Lenkrad des Tesla Model 3 \/ Y. Die St\u00fccke sind sicher an Ort und Stelle mit der Klebefl\u00e4che der Schutzaufkleber platziert. Bitte denken Sie daran, die Oberfl\u00e4chen vor der Installation gut zu reinigen und die Installation in einem warmen Raum durchzuf\u00fchren. Dies wird eine maximale Haftung der Klebefl\u00e4che gew\u00e4hrleisten.<\/p>\n<ul>\n<li>\u00a0Angemessenheit:\n<ul>\n<li>Modell Y 2020 - 2024<\/li>\n<li>Model 3 Pre-Refresh vm. 2019 - 2021<\/li>\n<li>Modell 3 Auffrischung vm. 2021 - 2023<\/li>\n<\/ul>\n<\/li>\n<li>Material: Alcantara<\/li>\n<li>Farboptionen: schwarz, orange, rot, blau<\/li>\n<\/ul>","protected":false},"excerpt":{"rendered":"<p>Hinterkotfl\u00fcgel Alcantara - Tesla Model Y \/ 3<\/p>\n<p>Mit dekorativen Teilen auf der Alcantara-Oberfl\u00e4che k\u00f6nnen Sie das Aussehen Ihres Fahrzeugs individuell gestalten. Diese Lenkradzierleisten sehen Sie jedes Mal, wenn Sie in Ihrem Auto sitzen. Alcantara f\u00fchlt sich angenehm an, da es sich um ein Mikrofasergewebe aus Polyester und Polyurethan handelt, das in Haptik und Aussehen stark an Wildleder erinnert.<\/p>","protected":false},"featured_media":17161,"comment_status":"open","ping_status":"closed","template":"","meta":[],"product_brand":[],"product_cat":[151,154,452,455,480,482,128],"product_tag":[520,156,271,415,411,265,121],"class_list":{"0":"post-17154","1":"product","2":"type-product","3":"status-publish","4":"has-post-thumbnail","6":"product_cat-model-3","7":"product_cat-model-y","8":"product_cat-m3-tarvikkeet","9":"product_cat-my-tarvikkeet","10":"product_cat-tarvikkeet-sisapuolelle-model-3","11":"product_cat-tarvikkeet-sisapuolelle-model-y","12":"product_cat-tesla-tuotteet","13":"product_tag-alcantara","14":"product_tag-model-3","15":"product_tag-model-y","16":"product_tag-ratti","17":"product_tag-suoja","18":"product_tag-tarra","19":"product_tag-tesla","21":"first","22":"instock","23":"taxable","24":"shipping-taxable","25":"purchasable","26":"product-type-variable"},"jetpack_sharing_enabled":true,"_links":{"self":[{"href":"https:\/\/www.vempele.fi\/de\/wp-json\/wp\/v2\/product\/17154","targetHints":{"allow":["GET"]}}],"collection":[{"href":"https:\/\/www.vempele.fi\/de\/wp-json\/wp\/v2\/product"}],"about":[{"href":"https:\/\/www.vempele.fi\/de\/wp-json\/wp\/v2\/types\/product"}],"replies":[{"embeddable":true,"href":"https:\/\/www.vempele.fi\/de\/wp-json\/wp\/v2\/comments?post=17154"}],"wp:featuredmedia":[{"embeddable":true,"href":"https:\/\/www.vempele.fi\/de\/wp-json\/wp\/v2\/media\/17161"}],"wp:attachment":[{"href":"https:\/\/www.vempele.fi\/de\/wp-json\/wp\/v2\/media?parent=17154"}],"wp:term":[{"taxonomy":"product_brand","embeddable":true,"href":"https:\/\/www.vempele.fi\/de\/wp-json\/wp\/v2\/product_brand?post=17154"},{"taxonomy":"product_cat","embeddable":true,"href":"https:\/\/www.vempele.fi\/de\/wp-json\/wp\/v2\/product_cat?post=17154"},{"taxonomy":"product_tag","embeddable":true,"href":"https:\/\/www.vempele.fi\/de\/wp-json\/wp\/v2\/product_tag?post=17154"}],"curies":[{"name":"wp","href":"https:\/\/api.w.org\/{rel}","templated":true}]}}