{"id":17264,"date":"2023-03-24T14:59:13","date_gmt":"2023-03-24T12:59:13","guid":{"rendered":"https:\/\/www.vempele.fi\/?post_type=product&#038;p=17264"},"modified":"2026-04-07T12:08:22","modified_gmt":"2026-04-07T09:08:22","slug":"tesla-model-y-kofferraum-zubehorbox","status":"publish","type":"product","link":"https:\/\/www.vempele.fi\/de\/tuote\/tesla-model-y-frunk-tarvikelaatikko\/","title":{"rendered":"Frunks Zubeh\u00f6rbox - Tesla Model Y"},"content":{"rendered":"<p>Frunks Zubeh\u00f6rbox - Tesla Model Y<\/p>\n<ul>\n<li>Material: ABS-Kunststoff<\/li>\n<li>Farbe: Schwarz<\/li>\n<li>Abmessungen: 86 x 39 x 16,5 cm (maximale Abmessungen)<\/li>\n<li>Gewicht: 2,4 kg<\/li>\n<li>Angemessenheit:\n<ul>\n<li>Tesla Model Y 2020 - 2024<\/li>\n<\/ul>\n<\/li>\n<\/ul>","protected":false},"excerpt":{"rendered":"<p>Tesla Model Y - Kofferraum-Zubeh\u00f6rbox im vorderen Staufach. Die Zubeh\u00f6rbox hilft Ihnen, die Gegenst\u00e4nde in Ihrem Kofferraum geordnet zu halten. Sie ist aus superstabilem ABS-Kunststoff gefertigt, der auch bei starker Beanspruchung seine Form beh\u00e4lt. Passt perfekt!<\/p>\n<p>Das Tablett hat sechs F\u00e4cher f\u00fcr Gegenst\u00e4nde unterschiedlicher Gr\u00f6\u00dfe. Dank des tiefen Designs k\u00f6nnen Sie z. B. Fl\u00fcssigkeiten transportieren, ohne sich Sorgen machen zu m\u00fcssen, sie zu versch\u00fctten.<\/p>","protected":false},"featured_media":17447,"comment_status":"open","ping_status":"closed","template":"","meta":[],"product_brand":[],"product_cat":[408,154,455,482,128],"product_tag":[83,503,557,271,121],"class_list":{"0":"post-17264","1":"product","2":"type-product","3":"status-publish","4":"has-post-thumbnail","6":"product_cat-matot-model-y","7":"product_cat-model-y","8":"product_cat-my-tarvikkeet","9":"product_cat-tarvikkeet-sisapuolelle-model-y","10":"product_cat-tesla-tuotteet","11":"product_tag-autotarvikkeet","12":"product_tag-frunk","13":"product_tag-lokero","14":"product_tag-model-y","15":"product_tag-tesla","16":"product_shipping_class-nouto","18":"first","19":"instock","20":"sale","21":"taxable","22":"shipping-taxable","23":"purchasable","24":"product-type-simple"},"jetpack_sharing_enabled":true,"_links":{"self":[{"href":"https:\/\/www.vempele.fi\/de\/wp-json\/wp\/v2\/product\/17264","targetHints":{"allow":["GET"]}}],"collection":[{"href":"https:\/\/www.vempele.fi\/de\/wp-json\/wp\/v2\/product"}],"about":[{"href":"https:\/\/www.vempele.fi\/de\/wp-json\/wp\/v2\/types\/product"}],"replies":[{"embeddable":true,"href":"https:\/\/www.vempele.fi\/de\/wp-json\/wp\/v2\/comments?post=17264"}],"wp:featuredmedia":[{"embeddable":true,"href":"https:\/\/www.vempele.fi\/de\/wp-json\/wp\/v2\/media\/17447"}],"wp:attachment":[{"href":"https:\/\/www.vempele.fi\/de\/wp-json\/wp\/v2\/media?parent=17264"}],"wp:term":[{"taxonomy":"product_brand","embeddable":true,"href":"https:\/\/www.vempele.fi\/de\/wp-json\/wp\/v2\/product_brand?post=17264"},{"taxonomy":"product_cat","embeddable":true,"href":"https:\/\/www.vempele.fi\/de\/wp-json\/wp\/v2\/product_cat?post=17264"},{"taxonomy":"product_tag","embeddable":true,"href":"https:\/\/www.vempele.fi\/de\/wp-json\/wp\/v2\/product_tag?post=17264"}],"curies":[{"name":"wp","href":"https:\/\/api.w.org\/{rel}","templated":true}]}}