{"id":17409,"date":"2023-05-10T14:44:33","date_gmt":"2023-05-10T11:44:33","guid":{"rendered":"https:\/\/www.vempele.fi\/?post_type=product&#038;p=17409"},"modified":"2026-04-07T09:36:12","modified_gmt":"2026-04-07T06:36:12","slug":"haustierabdeckung-fur-kofferraum-tesla-model-y","status":"publish","type":"product","link":"https:\/\/www.vempele.fi\/de\/tuote\/lemmikkisuoja-takakonttiin-tesla-model-y\/","title":{"rendered":"Haustierschutz im Kofferraum - Tesla Model Y"},"content":{"rendered":"<p>Haustierschutz im Kofferraum - Tesla Model Y<\/p>\n<p>Wir empfehlen, das Produkt von Hand zu waschen.<\/p>\n<ul>\n<li>Angemessenheit:\n<ul>\n<li>Modell Y 2020 - 2024<\/li>\n<li>Modell Y Juniper 2025 -&gt;<\/li>\n<\/ul>\n<\/li>\n<li>Farbe: Schwarz<\/li>\n<li>Material: Nylon<\/li>\n<\/ul>","protected":false},"excerpt":{"rendered":"<p>Jetzt k\u00f6nnen Sie Ihren vierbeinigen Freund im Kofferraum mitnehmen, ohne sich Gedanken \u00fcber Schmutz oder Kratzer auf den Oberfl\u00e4chen zu machen.<\/p>\n<p>Die Kofferraumabdeckung f\u00fcr Haustiere ist dank der mitgelieferten Klebestreifen und der einfachen Schlaufen \u00fcber den Kopfst\u00fctzen leicht zu installieren.<\/p>\n<p>Zusammengeklappt nimmt das Produkt nur sehr wenig Platz ein.<\/p>","protected":false},"featured_media":18922,"comment_status":"open","ping_status":"closed","template":"","meta":[],"product_brand":[],"product_cat":[154,455,482,128],"product_tag":[83,306,305,121,203],"class_list":{"0":"post-17409","1":"product","2":"type-product","3":"status-publish","4":"has-post-thumbnail","6":"product_cat-model-y","7":"product_cat-my-tarvikkeet","8":"product_cat-tarvikkeet-sisapuolelle-model-y","9":"product_cat-tesla-tuotteet","10":"product_tag-autotarvikkeet","11":"product_tag-lemmikkisuoja","12":"product_tag-suojavarusteet","13":"product_tag-tesla","14":"product_tag-tesla-model-y","16":"first","17":"instock","18":"taxable","19":"shipping-taxable","20":"purchasable","21":"product-type-simple"},"jetpack_sharing_enabled":true,"_links":{"self":[{"href":"https:\/\/www.vempele.fi\/de\/wp-json\/wp\/v2\/product\/17409","targetHints":{"allow":["GET"]}}],"collection":[{"href":"https:\/\/www.vempele.fi\/de\/wp-json\/wp\/v2\/product"}],"about":[{"href":"https:\/\/www.vempele.fi\/de\/wp-json\/wp\/v2\/types\/product"}],"replies":[{"embeddable":true,"href":"https:\/\/www.vempele.fi\/de\/wp-json\/wp\/v2\/comments?post=17409"}],"wp:featuredmedia":[{"embeddable":true,"href":"https:\/\/www.vempele.fi\/de\/wp-json\/wp\/v2\/media\/18922"}],"wp:attachment":[{"href":"https:\/\/www.vempele.fi\/de\/wp-json\/wp\/v2\/media?parent=17409"}],"wp:term":[{"taxonomy":"product_brand","embeddable":true,"href":"https:\/\/www.vempele.fi\/de\/wp-json\/wp\/v2\/product_brand?post=17409"},{"taxonomy":"product_cat","embeddable":true,"href":"https:\/\/www.vempele.fi\/de\/wp-json\/wp\/v2\/product_cat?post=17409"},{"taxonomy":"product_tag","embeddable":true,"href":"https:\/\/www.vempele.fi\/de\/wp-json\/wp\/v2\/product_tag?post=17409"}],"curies":[{"name":"wp","href":"https:\/\/api.w.org\/{rel}","templated":true}]}}