{"id":17700,"date":"2023-04-03T16:10:14","date_gmt":"2023-04-03T13:10:14","guid":{"rendered":"https:\/\/www.vempele.fi\/?post_type=product&#038;p=17700"},"modified":"2026-04-19T10:05:32","modified_gmt":"2026-04-19T07:05:32","slug":"casino-containment-box-tesla-model-3-y-2021","status":"publish","type":"product","link":"https:\/\/www.vempele.fi\/de\/tuote\/kasinojan-sailytyslaatikko-tesla-model-3-y-2021\/","title":{"rendered":"Ablagefach in der Armlehne - Tesla Model 3 \/ Y"},"content":{"rendered":"<p>Ablagefach in der Armlehne - Tesla Model 3 \/ Y<\/p>\n<p><strong>Technische Daten:<\/strong><\/p>\n<ul>\n<li>Angemessenheit:\n<ul>\n<li>Modell Y 2020 - 2024<\/li>\n<li>Modell 3 Auffrischung vm. 2021 - 2023<\/li>\n<\/ul>\n<\/li>\n<li>Farbe: schwarz<\/li>\n<li>Material: ABS, Nylon<\/li>\n<\/ul>","protected":false},"excerpt":{"rendered":"<p>Ablagebox f\u00fcr die Armlehne des Tesla Model 3\/Y. Der obere Teil des hohen Stauraums kann mit einer praktischen Ablagebox f\u00fcr kleinere F\u00e4cher genutzt werden. Siehe das dritte Bild f\u00fcr den Montageort.<\/p>\n<p>In den verschiedenen F\u00e4chern k\u00f6nnen Sie M\u00fcnzen und andere kleine Gegenst\u00e4nde ordentlich aufbewahren. Die Aufbewahrungsbox aus Kunststoff ist mit einer weichen Oberfl\u00e4che beschichtet, die angenehm in der Hand liegt.<\/p>","protected":false},"featured_media":31453,"comment_status":"open","ping_status":"closed","template":"","meta":[],"product_brand":[],"product_cat":[151,154,452,455,480,482,128],"product_tag":[237,156,271,570,121,238],"class_list":{"0":"post-17700","1":"product","2":"type-product","3":"status-publish","4":"has-post-thumbnail","6":"product_cat-model-3","7":"product_cat-model-y","8":"product_cat-m3-tarvikkeet","9":"product_cat-my-tarvikkeet","10":"product_cat-tarvikkeet-sisapuolelle-model-3","11":"product_cat-tarvikkeet-sisapuolelle-model-y","12":"product_cat-tesla-tuotteet","13":"product_tag-keskikonsoli","14":"product_tag-model-3","15":"product_tag-model-y","16":"product_tag-refresh","17":"product_tag-tesla","18":"product_tag-varastosailio","20":"first","21":"outofstock","22":"taxable","23":"shipping-taxable","24":"purchasable","25":"product-type-simple"},"jetpack_sharing_enabled":true,"_links":{"self":[{"href":"https:\/\/www.vempele.fi\/de\/wp-json\/wp\/v2\/product\/17700","targetHints":{"allow":["GET"]}}],"collection":[{"href":"https:\/\/www.vempele.fi\/de\/wp-json\/wp\/v2\/product"}],"about":[{"href":"https:\/\/www.vempele.fi\/de\/wp-json\/wp\/v2\/types\/product"}],"replies":[{"embeddable":true,"href":"https:\/\/www.vempele.fi\/de\/wp-json\/wp\/v2\/comments?post=17700"}],"wp:featuredmedia":[{"embeddable":true,"href":"https:\/\/www.vempele.fi\/de\/wp-json\/wp\/v2\/media\/31453"}],"wp:attachment":[{"href":"https:\/\/www.vempele.fi\/de\/wp-json\/wp\/v2\/media?parent=17700"}],"wp:term":[{"taxonomy":"product_brand","embeddable":true,"href":"https:\/\/www.vempele.fi\/de\/wp-json\/wp\/v2\/product_brand?post=17700"},{"taxonomy":"product_cat","embeddable":true,"href":"https:\/\/www.vempele.fi\/de\/wp-json\/wp\/v2\/product_cat?post=17700"},{"taxonomy":"product_tag","embeddable":true,"href":"https:\/\/www.vempele.fi\/de\/wp-json\/wp\/v2\/product_tag?post=17700"}],"curies":[{"name":"wp","href":"https:\/\/api.w.org\/{rel}","templated":true}]}}